{"id":3088,"date":"2023-03-23T16:43:13","date_gmt":"2023-03-23T15:43:13","guid":{"rendered":"https:\/\/dev.get-started.online\/agb\/"},"modified":"2024-10-13T12:22:57","modified_gmt":"2024-10-13T10:22:57","slug":"agb","status":"publish","type":"page","link":"https:\/\/get-started.online\/de\/agb\/","title":{"rendered":"AGB"},"content":{"rendered":"<p>[et_pb_section fb_built=&#8220;1&#8243; _builder_version=&#8220;4.21.0&#8243; _module_preset=&#8220;default&#8220; global_colors_info=&#8220;{}&#8220;][et_pb_row _builder_version=&#8220;4.21.0&#8243; _module_preset=&#8220;default&#8220; global_colors_info=&#8220;{}&#8220;][et_pb_column type=&#8220;4_4&#8243; _builder_version=&#8220;4.21.0&#8243; _module_preset=&#8220;default&#8220; global_colors_info=&#8220;{}&#8220;][et_pb_text _builder_version=&#8220;4.27.2&#8243; _module_preset=&#8220;default&#8220; hover_enabled=&#8220;0&#8243; custom_css_free_form=&#8220;selector p {||  padding-bottom:0.8em;||}|| selector h2, || selector h3, || selector h4, || selector h5, || selector h6 {||  margin-top: 0.5em;||}||||selector ol {||\tpadding: 0 0 0.5em 1.8em;||}&#8220; global_colors_info=&#8220;{}&#8220; sticky_enabled=&#8220;0&#8243;]<\/p>\n<h1 style=\"margin-bottom:10px;\">Allgemeine Gesch\u00e4ftsbedingungen<\/h1>\n<h4 style=\"margin-bottom:20px;\">f\u00fcr Bestellungen \u00fcber den Onlineshop get-started.online<\/h4>\n<h3>\u00a7 1 Geltung, Begriffsdefinitionen<\/h3>\n<p>(1) conmerx UG (haftungsbeschr\u00e4nkt), Wallen-Lienen 64, 49545 Tecklenburg, Deutschland (im Folgenden: \u201ewir\u201c oder \u201eget-started.online\u201c) betreibt unter der Webseite https:\/\/dev.get-started.online einen Online-Shop f\u00fcr Waren, Digitale G\u00fcter und Dienstleistungen. Die nachfolgenden allgemeinen Gesch\u00e4ftsbedingungen gelten f\u00fcr alle Leistungen zwischen uns und unseren Kunden (im Folgenden: \u201eKunde\u201c oder \u201eSie\u201c) in ihrer zum Zeitpunkt der Bestellung g\u00fcltigen Fassung, soweit nicht etwas anderes ausdr\u00fccklich vereinbart wurde.<\/p>\n<p>(2) \u201eVerbraucher\u201c im Sinne dieser Gesch\u00e4ftsbedingungen ist jede nat\u00fcrliche Person, die ein Rechtsgesch\u00e4ft zu Zwecken abschlie\u00dft, die \u00fcberwiegend weder ihrer gewerblichen noch ihrer selbst\u00e4ndigen beruflichen T\u00e4tigkeit zugerechnet werden k\u00f6nnen. \u201eUnternehmer\u201c ist eine nat\u00fcrliche oder juristische Person oder eine rechtsf\u00e4hige Personengesellschaft, die bei Abschluss eines Rechtsgesch\u00e4fts in Aus\u00fcbung ihrer gewerblichen oder selbst\u00e4ndigen beruflichen T\u00e4tigkeit handelt, wobei eine rechtsf\u00e4hige Personengesellschaft eine Personengesellschaft ist, die mit der F\u00e4higkeit ausgestattet ist, Rechte zu erwerben und Verbindlichkeiten einzugehen.<\/p>\n<h3>\u00a7 2 Zustandekommen der Vertr\u00e4ge, Speicherung des Vertragstextes<\/h3>\n<p>(1) Die folgenden Regelungen \u00fcber den Vertragsabschluss gelten f\u00fcr Bestellungen \u00fcber unseren Online-Shop unter https:\/\/dev.get-started.online.<\/p>\n<p>(2) Unsere Produktdarstellungen im Internet sind unverbindlich und kein verbindliches Angebot zum Abschluss eines Vertrages.<\/p>\n<p>(3) Bei Eingang einer Bestellung in unserem Online-Shop gelten folgende Regelungen: Der Kunde gibt ein bindendes Vertragsangebot ab, indem er die in unserem Online-Shop vorgesehene Bestellprozedur erfolgreich durchl\u00e4uft. Die Bestellung erfolgt in folgenden Schritten:<\/p>\n<ol>\n<li>Auswahl der gew\u00fcnschten Ware, der digitalen G\u00fcter, der gew\u00e4hlten Dienstleistung(en),<\/li>\n<li>Hinzuf\u00fcgen der Produkte durch Anklicken des entsprechenden Buttons (z.B. \u201eIn den Warenkorb\u201c, \u201eIn die Einkaufstasche\u201c o.\u00e4.),<\/li>\n<li>Pr\u00fcfung der Angaben im Warenkorb,<\/li>\n<li>Aufrufen der Bestell\u00fcbersicht durch Anklicken des entsprechenden Buttons (z.B. \u201eWeiter zur Kasse\u201c, \u201eWeiter zur Zahlung\u201c, \u201eZur Bestell\u00fcbersicht\u201c o.\u00e4.),<\/li>\n<li>Eingabe\/Pr\u00fcfung der Adress- und Kontaktdaten, Auswahl der Zahlungsart, Best\u00e4tigung der AGB und Widerrufsbelehrung,<\/li>\n<li>Sofern die vereinbarte Beschaffenheit der Ware von deren \u00fcblichen Beschaffenheit und Verwendungsvoraussetzungen abweicht, Best\u00e4tigung einer negativen Beschaffenheitsvereinbarung,<\/li>\n<li>Abschluss der Bestellung durch Bet\u00e4tigung des Buttons \u201eJetzt kaufen\u201c. Dies stellt Ihre verbindliche Bestellung dar.<\/li>\n<li>Der Vertrag kommt zustande, indem Ihnen innerhalb von drei Werktagen an die angegebene E-Mail-Adresse eine Bestellbest\u00e4tigung von uns zugeht.<\/li>\n<\/ol>\n<p>(4) Im Falle des Vertragsschlusses kommt der Vertrag mit\u00a0conmerx UG (haftungsbeschr\u00e4nkt), Wallen-Lienen 64, 49545 Tecklenburg, Deutschland zustande.<\/p>\n<p>(5) Vor der Bestellung k\u00f6nnen die Vertragsdaten \u00fcber die Druckfunktion des Browsers ausgedruckt oder elektronisch gesichert werden. Die Abwicklung der Bestellung und \u00dcbermittlung aller im Zusammenhang mit dem Vertragsschluss erforderlichen Informationen, insbesondere der Bestelldaten, der AGB und der Widerrufsbelehrung, erfolgt per E-Mail nach dem Ausl\u00f6sen der Bestellung durch Sie, zum Teil automatisiert. Wir speichern den Vertragstext nach Vertragsschluss nicht.<\/p>\n<p>(6) Eingabefehler k\u00f6nnen mittels der \u00fcblichen Tastatur-, Maus- und Browser-Funktionen (z.B. \u00bbZur\u00fcck-Button\u00ab des Browsers) berichtigt werden. Sie k\u00f6nnen auch dadurch berichtigt werden, dass Sie den Bestellvorgang vorzeitig abbrechen, das Browserfenster schlie\u00dfen und den Vorgang wiederholen.<\/p>\n<p>(7) Die Abwicklung der Bestellung und \u00dcbermittlung aller im Zusammenhang mit dem Vertragsschluss erforderlichen Informationen erfolgt per E-Mail zum Teil automatisiert. Sie haben deshalb sicherzustellen, dass die von Ihnen bei uns hinterlegte E-Mail-Adresse zutreffend ist, der Empfang der E-Mails technisch sichergestellt und insbesondere nicht durch SPAM-Filter verhindert wird.<\/p>\n<h3>\u00a7 3 Gegenstand des Vertrages und wesentliche Merkmale der Produkte<\/h3>\n<p>(1) Bei unserem Online-Shop ist Vertragsgegenstand:<\/p>\n<ol style=\"list-style-type: lower-alpha;\">\n<li>Der Verkauf von Waren. Die konkret angebotenen Waren k\u00f6nnen Sie unseren Artikelseiten entnehmen.<\/li>\n<li>Der Verkauf von digitalen G\u00fctern, z.B. Software oder Mediendownloads. Die konkret angebotenen digitalen G\u00fcter k\u00f6nnen Sie unseren Artikelseiten entnehmen.<\/li>\n<li>Die Erbringung von Dienstleistungen. Die konkret angebotenen Dienstleistungen k\u00f6nnen Sie unseren Artikelseiten entnehmen.<\/li>\n<\/ol>\n<p>(2) Sofern ein Vertrag \u00fcber Waren mit digitalen Elementen oder \u00fcber digitale Produkte (digitale Inhalte und Dienstleistungen) mit einem Verbraucher zustande kommt und die gesetzliche Aktualisierungspflicht nicht vertraglich wirksam ausgeschlossen wird, sind auch die funktionserhaltenden Aktualisierungen und erforderlichen Sicherheitsupdates Vertragsgegenstand.<\/p>\n<p>(3) Die wesentlichen Merkmale der Ware, digitalen G\u00fcter und Dienstleistungen finden sich in der Artikelbeschreibung. Sofern die vereinbarte Beschaffenheit der Ware von deren \u00fcblichen Beschaffenheit und Verwendungsvoraussetzungen abweicht, wird darauf in der Artikelbeschreibung ausdr\u00fccklich hingewiesen (negative Beschaffenheitsvereinbarung). Soweit der Kunde seine ausdr\u00fcckliche Einwilligung in die negative Beschaffenheitsabweichung erteilt hat, definiert diese den Vertragsgegenstand.<\/p>\n<p>(4) F\u00fcr den Verkauf digitaler Produkte gelten die aus der Produktbeschreibung ersichtlichen oder sich sonst aus den Umst\u00e4nden ergebenden Beschr\u00e4nkungen, insbesondere zu Hard- und\/oder Softwareanforderungen an die Zielumgebung. Wenn nicht ausdr\u00fccklich etwas anderes vereinbart ist, ist Vertragsgegenstand nur die\u00a0private und gewerbliche Nutzung der Produkte ohne das Recht zur Weiterver\u00e4u\u00dferung oder Unterlizensierung.<\/p>\n<h3>\u00a7 4 Preise, Versandkosten und Lieferung<\/h3>\n<p>(1) Die in den jeweiligen Angeboten angef\u00fchrten Preise sowie die Versandkosten sind Gesamtpreise und beinhalten alle Preisbestandteile einschlie\u00dflich aller anfallenden Steuern.<\/p>\n<p>(2) Der jeweilige Kaufpreis ist vor der Lieferung des Produktes zu leisten (Vorkasse), es sei denn, wir bieten ausdr\u00fccklich den Kauf auf Rechnung an. Die Ihnen zur Verf\u00fcgung stehenden Zahlungsarten sind unter einer entsprechend bezeichneten Schaltfl\u00e4che im Online-Shop oder im jeweiligen Angebot ausgewiesen. Soweit bei den einzelnen Zahlungsarten nicht anders angegeben, sind die Zahlungsanspr\u00fcche sofort zur Zahlung f\u00e4llig.<\/p>\n<p>(3) Bei einem Kauf auf Rechnung betr\u00e4gt der Mindestbestellwert 100,00 Euro f\u00fcr diese Zahlungsart.<\/p>\n<p>(4) Zus\u00e4tzlich zu den angegebenen Preisen k\u00f6nnen f\u00fcr die Lieferung von Produkten Versandkosten anfallen, sofern der jeweilige Artikel nicht als versandkostenfrei ausgewiesen ist. Die Versandkosten werden Ihnen auf den Angeboten, ggf. im Warenkorbsystem und auf der Bestell\u00fcbersicht nochmals deutlich mitgeteilt.<\/p>\n<p>(5) Alle angebotenen Produkte sind, sofern nicht in der Produktbeschreibung deutlich anders angegeben, sofort versandfertig (Lieferzeit: 1 \u2013 3 Werktage nach dem Eingang der Zahlung bzw. nach dem Eingang der Bestellung bei einem Kauf auf Rechnung).<\/p>\n<p>(6) Es bestehen die folgenden Liefergebietsbeschr\u00e4nkungen: Die Lieferung erfolgt in folgende L\u00e4nder: Belgien, Deutschland, D\u00e4nemark, Estland, Finnland, Frankreich, Irland, Italien, Lettland, Litauen, Luxemburg, Niederlande, Polen, Portugal, Schweden, Slowakei, Slowenien, Spanien, Tschechien, Ungarn, \u00d6sterreich.<\/p>\n<h3>\u00a7 5 Aktualisierungen, Updates, Mitwirkungspflichten des Verbrauchers<\/h3>\n<p>(1) Sofern ein Vertrag \u00fcber Waren mit digitalen Elementen oder \u00fcber digitale Produkte (digitale Inhalte und Dienstleistungen) mit einem Verbraucher zustande kommt und die gesetzliche Aktualisierungspflicht nicht vertraglich wirksam ausgeschlossen ist, werden dem Kunden regelm\u00e4\u00dfig Updates bereitgestellt, die die Funktionsf\u00e4higkeit und die (IT-)Sicherheit der Kaufsache gew\u00e4hrleisten (z.B. Sicherheitsupdates gegen neue Sicherheitsbedrohungen etc.).<\/p>\n<p>(2) Wir sind dazu befugt, zur Bereitstellung der Updates auch einen Dritten einzusetzen (z. B. den Hersteller oder seinen Lieferanten).<\/p>\n<p>(3) Der Zeitraum, in dem Updates bereitgestellt werden, h\u00e4ngt von der Art der jeweiligen Kaufsache ab und wird in der Artikelbeschreibung erl\u00e4utert.<\/p>\n<p>(4) Verbraucher werden \u00fcber die Bereitstellung von Updates sowie \u00fcber die sachgem\u00e4\u00dfe Installation dieser (per E-Mail) informiert.<\/p>\n<p>(5) Der Kunde ist verpflichtet, bereitgestellte Updates sachgem\u00e4\u00df nach der Installationsanleitung zu installieren.<\/p>\n<h3>\u00a7 6 Zur\u00fcckbehaltungsrecht, Eigentumsvorbehalt<\/h3>\n<p>(1) Ein Zur\u00fcckbehaltungsrecht k\u00f6nnen Sie nur aus\u00fcben, soweit es sich um Forderungen aus demselben Vertragsverh\u00e4ltnis handelt.<\/p>\n<p>(2) Die Ware bleibt bis zur vollst\u00e4ndigen Zahlung des Kaufpreises unser Eigentum.<\/p>\n<h3>\u00a7 7 Widerrufsrecht<\/h3>\n<p>Als Verbraucher haben Sie ein Widerrufsrecht. Dieses richtet sich nach unserer <a href=\"https:\/\/dev.get-started.online\/widerruf\/\">Widerrufsbelehrung<\/a>.<\/p>\n<h3>\u00a7 8 Haftung<\/h3>\n<p>(1) Vorbehaltlich der nachfolgenden Ausnahmen ist unsere Haftung f\u00fcr vertragliche Pflichtverletzungen sowie aus unerlaubter Handlung auf Vorsatz oder grobe Fahrl\u00e4ssigkeit beschr\u00e4nkt.<\/p>\n<p>(2) Wir haften bei leichter Fahrl\u00e4ssigkeit im Falle der Verletzung des Lebens, des K\u00f6rpers, der Gesundheit oder bei Verletzung einer vertragswesentlichen Pflicht unbeschr\u00e4nkt. Wenn wir durch leichte Fahrl\u00e4ssigkeit mit der Leistung in Verzug geraten sind, wenn die Leistung unm\u00f6glich geworden ist oder wenn wir eine vertragswesentliche Pflicht verletzt haben, ist die Haftung f\u00fcr darauf zur\u00fcckzuf\u00fchrende Sach- und Verm\u00f6genssch\u00e4den auf den <strong>vertragstypisch vorhersehbaren Schaden<\/strong> begrenzt. Eine vertragswesentliche Pflicht ist eine solche, deren Erf\u00fcllung die ordnungsgem\u00e4\u00dfe Durchf\u00fchrung des Vertrages \u00fcberhaupt erst erm\u00f6glicht, deren Verletzung die Erreichung des Vertragszwecks gef\u00e4hrdet und auf deren Einhaltung Sie regelm\u00e4\u00dfig vertrauen d\u00fcrfen. Dazu geh\u00f6rt insbesondere unsere Pflicht zum T\u00e4tigwerden und der Erf\u00fcllung der vertraglich geschuldeten Leistung, die in \u00a7 3 beschrieben wird.<\/p>\n<p>(3) Unterl\u00e4sst es der Kunde beim Kauf einer Ware mit digitalen Elementen oder beim Kauf digitaler Produkte (digitale Inhalte und Dienstleistungen), eine Aktualisierung, die ihm bereitgestellt und \u00fcber deren Verf\u00fcgbarkeit er informiert worden ist, innerhalb einer angemessenen Frist zu installieren, so haften wir nicht f\u00fcr einen Sachmangel, der allein auf das Fehlen dieser Aktualisierung zur\u00fcckzuf\u00fchren ist.<\/p>\n<h3>\u00a7 9 Vertragssprache<\/h3>\n<p>Als Vertragssprache steht ausschlie\u00dflich Deutsch zur Verf\u00fcgung.<\/p>\n<h3>\u00a7 10\u00a0Gew\u00e4hrleistung<\/h3>\n<p>(1) Die Gew\u00e4hrleistung richtet sich nach den gesetzlichen Bestimmungen.<\/p>\n<p>(2) Gegen\u00fcber Unternehmern betr\u00e4gt die Gew\u00e4hrleistungsfrist auf gelieferte Sachen 12 Monate.<\/p>\n<p>(3) Als Verbraucher werden Sie gebeten, die Sache\/die digitalen G\u00fcter oder die erbrachte Dienstleistung bei Vertragserf\u00fcllung umgehend auf Vollst\u00e4ndigkeit, offensichtliche M\u00e4ngel und Transportsch\u00e4den zu \u00fcberpr\u00fcfen und uns sowie dem Spediteur Beanstandungen schnellstm\u00f6glich mitzuteilen. Kommen Sie dem nicht nach, hat dies nat\u00fcrlich keine Auswirkung auf Ihre gesetzlichen Gew\u00e4hrleistungsanspr\u00fcche.<\/p>\n<h3>\u00a7 11\u00a0Schlussbestimmungen\/Streitbeilegung<\/h3>\n<p>(1) Es gilt deutsches Recht. Bei Verbrauchern gilt diese Rechtswahl nur, soweit hierdurch der durch zwingende Bestimmungen des Rechts des Staates des gew\u00f6hnlichen Aufenthaltes des Verbrauchers gew\u00e4hrte Schutz nicht entzogen wird (G\u00fcnstigkeitsprinzip).<\/p>\n<p>(2) Die Bestimmungen des UN-Kaufrechts finden ausdr\u00fccklich keine Anwendung.<\/p>\n<p>(3) Sofern es sich beim Kunden um einen Kaufmann, eine juristische Person des \u00f6ffentlichen Rechts oder um ein \u00f6ffentlich-rechtliches Sonderverm\u00f6gen handelt, ist Gerichtsstand f\u00fcr alle Streitigkeiten aus Vertragsverh\u00e4ltnissen zwischen dem Kunden und dem Anbieter der Sitz des Anbieters.<\/p>\n<p>(4) \n\nZur Teilnahme an einem Streitbeilegungsverfahren vor einer Verbraucherschlichtungsstelle sind wir nicht verpflichtet und nicht bereit.[\/et_pb_text][et_pb_text _builder_version=&#8220;4.27.2&#8243; _module_preset=&#8220;default&#8220; hover_enabled=&#8220;0&#8243; custom_css_free_form=&#8220;selector p {||  padding-bottom:0.8em;||}|| selector h2, || selector h3, || selector h4, || selector h5, || selector h6 {||  margin-top: 0.5em;||}||||selector ol {||\tpadding: 0 0 0.5em 1.8em;||}&#8220; global_colors_info=&#8220;{}&#8220; sticky_enabled=&#8220;0&#8243;]<\/p>\n<h1 style=\"margin-bottom: 10px;\">Allgemeine Gesch\u00e4ftsbedingungen<\/h1>\n<h4 style=\"margin-bottom: 20px;\">f\u00fcr das get-started.online-Partnerprogramm<\/h4>\n<h3>\u00a7 1 Pr\u00e4ambel<\/h3>\n<p>(1) Die Firma conmerx UG bietet in ihrem Online-Shop auf der Website get-started.online ein Affiliate-Partnerprogramm (im folgenden get-started.online-Partnerprogramm) an. Der Vertragspartner nimmt daran als Programmteilnehmer (im folgenden Affiliate) teil.<br \/>F\u00fcr alle Affiliate-Partnervertr\u00e4ge gelten ausschlie\u00dflich die nachstehenden Vertragsbedingungen.<\/p>\n<p>(2) Abweichende Gesch\u00e4ftsbedingungen der Teilnehmer sind unverbindlich, sofern sie nicht eigens von der conmerx UG schriftlich anerkannt wurden.<\/p>\n<h3>\u00a7 2 Vertragsschluss<\/h3>\n<p>(1) Diese AGB regeln die vertraglichen Rechte und Pflichten zwischen der conmerx UG und den teilnehmenden Affiliates.<\/p>\n<p>(2) Der Vertrag kommt nach Anmeldung des Teilnehmers durch die Annahme der conmerx UG zustande. Entgegenstehende oder abweichende Regelungen dieser Teilnahmebedingungen bed\u00fcrfen der Schriftform. Abweichende Regelungen und\/oder m\u00fcndliche Nebenabreden gelten daher nur, soweit sie von der conmerx UG ausdr\u00fccklich schriftlich best\u00e4tigt wurden.<\/p>\n<p>(3) Vertragspartner vom get-started.online-Partnerprogramm k\u00f6nnen nur voll gesch\u00e4ftsf\u00e4hige nat\u00fcrliche Personen sowie juristische Personen sein.<\/p>\n<p>(4) Die conmerx UG beh\u00e4lt sich das Recht vor, diese Bedingungen jederzeit zu \u00e4ndern. \u00dcber \u00c4nderungen werden die Teilnehmer des Programms rechtzeitig per E-Mail informiert.<\/p>\n<h3>\u00a7 3 Anmeldung und Teilnahmebestimmungen<\/h3>\n<p>(1) F\u00fcr die Teilnahme an dem Partnerprogramm bewirbt sich der Affiliate \u00fcber das Anmeldeformular auf get-started.online.<\/p>\n<p>(2) Die conmerx UG muss der Partnerschaft ausdr\u00fccklich zustimmen, erst danach ist der Affiliate berechtigt, die Angebote von get-started.online zu bewerben und die Provision in Anspruch zu nehmen. Ein Anspruch des Affiliates auf Teilnahme an dem Partnerprogramm besteht nicht.<\/p>\n<p>(3) Angemeldet werden k\u00f6nnen nur Webseiten, die auf den anmeldenden Affiliate registriert sind, ein vollst\u00e4ndiges Impressum gem\u00e4\u00df den jeweils geltenden gesetzlichen Bestimmungen enthalten und deren Inhalte nicht gegen geltendes Recht der Bundesrepublik Deutschland versto\u00dfen.<\/p>\n<p>(4) Der Affiliate bewirbt die Angebote von get-started.online mittels Werbetexten oder\/und durch die Einbindung von Hyperlinks und Werbebanner (klickt ein Besucher des Affiliate-Partners auf das eingebundene Werbemittel, wird er auf den Online-Shop von get-started.online geleitet). Kaufen geworbene Besucher im Shop von get-started.online ein, zahlt die conmerx UG dem Affiliate daf\u00fcr eine erfolgsabh\u00e4ngige Provision. Die H\u00f6he dieser Provision ergibt sich aus der individuellen Absprache zwischen conmerx und dem Affiliate (zur Zeit 20% des Kaufpreises).<\/p>\n<p>(5) Die Teilnahme am Partnerprogramm ist f\u00fcr den Affiliate kostenfrei.<\/p>\n<p>(6) Sobald die conmerx UG der Teilnahme eines Affiliates an dem Partnerprogramm zustimmt, stellt die conmerx UG die entsprechenden Werbelinks dem Affiliate zur Verf\u00fcgung. Die Einbindung der Werbelinks obliegt allein dem Affiliate. Dies gilt auch f\u00fcr die Platzierung und Kennzeichnung, die H\u00e4ufigkeit der Einbindung und \u00e4hnliche Fragen. Die korrekte technische Einbindung zur Sicherstellung einer korrekten Abrechnung liegt in der Verantwortung des Affiliate. F\u00fcr aufgrund inkorrekter Einbindung durch den Affiliate erlittenen Nachteile \u00fcbernimmt die conmerx UG keine Haftung.<br \/>Der Affiliate ist nicht berechtigt, die ihm zur Verf\u00fcgung gestellten Werbelinks (HTML-Codes) oder -Tags in irgendeiner Weise zu ver\u00e4ndern, gleich aus welchem Grunde oder mit welcher Zielsetzung. Dem Affiliate ist es weiterhin nicht gestattet, die Werbemittel in E-Mails zu integrieren, deren Empf\u00e4nger nicht ausdr\u00fccklich dem Erhalt dieser E-Mails zugestimmt haben (Spam).<\/p>\n<p>(7) Der Affiliate verpflichtet sich, seine bei auf get-started.online hinterlegten Kontaktdaten, insbesondere seine E-Mail-Adresse, jederzeit auf dem aktuellen Stand zu halten. Nachteile, die der Affiliate durch versp\u00e4tete Information aufgrund mangelhafter oder nicht aktueller Kontaktdaten erleidet, fallen in seine alleinige Verantwortung.<\/p>\n<h3>\u00a7 4 Auszahlung der Provisionen<\/h3>\n<p>(1) Die Erfassung der Verk\u00e4ufe und Berechnung der Provisionen erfolgt ausschlie\u00dflich \u00fcber das get-started.online-Partnerprogramm. Die Protokolle sind im gesch\u00fctzten Affiliate-Partnerbereich einsehbar.<\/p>\n<p>(2) Ein Anspruch des Affiliate auf Provision besteht nur dann, wenn die conmerx UG die Freigabe der Provision erkl\u00e4rt hat. Die Freigabe der Provision und der damit verbundenen Gutschrift auf das Provisionskonto des Affiliates erfolgt 21 Tage nach erfolgreicher Erf\u00fcllung des Kaufvertrags zwischen dem vermittelten K\u00e4ufer und der conmerx UG.<\/p>\n<p>(3) Die Auszahlung von Provisionen an den Affiliate erfolgt erst, wenn das Provisionskonto des Affiliate ein Guthaben von mindestens 20,- Euro aufweist. Guthaben auf den Provisionskonten bei der conmerx UG werden nicht verzinst.<br \/>Sollte das Guthaben des Affiliate innerhalb von 3 Jahren seit der Teilnahme die Auszahlungsgrenze von 20,- Euro nicht erreichen oder innerhalb von einem Jahr seit der Anmeldung keine Ver\u00e4nderung des Kontostandes auftreten, wird das entsprechende Provisionskonto geschlossen. Ein auf dem Konto des Affiliate evtl. vorhandenes Guthaben von weniger als 20,- Euro wird nicht ausgezahlt.<\/p>\n<p>(4) Die Provisionen des Provisionskontos werden ausgezahlt durch Verrechnung mit Wareneink\u00e4ufen.<\/p>\n<p>(5) K\u00fcndigt die conmerx UG das Partnerprogramm, so wird das Guthaben des Provisionskontos zum 1. des Folgemonats ausgezahlt, unabh\u00e4ngig von der H\u00f6he des Guthabens (Die Auszahlungsgrenze gilt in diesem Fall nicht).<\/p>\n<p>(6) F\u00fcr die Berechnung der Provision werden Ums\u00e4tze ber\u00fccksichtigt, wenn der Verkauf, die Lieferung und die vollst\u00e4ndige Bezahlung der Ware abgeschlossen sind. Die Berechnung bezieht sich auf den Netto-Warenkorbwert, abz\u00fcglich der Versandkosten und ggf. Stornierungen.<\/p>\n<h3>\u00a7 5 Laufzeit und Vertragsende<\/h3>\n<p>(1) Auf der Grundlage dieser Bedingungen zwischen dem Vertragspartner und der conmerx UG geschlossene Vereinbarungen gelten f\u00fcr unbestimmte Zeit.<\/p>\n<p>(2) Der Affiliate ist berechtigt, die Zusammenarbeit mit der conmerx UG jederzeit zu beenden. Beendet der Affiliate die Zusammenarbeit mit der conmerx UG, so wird ein eventuelles Guthaben des Affiliate abgerechnet.<\/p>\n<p>(3) Die K\u00fcndigung der Zusammenarbeit mit der conmerx UG ist f\u00fcr den Affiliate jederzeit per E-Mail an info@conmerx.de m\u00f6glich. Jede K\u00fcndigung ist sofort g\u00fcltig. Ab dem Zeitpunkt der K\u00fcndigung werden keine Werbeerfolge des Affiliates mehr gez\u00e4hlt bzw. zur Berechnung des Anspruchs auf Provisionen herangezogen.<\/p>\n<p>(4) Die conmerx UG ist berechtigt die Zusammenarbeit mit dem Affiliate jederzeit zu beenden. Beendet die conmerx UG die Zusammenarbeit mit dem Affiliate, so wird ein eventuelles Guthaben des Affiliate abgerechnet.<\/p>\n<h3>\u00a7 6 Datenschutz<\/h3>\n<p>Die Daten der Teilnehmer werden von der conmerx UG zur Vertragsabwicklung und zur Kommunikation innerhalb des Partnerprogramms gespeichert. Sie werden nur im Rahmen der Vertragserf\u00fcllung genutzt und weder an Dritte weitergegeben noch zu Werbezwecken genutzt.<\/p>\n<h3>\u00a7 7 \u00c4nderung dieser AGB<\/h3>\n<p>Die conmerx UG ist berechtigt, diese AGB w\u00e4hrend der laufenden Mitgliedschaft zu \u00e4ndern und anzupassen. Die commerx UG wird den Vertragsparteien die ge\u00e4nderten Bedingungen per E-Mail in Textform \u00fcbermitteln und auf die Neuregelungen besonders hinweisen. Zugleich wird die conmerx UG den Vertragsparteien eine angemessene Frist f\u00fcr die Erkl\u00e4rung einr\u00e4umen, ob sie die ge\u00e4nderten AGB f\u00fcr die weitere Inanspruchnahme der Leistungen akzeptieren. Erfolgt innerhalb dieser Frist keine Erkl\u00e4rung, so gelten die ge\u00e4nderten AGB als vereinbart. Die conmerx UG wird die Vertragsparteien bei Fristbeginn ausdr\u00fccklich auf diese Rechtsfolge hinweisen. Widerspricht eine Vertragspartei der \u00c4nderung dieser AGB, so ist conmerx UG berechtigt, den Vertrag zum Zeitpunkt des Inkrafttretens der ge\u00e4nderten AGB fristlos zu k\u00fcndigen.<\/p>\n<h3>\u00a7 8 Schlussbestimmungen<\/h3>\n<p>(1) Erf\u00fcllungsort f\u00fcr alle Verpflichtungen und Gerichtsstand f\u00fcr alle Streitigkeiten aus dem Vertragsverh\u00e4ltnis ist, soweit es sich beim Vertragspartner um einen Kaufmann oder eine juristische Person \u00f6ffentlichen Rechts handelt, ist der Sitz der conmerx UG (Tecklenburg\/Deutschland).<\/p>\n<p>(2) Es gilt ausschlie\u00dflich das Recht der Bundesrepublik Deutschland unter Ausschluss des Internationalen Privatrechts und des UN-Kaufrechts. Hiervon ausgenommen sind Anspr\u00fcche auf dem Gebiet der gewerblichen Schutzrechte und des Urheberrechts.<\/p>\n<p>(3) Die etwaige Unwirksamkeit einer Bestimmung dieser AGB l\u00e4sst die Wirksamkeit der AGB im \u00dcbrigen unber\u00fchrt.<\/p>\n<p>[\/et_pb_text][\/et_pb_column][\/et_pb_row][\/et_pb_section]<\/p>\n","protected":false},"excerpt":{"rendered":"<p>Allgemeine Gesch\u00e4ftsbedingungen f\u00fcr Bestellungen \u00fcber den Onlineshop get-started.online \u00a7 1 Geltung, Begriffsdefinitionen (1) conmerx UG (haftungsbeschr\u00e4nkt), Wallen-Lienen 64, 49545 Tecklenburg, Deutschland (im Folgenden: \u201ewir\u201c oder \u201eget-started.online\u201c) betreibt unter der Webseite https:\/\/dev.get-started.online einen Online-Shop f\u00fcr Waren, Digitale G\u00fcter und Dienstleistungen. Die nachfolgenden allgemeinen Gesch\u00e4ftsbedingungen gelten f\u00fcr alle Leistungen zwischen uns und unseren Kunden (im Folgenden: \u201eKunde\u201c [&hellip;]<\/p>\n","protected":false},"author":1,"featured_media":0,"parent":0,"menu_order":0,"comment_status":"closed","ping_status":"closed","template":"","meta":{"_et_pb_use_builder":"on","_et_pb_old_content":"","_et_gb_content_width":"","footnotes":""},"class_list":["post-3088","page","type-page","status-publish","hentry"],"_links":{"self":[{"href":"https:\/\/get-started.online\/de\/wp-json\/wp\/v2\/pages\/3088","targetHints":{"allow":["GET"]}}],"collection":[{"href":"https:\/\/get-started.online\/de\/wp-json\/wp\/v2\/pages"}],"about":[{"href":"https:\/\/get-started.online\/de\/wp-json\/wp\/v2\/types\/page"}],"author":[{"embeddable":true,"href":"https:\/\/get-started.online\/de\/wp-json\/wp\/v2\/users\/1"}],"replies":[{"embeddable":true,"href":"https:\/\/get-started.online\/de\/wp-json\/wp\/v2\/comments?post=3088"}],"version-history":[{"count":0,"href":"https:\/\/get-started.online\/de\/wp-json\/wp\/v2\/pages\/3088\/revisions"}],"wp:attachment":[{"href":"https:\/\/get-started.online\/de\/wp-json\/wp\/v2\/media?parent=3088"}],"curies":[{"name":"wp","href":"https:\/\/api.w.org\/{rel}","templated":true}]}}