{"id":3089,"date":"2023-03-23T16:43:13","date_gmt":"2023-03-23T15:43:13","guid":{"rendered":"https:\/\/dev.get-started.online\/widerrufsbelehrung\/"},"modified":"2024-10-12T15:57:20","modified_gmt":"2024-10-12T13:57:20","slug":"widerruf","status":"publish","type":"page","link":"https:\/\/get-started.online\/de\/widerruf\/","title":{"rendered":"Widerruf"},"content":{"rendered":"<p>[et_pb_section fb_built=&#8220;1&#8243; _builder_version=&#8220;4.21.0&#8243; _module_preset=&#8220;default&#8220; global_colors_info=&#8220;{}&#8220;][et_pb_row _builder_version=&#8220;4.21.0&#8243; _module_preset=&#8220;default&#8220; global_colors_info=&#8220;{}&#8220;][et_pb_column type=&#8220;4_4&#8243; _builder_version=&#8220;4.21.0&#8243; _module_preset=&#8220;default&#8220; global_colors_info=&#8220;{}&#8220;][et_pb_text _builder_version=&#8220;4.27.2&#8243; _module_preset=&#8220;default&#8220; hover_enabled=&#8220;0&#8243; custom_css_free_form=&#8220;selector p {||  padding-bottom:0.8em;||}|| selector h2, || selector h3, || selector h4, || selector h5, || selector h6 {||  margin-top: 0.5em;||}||||selector hr {||\tborder: none;||\theight: 1px;||\tcolor: #333;||\tbackground-color: #333;||\tmargin-bottom: 20px;||}||&#8220; global_colors_info=&#8220;{}&#8220; sticky_enabled=&#8220;0&#8243;]<\/p>\n<h3>Widerrufsrecht f\u00fcr Verbraucher<\/h3>\n<p>(Verbraucher ist jede nat\u00fcrliche Person, die ein Rechtsgesch\u00e4ft zu Zwecken abschlie\u00dft, die \u00fcberwiegend weder ihrer gewerblichen noch ihrer selbstst\u00e4ndigen beruflichen T\u00e4tigkeit zugerechnet werden kann.)<\/p>\n<h1>Widerruf<\/h1>\n<h2>Widerrufsbelehrung f\u00fcr den Verkauf von digitalen Inhalten<\/h2>\n<h3>Widerrufsrecht<\/h3>\n<p>Sie haben das Recht, binnen vierzehn Tagen ohne Angabe von Gru\u0308nden diesen Vertrag zu widerrufen. Die Widerrufsfrist betra\u0308gt vierzehn Tage ab dem Tag des Vertragsabschlusses.<\/p>\n<p>Um Ihr Widerrufsrecht auszuu\u0308ben, mu\u0308ssen Sie uns (conmerx UG (haftungsbeschr\u00e4nkt), Wallen-Lienen 64, 49545 Tecklenburg, Deutschland, Telefonnummer: +49 2543 39897-13, E-Mail-Adresse: info@conmerx.de) mittels einer eindeutigen Erkla\u0308rung (z.B. ein mit der Post versandter Brief oder eine E-Mail) u\u0308ber Ihren Entschluss, diesen Vertrag zu widerrufen, informieren. Sie ko\u0308nnen dafu\u0308r das beigefu\u0308gte Muster-Widerrufsformular verwenden, das jedoch nicht vorgeschrieben ist.<\/p>\n<p>Zur Wahrung der Widerrufsfrist reicht es aus, dass Sie die Mitteilung u\u0308ber die Ausu\u0308bung des Widerrufsrechts vor Ablauf der Widerrufsfrist absenden.<\/p>\n<h3>Folgen des Widerrufs<\/h3>\n<p>Wenn Sie diesen Vertrag widerrufen, haben wir Ihnen alle Zahlungen, die wir von Ihnen erhalten haben, einschlie\u00dflich der Lieferkosten (mit Ausnahme der zusa\u0308tzlichen Kosten, die sich daraus ergeben, dass Sie eine andere Art der Lieferung als die von uns angebotene, gu\u0308nstigste Standardlieferung gewa\u0308hlt haben), unverzu\u0308glich und spa\u0308testens binnen vierzehn Tagen ab dem Tag zuru\u0308ckzuzahlen, an dem die Mitteilung u\u0308ber Ihren Widerruf dieses Vertrags bei uns eingegangen ist. Fu\u0308r diese Ru\u0308ckzahlung verwenden wir dasselbe Zahlungsmittel, das Sie bei der urspru\u0308nglichen Transaktion eingesetzt haben, es sei denn, mit Ihnen wurde ausdru\u0308cklich etwas anderes vereinbart; in keinem Fall werden Ihnen wegen dieser Ru\u0308ckzahlung Entgelte berechnet.<\/p>\n<h3>Erlo\u0308schensgru\u0308nde<\/h3>\n<p>Das Widerrufsrecht erlischt bei einem Vertrag u\u0308ber die Bereitstellung von nicht auf einem ko\u0308rperlichen Datentra\u0308ger befindlichen digitalen Inhalten, der den Verbraucher zur Zahlung eines Preises verpflichtet, wenn der Verbraucher:<\/p>\n<ol>\n<li>ausdru\u0308cklich zugestimmt hat, dass der Unternehmer mit der Vertragserfu\u0308llung vor Ablauf der Widerrufsfrist beginnt und<\/li>\n<li>seine Kenntnis davon besta\u0308tigt hat, dass durch seine Zustimmung mit Beginn der Vertragserfu\u0308llung sein Widerrufsrecht erlischt und<\/li>\n<li>der Unternehmer dem Verbraucher eine Besta\u0308tigung des Vertrags, innerhalb einer angemessenen Frist nach Vertragsschluss, spa\u0308testens jedoch bei Bereitstellung der nicht auf einem ko\u0308rperlichen Datentra\u0308ger befindlichen digitalen Inhalte, auf einem dauerhaften Datentra\u0308ger zur Verfu\u0308gung gestellt hat:\n<ul style=\"padding-top:10px;padding-bottom:0;\">\n<li>in der der Vertragsinhalt wiedergegeben ist und<\/li>\n<li>auf der festgehalten ist, dass der Verbraucher vor Vertragserfu\u0308llung ausdru\u0308cklich zugestimmt hat, dass der Unternehmer mit der Vertragserfu\u0308llung vor Ablauf der Widerrufsfrist beginnt, und seine Kenntnis davon besta\u0308tigt hat, dass er durch seine Zustimmung mit Beginn der Vertragserfu\u0308llung sein Widerrufsrecht verliert.<\/li>\n<\/ul>\n<\/li>\n<\/ol>\n<hr \/>\n<h2>Widerrufsbelehrung f\u00fcr den Verkauf von Waren und\/oder Dienstleistungen<\/h2>\n<h3>Widerrufsrecht<\/h3>\n<p>Sie haben das Recht, binnen vierzehn Tagen ohne Angabe von Gr\u00fcnden diesen Vertrag zu widerrufen.<\/p>\n<p>Die Widerrufsfrist betr\u00e4gt vierzehn Tage ab dem Tag des Vertragsabschlusses.<\/p>\n<p>Um Ihr Widerrufsrecht auszu\u00fcben, m\u00fcssen Sie uns (conmerx UG (haftungsbeschr\u00e4nkt), Wallen-Lienen 64, 49545 Tecklenburg, Deutschland, Telefonnummer: +49 2543 39897-13, E-Mail-Adresse: info@conmerx.de)\u00a0mittels einer eindeutigen Erkl\u00e4rung (z.B. ein mit der Post versandter Brief, E-Mail) \u00fcber Ihren Entschluss, diesen Vertrag zu widerrufen, informieren. Sie k\u00f6nnen daf\u00fcr das beigef\u00fcgte Muster-Widerrufsformular verwenden, das jedoch nicht vorgeschrieben ist.<\/p>\n<p>Zur Wahrung der Widerrufsfrist reicht es aus, dass Sie die Mitteilung \u00fcber die Aus\u00fcbung des Widerrufsrechts vor Ablauf der Widerrufsfrist absenden.<\/p>\n<h3>Folgen des Widerrufs<\/h3>\n<p>Wenn Sie diesen Vertrag widerrufen, haben wir Ihnen alle Zahlungen, die wir von Ihnen erhalten haben, einschlie\u00dflich der Lieferkosten (mit Ausnahme der zus\u00e4tzlichen Kosten, die sich daraus ergeben, dass Sie eine andere Art der Lieferung als die von uns angebotene, g\u00fcnstigste Standardlieferung gew\u00e4hlt haben), unverz\u00fcglich und sp\u00e4testens binnen vierzehn Tagen ab dem Tag zur\u00fcckzuzahlen, an dem die Mitteilung \u00fcber Ihren Widerruf dieses Vertrags bei uns eingegangen ist. F\u00fcr diese R\u00fcckzahlung verwenden wir dasselbe Zahlungsmittel, das Sie bei der urspr\u00fcnglichen Transaktion eingesetzt haben, es sei denn, mit Ihnen wurde ausdr\u00fccklich etwas anderes vereinbart; in keinem Fall werden Ihnen wegen dieser R\u00fcckzahlung Entgelte berechnet.<\/p>\n<p>Haben Sie verlangt, dass die Dienstleistungen w\u00e4hrend der Widerrufsfrist beginnen sollen, so haben Sie uns einen angemessenen Betrag zu zahlen, der dem Anteil der bis zu dem Zeitpunkt, zu dem Sie uns von der Aus\u00fcbung des Widerrufsrechts hinsichtlich dieses Vertrags unterrichten, bereits erbrachten Dienstleistungen im Vergleich zum Gesamtumfang der im Vertrag vorgesehenen Dienstleistungen entspricht.<\/p>\n<hr \/>\n<h2>Muster-Widerrufsformular<\/h2>\n<p>(Wenn Sie den Vertrag widerrufen wollen, dann fu\u0308llen Sie bitte dieses Formular aus und senden Sie es zuru\u0308ck.)<\/p>\n<p>&#8211; An [hier ist der Name, die Anschrift und die E-Mail-Adresse des Unternehmers durch den Unternehmer einzufu\u0308gen]<br \/>\n&#8211; Hiermit widerrufe(n) ich\/ wir (*) den von mir\/ uns (*) abgeschlossenen Vertrag u\u0308ber den Kauf der folgenden Waren (*)\/ die Erbringung der folgenden Dienstleistung (*)<br \/>\n&#8211; Bestellt am (*)\/ erhalten am (*)<br \/>\n&#8211; Name des\/ der Verbraucher(s)<br \/>\n&#8211; Anschrift des\/ der Verbraucher(s)<br \/>\n&#8211; Unterschrift des\/ der Verbraucher(s) (nur bei Mitteilung auf Papier) &#8211; Datum<\/p>\n<p>(*) Unzutreffendes streichen.[\/et_pb_text][\/et_pb_column][\/et_pb_row][\/et_pb_section]<\/p>\n","protected":false},"excerpt":{"rendered":"<p>Widerrufsrecht f\u00fcr Verbraucher (Verbraucher ist jede nat\u00fcrliche Person, die ein Rechtsgesch\u00e4ft zu Zwecken abschlie\u00dft, die \u00fcberwiegend weder ihrer gewerblichen noch ihrer selbstst\u00e4ndigen beruflichen T\u00e4tigkeit zugerechnet werden kann.) Widerruf Widerrufsbelehrung f\u00fcr den Verkauf von digitalen Inhalten Widerrufsrecht Sie haben das Recht, binnen vierzehn Tagen ohne Angabe von Gru\u0308nden diesen Vertrag zu widerrufen. Die Widerrufsfrist betra\u0308gt vierzehn [&hellip;]<\/p>\n","protected":false},"author":1,"featured_media":0,"parent":0,"menu_order":0,"comment_status":"closed","ping_status":"closed","template":"","meta":{"_et_pb_use_builder":"on","_et_pb_old_content":"","_et_gb_content_width":"","footnotes":""},"class_list":["post-3089","page","type-page","status-publish","hentry"],"_links":{"self":[{"href":"https:\/\/get-started.online\/de\/wp-json\/wp\/v2\/pages\/3089","targetHints":{"allow":["GET"]}}],"collection":[{"href":"https:\/\/get-started.online\/de\/wp-json\/wp\/v2\/pages"}],"about":[{"href":"https:\/\/get-started.online\/de\/wp-json\/wp\/v2\/types\/page"}],"author":[{"embeddable":true,"href":"https:\/\/get-started.online\/de\/wp-json\/wp\/v2\/users\/1"}],"replies":[{"embeddable":true,"href":"https:\/\/get-started.online\/de\/wp-json\/wp\/v2\/comments?post=3089"}],"version-history":[{"count":0,"href":"https:\/\/get-started.online\/de\/wp-json\/wp\/v2\/pages\/3089\/revisions"}],"wp:attachment":[{"href":"https:\/\/get-started.online\/de\/wp-json\/wp\/v2\/media?parent=3089"}],"curies":[{"name":"wp","href":"https:\/\/api.w.org\/{rel}","templated":true}]}}