{"id":3520,"date":"2023-04-08T09:53:12","date_gmt":"2023-04-08T07:53:12","guid":{"rendered":"https:\/\/dev.get-started.online\/?page_id=3520"},"modified":"2025-07-14T19:06:05","modified_gmt":"2025-07-14T17:06:05","slug":"faq","status":"publish","type":"page","link":"https:\/\/get-started.online\/de\/faq\/","title":{"rendered":"FAQ"},"content":{"rendered":"<p>[et_pb_section fb_built=&#8220;1&#8243; _builder_version=&#8220;4.20.2&#8243; _module_preset=&#8220;default&#8220; background_enable_color=&#8220;off&#8220; custom_margin=&#8220;||||false|false&#8220; custom_padding=&#8220;50px||50px||false|false&#8220; locked=&#8220;off&#8220; global_colors_info=&#8220;{}&#8220;][et_pb_row _builder_version=&#8220;4.20.2&#8243; _module_preset=&#8220;default&#8220; module_alignment=&#8220;center&#8220; custom_margin=&#8220;|0px||0px|false|false&#8220; custom_padding=&#8220;0px||0px||false|false&#8220; global_colors_info=&#8220;{}&#8220;][et_pb_column type=&#8220;4_4&#8243; _builder_version=&#8220;4.16&#8243; _module_preset=&#8220;default&#8220; global_colors_info=&#8220;{}&#8220;][et_pb_text _builder_version=&#8220;4.20.2&#8243; _module_preset=&#8220;default&#8220; custom_margin=&#8220;||20px||false|false&#8220; custom_padding=&#8220;||||false|false&#8220; locked=&#8220;off&#8220; global_colors_info=&#8220;{}&#8220;]<\/p>\n<h1>H\u00e4ufige Fragen &amp; Antworten (FAQ)<\/h1>\n<p>[\/et_pb_text][et_pb_text _builder_version=&#8220;4.20.2&#8243; _module_preset=&#8220;default&#8220; text_font_size=&#8220;18px&#8220; text_line_height=&#8220;1.6em&#8220; custom_margin=&#8220;||30px||false|false&#8220; custom_padding=&#8220;||||false|false&#8220; global_colors_info=&#8220;{}&#8220;]<\/p>\n<p>Hier haben wir einmal die wichtigsten Fragen zusammengestellt. Falls dennoch Fragen bestehen, k\u00f6nnen diese immer sehr gerne unter <a href=\"mailto:support@get-started.online\">support@get-started.online<\/a> gestellt werden.<\/p>\n<p>[\/et_pb_text][et_pb_accordion open_toggle_text_color=&#8220;#007081&#8243; closed_toggle_background_color=&#8220;#ffffff&#8220; icon_color=&#8220;#007081&#8243; use_icon_font_size=&#8220;on&#8220; icon_font_size=&#8220;20px&#8220; _builder_version=&#8220;4.27.3&#8243; _module_preset=&#8220;default&#8220; toggle_text_color=&#8220;#007081&#8243; toggle_level=&#8220;h3&#8243; toggle_font_size=&#8220;20px&#8220; closed_toggle_font=&#8220;||||||||&#8220; body_line_height=&#8220;1.6em&#8220; custom_css_toggle=&#8220;padding-left:0;||margin-bottom:0;&#8220; custom_css_open_toggle=&#8220;padding-left:0;&#8220; rank_math_faq_schema=&#8220;on&#8220; border_width_all=&#8220;0px&#8220; border_width_top=&#8220;1px&#8220; global_colors_info=&#8220;{}&#8220;][et_pb_accordion_item title=&#8220;Was ben\u00f6tige ich, um WordPress oder WooCommerce mit dem Installer zu installieren?&#8220; open=&#8220;on&#8220; _builder_version=&#8220;4.20.4&#8243; _module_preset=&#8220;default&#8220; global_colors_info=&#8220;{}&#8220;]<\/p>\n<p>Du ben\u00f6tigst nur ein normales Webhosting mit Domain, Datenbank und FTP-Zugang. Die Installer-Dateien musst du nur mit per FTP auf den Webserver laden, den Installer ausf\u00fchren und die Zugangsdaten zur Datenbank bei der Installation eintragen. Danach steht dir die fertig installierte WordPress Website oder der WooCommerce Webshop mit den Dummy-Daten zur pers\u00f6nlichen Einrichtung und Einpflege der Inhalte zur Verf\u00fcgung. Mit unserer Installationsanleitung kannst du die einzelnen Schritte sehr leicht umsetzen.<\/p>\n<p>[\/et_pb_accordion_item][et_pb_accordion_item title=&#8220;Welches Webhosting ist f\u00fcr WordPress und WooCommerce geeignet?&#8220; _builder_version=&#8220;4.20.2&#8243; _module_preset=&#8220;default&#8220; global_colors_info=&#8220;{}&#8220; open=&#8220;off&#8220;]<\/p>\n<p>Viele Provider bieten spezielle Hosting-Pakete f\u00fcr WordPress an. In Verbindung mit einem guten Caching laufen WordPress Websites damit bereits ganz gut. F\u00fcr einen WooCommerce Webshop empfehlen wir jedoch ein Hosting mit hoher Performance und Sicherheit.<\/p>\n<p>Sehr gute Erfahrungen haben wir mit den folgenden Paketen von All-Inkl gemacht, die f\u00fcr den Betrieb eines WooCommerce Onlineshops sehr gut geeignet sind:<\/p>\n<ul>\n<li><a href=\"https:\/\/all-inkl.com\/webhosting\/premium\/PA50C401CCB55AD\" target=\"_blank\" rel=\"noopener\">All-Inkl PREMIUM<\/a><\/li>\n<li><a href=\"https:\/\/all-inkl.com\/webhosting\/business\/PA50C401CCB55AD\" target=\"_blank\" rel=\"noopener\">All-Inkl BUSINESS<\/a><\/li>\n<\/ul>\n<p>[\/et_pb_accordion_item][et_pb_accordion_item title=&#8220;Welche weiteren Kosten fallen an?&#8220; _builder_version=&#8220;4.20.4&#8243; _module_preset=&#8220;default&#8220; global_colors_info=&#8220;{}&#8220; open=&#8220;off&#8220;]<\/p>\n<p>Neben den Kosten f\u00fcr unsere Pakete fallen lediglich die Hosting- und Domainkosten f\u00fcr den Betrieb der Website \/ des Webshops an.<\/p>\n<p>In den Installer-Paketen sind keine kostenpflichtigen PlugIns enthalten, so dass auch keine laufenden Lizenzkosten anfallen. Nur wenn du aufgrund weiterer Funktionen und Features auf kostenpflichtige PlugIns zur\u00fcckgreifst fallen weitere aber meist geringe Lizenzkosten an.<\/p>\n<p>[\/et_pb_accordion_item][et_pb_accordion_item title=&#8220;Was ist, wenn ich Hilfe ben\u00f6tige?&#8220; _builder_version=&#8220;4.20.4&#8243; _module_preset=&#8220;default&#8220; global_colors_info=&#8220;{}&#8220; open=&#8220;off&#8220;]<\/p>\n<p>Wir versuchen unsere Tutorials und Wissensdatenbank stetig auszubauen. Hier solltest du bei den meisten Fragen auch hilfreiche Antworten auf deine Fragen erhalten.<\/p>\n<p>F\u00fcr die beiden Complete-Pakete steht nach Umsetzung der Website bzw. des Webshops noch vier Wochen lang ein kostenfreier Support zur Verf\u00fcgung. Ansonsten gibt es die M\u00f6glichkeit, jederzeit und nur bei Bedarf unseren kostenpflichtigen Support zu buchen. Das garantiert dir \u2013 auch bei schwierigen Fragen oder Problemen \u2013 eine zuverl\u00e4ssige Hilfe f\u00fcr den sicheren Betrieb deines Online-Business zu erhalten. Unseren kostenpflichtigen Support kannst du einfach als Budget-Paket buchen. Wir rechnen dann nur die angefragten Leistungen dem zuvor gebuchten Budget minutengenau und transparent an. Nicht verbraucht Budgets k\u00f6nnen weiterhin genutzt werden.<\/p>\n<p>[\/et_pb_accordion_item][et_pb_accordion_item title=&#8220;Kann man die Website \/ den Webshop erweitern?&#8220; _builder_version=&#8220;4.20.4&#8243; _module_preset=&#8220;default&#8220; global_colors_info=&#8220;{}&#8220; open=&#8220;off&#8220;]Ja, denn unsere L\u00f6sungen sind keine Baukastensysteme. WordPress und WooCommerce lassen sich beliebig und unbegrenzt erweitern. Wir liefern die Installationen zwar bereits mit allen wichtigen Funktionen aus, aber es gibt auch individuelle W\u00fcnsche, die sich nur \u00fcber ein spezielles PlugIn erf\u00fcllen lassen. [\/et_pb_accordion_item][et_pb_accordion_item title=&#8220;Was ist mit Updates f\u00fcr WordPress, WooCommerce und PlugIns?&#8220; _builder_version=&#8220;4.20.4&#8243; _module_preset=&#8220;default&#8220; global_colors_info=&#8220;{}&#8220; open=&#8220;off&#8220;]Standardm\u00e4\u00dfig liefern wir die Installationen mit aktivierter Auto-Update Funktion aus. D.h., die einzelnen Komponenten werden automatisch auf den aktuellen Stand gebracht.<br \/>\nBei gro\u00dfen Onlineshops kann das ein Risiko darstellen, weshalb die Auto-Update-Funktion deaktiviert sein sollte. Die Updates k\u00f6nnen dann aber per Klick f\u00fcr die einzelnen Module durchgef\u00fchrt werden, nachdem diese in einem Staging (wird auch mitgliefert) vorab getestet wurden.[\/et_pb_accordion_item][et_pb_accordion_item title=&#8220;Wie sind WordPress und WooCommerce abgesichert?&#8220; _builder_version=&#8220;4.27.3&#8243; _module_preset=&#8220;default&#8220; global_colors_info=&#8220;{}&#8220; open=&#8220;off&#8220;]Neben der Empfehlung zu einem sicheren Webhosting (All-Inkl) k\u00f6nnen unsere Pakete mit einer Endpunkt-Firewall (WAF) und einem Malware-Scanner \u00fcber das PlugIn WordFence erweitert werden. Damit w\u00e4ren auch weitere Sicherheitsma\u00dfnahmen wie z.B. Anmeldesicherheit (2FA, Anmeldeseite CAPTCHA, Begrenzung der Anmeldeversuche), Live-Traffic und erweiterte regelbasierte Blockierung m\u00f6glich.<\/p>\n<p>\u00dcber das in allen Paketen installierte Auto-BackUp-PlugIn k\u00f6nnen Daten der Website einfach regelm\u00e4\u00dfig und automatisch auf einem externen Datenserver oder einer Cloud (z.B. Google Drive) gesichert werden.[\/et_pb_accordion_item][et_pb_accordion_item title=&#8220;Was ist der Unterschied zu einem normalen WordPress Theme?&#8220; _builder_version=&#8220;4.27.3&#8243; _module_preset=&#8220;default&#8220; global_colors_info=&#8220;{}&#8220; open=&#8220;off&#8220;]Unsere Installationsdateien enthalten bereits alle wichtigen PlugIns und sind so vorkonfiguriert, dass sie nur noch an das eigene Projekt angepasst und mit Inhalten gef\u00fcllt werden m\u00fcssen. Bei einem reinen WordPress Theme fehlen diese Komponenten und es wird noch eine komplette WordPress Installation ben\u00f6tigt.<\/p>\n<p>Es ist \u00fcbrigens auch m\u00f6glich, ein anderes WordPress Theme in unseren Installationspaketen zu verwenden, falls man ein bestimmtes Design eines am Markt erh\u00e4ltlichen WordPress Themes lieber verwenden m\u00f6chte.[\/et_pb_accordion_item][\/et_pb_accordion][\/et_pb_column][\/et_pb_row][\/et_pb_section]<\/p>\n","protected":false},"excerpt":{"rendered":"<p>H\u00e4ufige Fragen &amp; Antworten (FAQ)Hier haben wir einmal die wichtigsten Fragen zusammengestellt. Falls dennoch Fragen bestehen, k\u00f6nnen diese immer sehr gerne unter support@get-started.online gestellt werden.Du ben\u00f6tigst nur ein normales Webhosting mit Domain, Datenbank und FTP-Zugang. Die Installer-Dateien musst du nur mit per FTP auf den Webserver laden, den Installer ausf\u00fchren und die Zugangsdaten zur Datenbank [&hellip;]<\/p>\n","protected":false},"author":1,"featured_media":0,"parent":0,"menu_order":0,"comment_status":"closed","ping_status":"closed","template":"","meta":{"_et_pb_use_builder":"on","_et_pb_old_content":"<!-- wp:heading {\"level\":3} -->\n<h3>Angaben gem\u00e4\u00df \u00a7 5 TMG<\/h3>\n<!-- \/wp:heading -->\n\n<!-- wp:paragraph -->\n<p><strong>Name\/Firma XYZ (GmbH, UG, GbR, AG etc.)<\/strong><\/p>\n<!-- \/wp:paragraph -->\n\n<!-- wp:paragraph -->\n<p><strong>Adresse<\/strong><\/p>\n<!-- \/wp:paragraph -->\n\n<!-- wp:paragraph -->\n<p><strong>PLZ\nOrt<\/strong><\/p>\n<!-- \/wp:paragraph -->\n\n<!-- wp:paragraph -->\n<p><strong>Telefon:&nbsp;<\/strong>0123-456789<\/p>\n<!-- \/wp:paragraph -->\n\n<!-- wp:paragraph -->\n<p><strong>Fax:&nbsp;<\/strong>0123-456789<\/p>\n<!-- \/wp:paragraph -->\n\n<!-- wp:paragraph -->\n<p><strong>E-Mail:<\/strong>&nbsp;info@firma.de<\/p>\n<!-- \/wp:paragraph -->\n\n<!-- wp:paragraph -->\n<p>(Falls\njuristische Person)<strong> Gesch\u00e4ftsf\u00fchrer:\n<\/strong>Name<\/p>\n<!-- \/wp:paragraph -->\n\n<!-- wp:paragraph -->\n<p>(Falls\nim Registereintragung vorhanden z.B. Handelsregister oder\nVereinsregister)<strong>\nHandelsregistereintrag: <\/strong>Amtsgericht\nXYZ, HRB-Nr.: 12345<\/p>\n<!-- \/wp:paragraph -->\n\n<!-- wp:paragraph -->\n<p>(Falls\nvorhanden)<strong> Umsatzsteuer-ID: <\/strong>DE123456789<\/p>\n<!-- \/wp:paragraph -->\n\n<!-- wp:paragraph -->\n<p>(Falls\nAnbieter mit journalistisch-redaktionell gestalteten Angeboten)<\/p>\n<!-- \/wp:paragraph -->\n\n<!-- wp:paragraph -->\n<p><strong>Inhaltlich\nverantwortlich gem\u00e4\u00df \u00a7 55 RStV: <\/strong>Name\/Firma,\nAnschrift<\/p>\n<!-- \/wp:paragraph -->\n\n<!-- wp:paragraph -->\n<p>(Soweit\nder Dienst im Rahmen einer T\u00e4tigkeit angeboten oder erbracht wird,\ndie der beh\u00f6rdlichen Zulassung bedarf, die Angaben zur zust\u00e4ndigen\nAufsichtsbeh\u00f6rde)<strong> Aufsichtsbeh\u00f6rde:\n<\/strong>XYZ<\/p>\n<!-- \/wp:paragraph -->\n\n<!-- wp:heading {\"level\":3} -->\n<h3>Online-Streitbeilegung<\/h3>\n<!-- \/wp:heading -->\n\n<!-- wp:paragraph -->\n<p>Die Europ\u00e4ische Kommission stellt\nunter https:\/\/ec.europa.eu\/consumers\/odr\/ eine Plattform zur\nOnline-Streitbeilegung bereit, die Verbraucher f\u00fcr die Beilegung\neiner Streitigkeit nutzen k\u00f6nnen und auf der weitere Informationen\nzum Thema Streitschlichtung zu finden sind.<\/p>\n<!-- \/wp:paragraph -->\n\n<!-- wp:heading {\"level\":3} -->\n<h3>Au\u00dfergerichtliche Streitbeilegung<\/h3>\n<!-- \/wp:heading -->\n\n<!-- wp:paragraph -->\n<p>Wir sind weder verpflichtet noch dazu\nbereit, im Falle einer Streitigkeit mit einem Verbraucher an einem\nStreitbeilegungsverfahren vor einer Verbraucherschlichtungsstelle\nteilzunehmen.<\/p>\n<!-- \/wp:paragraph -->","_et_gb_content_width":"","footnotes":""},"class_list":["post-3520","page","type-page","status-publish","hentry"],"_links":{"self":[{"href":"https:\/\/get-started.online\/de\/wp-json\/wp\/v2\/pages\/3520","targetHints":{"allow":["GET"]}}],"collection":[{"href":"https:\/\/get-started.online\/de\/wp-json\/wp\/v2\/pages"}],"about":[{"href":"https:\/\/get-started.online\/de\/wp-json\/wp\/v2\/types\/page"}],"author":[{"embeddable":true,"href":"https:\/\/get-started.online\/de\/wp-json\/wp\/v2\/users\/1"}],"replies":[{"embeddable":true,"href":"https:\/\/get-started.online\/de\/wp-json\/wp\/v2\/comments?post=3520"}],"version-history":[{"count":1,"href":"https:\/\/get-started.online\/de\/wp-json\/wp\/v2\/pages\/3520\/revisions"}],"predecessor-version":[{"id":7154,"href":"https:\/\/get-started.online\/de\/wp-json\/wp\/v2\/pages\/3520\/revisions\/7154"}],"wp:attachment":[{"href":"https:\/\/get-started.online\/de\/wp-json\/wp\/v2\/media?parent=3520"}],"curies":[{"name":"wp","href":"https:\/\/api.w.org\/{rel}","templated":true}]}}