{"id":3571,"date":"2023-04-09T08:18:52","date_gmt":"2023-04-09T06:18:52","guid":{"rendered":"https:\/\/dev.get-started.online\/affiliate-dashboard\/"},"modified":"2024-11-12T06:54:39","modified_gmt":"2024-11-12T05:54:39","slug":"partnerprogramm","status":"publish","type":"page","link":"https:\/\/get-started.online\/de\/partnerprogramm\/","title":{"rendered":"Partnerprogramm"},"content":{"rendered":"<p>[et_pb_section fb_built=&#8220;1&#8243; _builder_version=&#8220;4.20.2&#8243; custom_padding=&#8220;50px||50px||false|false&#8220; global_colors_info=&#8220;{}&#8220;][et_pb_row _builder_version=&#8220;4.20.2&#8243; background_size=&#8220;initial&#8220; background_position=&#8220;top_left&#8220; background_repeat=&#8220;repeat&#8220; custom_padding=&#8220;0px||0px||false|false&#8220; global_colors_info=&#8220;{}&#8220;][et_pb_column type=&#8220;4_4&#8243; _builder_version=&#8220;4.16&#8243; custom_padding=&#8220;|||&#8220; global_colors_info=&#8220;{}&#8220; custom_padding__hover=&#8220;|||&#8220;][et_pb_text _builder_version=&#8220;4.20.2&#8243; _module_preset=&#8220;default&#8220; custom_margin=&#8220;||0px||false|false&#8220; custom_padding=&#8220;||0px||false|false&#8220; global_colors_info=&#8220;{}&#8220;]<\/p>\n<h1>Partnerprogramm<\/h1>\n<p>[\/et_pb_text][et_pb_text _builder_version=&#8220;4.27.3&#8243; _module_preset=&#8220;default&#8220; text_font_size=&#8220;18px&#8220; text_line_height=&#8220;1.6em&#8220; custom_margin=&#8220;||10px||false|false&#8220; hover_enabled=&#8220;0&#8243; global_colors_info=&#8220;{}&#8220; sticky_enabled=&#8220;0&#8243;]<\/p>\n<p>Verdiene mit jeder Empfehlung und erm\u00f6gliche deinen Kunden und Website-Besuchern, von der f\u00fchrenden Software f\u00fcr Onlinemarketing zu profitieren.<\/p>\n<p>Mitmachen lohnt sich. Melde dich noch heute als Partner an, um 20% Provision f\u00fcr jeden Verkauf zu bekommen, den du uns vermittelst. Wir stellen dir einen Link-Generator und eine Reihe fertiger Werbetexte und Werbebanner zur Verf\u00fcgung, die du auf deiner Website nutzen kannst.<\/p>\n<p>[\/et_pb_text][et_pb_text _builder_version=&#8220;4.16&#8243; background_size=&#8220;initial&#8220; background_position=&#8220;top_left&#8220; background_repeat=&#8220;repeat&#8220; global_colors_info=&#8220;{}&#8220;]<!-- divi:shortcode --><br \/>\n\n<div class=\"yith-wcaf yith-wcaf-registration-form woocommerce\">\n\t\n\t\n\t\t\t\t<div class=\"forms-container u-columns col2-set\">\n\n\t\t\t\t\t\t\t<div class=\"u-column1 col-1\">\n\n\t\t\t\t\t\t\t\t\t\t\t<h2 class=\"login-title\">\n\t\t\t\t\t\t\tLogin\t\t\t\t\t\t<\/h2>\n\t\t\t\t\t\n\t\t\t\t\t<div class=\"login-form\">\n\t\t\t\t\t\t<form class=\"woocomerce-form woocommerce-form-login login\" method=\"post\">\n\n\t\t\t\t\t\t\t\n\t\t\t\t\t\t\t<p class=\"woocommerce-form-row woocommerce-form-row--wide form-row form-row-wide\">\n\t\t\t\t\t\t\t\t<label for=\"username\">\n\t\t\t\t\t\t\t\t\tUsername or email address\t\t\t\t\t\t\t\t\t<span class=\"required\">*<\/span>\n\t\t\t\t\t\t\t\t<\/label>\n\t\t\t\t\t\t\t\t<input type=\"text\" class=\"woocommerce-Input woocommerce-Input--text input-text\" name=\"username\" id=\"username\" value=\"\" \/>\n\t\t\t\t\t\t\t<\/p>\n\t\t\t\t\t\t\t<p class=\"woocommerce-form-row woocommerce-form-row--wide form-row form-row-wide\">\n\t\t\t\t\t\t\t\t<label for=\"password\">\n\t\t\t\t\t\t\t\t\tPassword\t\t\t\t\t\t\t\t\t<span class=\"required\">*<\/span>\n\t\t\t\t\t\t\t\t<\/label>\n\t\t\t\t\t\t\t\t<input class=\"woocommerce-Input woocommerce-Input--text input-text\" type=\"password\" name=\"password\" id=\"password\" \/>\n\t\t\t\t\t\t\t<\/p>\n\n\t\t\t\t\t\t\t\n\t\t\t\t\t\t\t<p class=\"form-row\">\n\t\t\t\t\t\t\t\t<input type=\"hidden\" id=\"woocommerce-login-nonce\" name=\"woocommerce-login-nonce\" value=\"036be1963a\" \/><input type=\"hidden\" name=\"_wp_http_referer\" value=\"\/de\/wp-json\/wp\/v2\/pages\/3571\" \/>\t\t\t\t\t\t\t\t<input type=\"submit\" class=\"woocommerce-Button button\" name=\"login\" value=\"Login\"\/>\n\t\t\t\t\t\t\t\t<label class=\"woocommerce-form__label woocommerce-form__label-for-checkbox inline\">\n\t\t\t\t\t\t\t\t\t<input class=\"woocommerce-form__input woocommerce-form__input-checkbox\" name=\"rememberme\" type=\"checkbox\" id=\"rememberme\" value=\"forever\"\/>\n\t\t\t\t\t\t\t\t\t<span>Remember me<\/span>\n\t\t\t\t\t\t\t\t<\/label>\n\t\t\t\t\t\t\t<\/p>\n\n\t\t\t\t\t\t\t<p class=\"woocommerce-LostPassword lost_password\">\n\t\t\t\t\t\t\t\t<a href=\"https:\/\/get-started.online\/de\/mein-konto\/lost-password\/\">\n\t\t\t\t\t\t\t\t\tLost your password?\t\t\t\t\t\t\t\t<\/a>\n\t\t\t\t\t\t\t<\/p>\n\n\t\t\t\t\t\t\t\n\t\t\t\t\t\t<\/form>\n\t\t\t\t\t<\/div>\n\n\t\t\t\t<\/div>\n\t\t\t\n\t\t\t\t\t\t\t<div class=\"u-column2 col-2\">\n\t\t\t\n\t\t\t\n\t\t\t\t\t\t\t\t\t<h2 class=\"register-title\">\n\t\t\t\t\t\tRegister\t\t\t\t\t<\/h2>\n\t\t\t\t\n\t\t\t\t<div class=\"register-form\">\n\t\t\t\t\t<form method=\"post\" class=\"register\">\n\n\t\t\t\t\t\t\t\t\t\t\t\t\t\t\t\t\t\t<p class=\"form-row validate-required\" id=\"profile_first_name_field\" data-priority=\"\"><label for=\"profile_first_name\" class=\"required_field\">First name&nbsp;<span class=\"required\" aria-hidden=\"true\">*<\/span><\/label><span class=\"woocommerce-input-wrapper\"><input type=\"text\" class=\"input-text \" name=\"first_name\" id=\"profile_first_name\" placeholder=\"\"  value=\"\" aria-required=\"true\" \/><\/span><\/p><p class=\"form-row validate-required\" id=\"profile_last_name_field\" data-priority=\"\"><label for=\"profile_last_name\" class=\"required_field\">Last name&nbsp;<span class=\"required\" aria-hidden=\"true\">*<\/span><\/label><span class=\"woocommerce-input-wrapper\"><input type=\"text\" class=\"input-text \" name=\"last_name\" id=\"profile_last_name\" placeholder=\"\"  value=\"\" aria-required=\"true\" \/><\/span><\/p><p class=\"form-row validate-required\" id=\"profile_email_field\" data-priority=\"\"><label for=\"profile_email\" class=\"required_field\">Email address&nbsp;<span class=\"required\" aria-hidden=\"true\">*<\/span><\/label><span class=\"woocommerce-input-wrapper\"><input type=\"email\" class=\"input-text \" name=\"email\" id=\"profile_email\" placeholder=\"\"  value=\"\" data-validation=\"email\" aria-required=\"true\" \/><\/span><\/p>\t\t\t<p class=\"form-row\">\n\t\t\t\t<span class=\"woocommerce-privacy-policy-text\">\n\t\t\t\t\tWir verwenden deine personenbezogenen Daten, um eine m\u00f6glichst gute Benutzererfahrung auf dieser Website zu erm\u00f6glichen, den Zugriff auf dein Konto zu verwalten und f\u00fcr weitere Zwecke, die in unserer <a href=\"https:\/\/get-started.online\/de\/datenschutz\/\" class=\"woocommerce-privacy-policy-link\" target=\"_blank\">Datenschutzerkl\u00e4rung<\/a> beschrieben sind.\t\t\t\t<\/span>\n\t\t\t<\/p>\n\t\t\t<p class=\"form-row terms-label validate-required\" id=\"profile_terms_field\" data-priority=\"\"><span class=\"woocommerce-input-wrapper\"><label class=\"checkbox terms-label\" ><input type=\"checkbox\" name=\"terms\" id=\"profile_terms\" value=\"1\" class=\"input-checkbox \"  aria-required=\"true\" \/> Ich habe die <a href=\"https:\/\/get-started.online\/de\/agb\/\" class=\"woocommerce-terms-and-conditions-link\" target=\"_blank\">Allgemeine Gesch\u00e4ftsbedingungen<\/a> gelesen und stimme ihnen zu.&nbsp;<span class=\"required\" aria-hidden=\"true\">*<\/span><\/label><\/span><\/p>\t\t\t\t\t\t<wc-order-attribution-inputs><\/wc-order-attribution-inputs>\n\t\t\t\t\t\t<p class=\"form-row\">\n\t\t\t\t\t\t\t<input type=\"hidden\" id=\"woocommerce-register-nonce\" name=\"woocommerce-register-nonce\" value=\"72a4fc222d\" \/><input type=\"hidden\" name=\"_wp_http_referer\" value=\"\/de\/wp-json\/wp\/v2\/pages\/3571\" \/>\t\t\t\t\t\t\t<input type=\"hidden\" id=\"register_affiliate\" name=\"register_affiliate\" value=\"2d8443ba79\" \/>\n\t\t\t\t\t\t\t<input type=\"submit\" class=\"button\" name=\"register\" value=\"Register\"\/>\n\t\t\t\t\t\t<\/p>\n\n\t\t\t\t\t\t\n\t\t\t\t\t<\/form>\n\t\t\t\t<\/div>\n\n\t\t\t\n\t\t\t\t\t\t\t<\/div>\n\t\t\t\n\t\t<\/div>\n\n\t<\/div>\n<br \/>\n<!-- \/divi:shortcode -->[\/et_pb_text][\/et_pb_column][\/et_pb_row][et_pb_row _builder_version=&#8220;4.21.0&#8243; _module_preset=&#8220;default&#8220; global_colors_info=&#8220;{}&#8220;][et_pb_column type=&#8220;4_4&#8243; _builder_version=&#8220;4.21.0&#8243; _module_preset=&#8220;default&#8220; global_colors_info=&#8220;{}&#8220;][et_pb_text _builder_version=&#8220;4.21.0&#8243; _module_preset=&#8220;default&#8220; global_colors_info=&#8220;{}&#8220;]<\/p>\n<h2>FAQ \u2013 Fragen und Antworten zum get-started.online Affiliate Programm<\/h2>\n<p>[\/et_pb_text][et_pb_accordion open_toggle_text_color=&#8220;#007081&#8243; closed_toggle_background_color=&#8220;#FFFFFF&#8220; icon_color=&#8220;#007081&#8243; use_icon_font_size=&#8220;on&#8220; icon_font_size=&#8220;20px&#8220; _builder_version=&#8220;4.23&#8243; _module_preset=&#8220;default&#8220; toggle_text_color=&#8220;#007081&#8243; toggle_level=&#8220;h3&#8243; toggle_font_size=&#8220;20px&#8220; body_line_height=&#8220;1.6em&#8220; custom_css_toggle=&#8220;padding-left:0;||margin-bottom:0;&#8220; custom_css_open_toggle=&#8220;padding-left:0;&#8220; rank_math_faq_schema=&#8220;on&#8220; border_width_all=&#8220;0px&#8220; border_width_top=&#8220;1px&#8220; global_colors_info=&#8220;{}&#8220;][et_pb_accordion_item title=&#8220;Wie funktioniert das get-started.online Partnerprogramm?&#8220; open=&#8220;on&#8220; _builder_version=&#8220;4.21.0&#8243; _module_preset=&#8220;default&#8220; global_colors_info=&#8220;{}&#8220;]Das get-started.online Partnerprogramm ist ein Affiliate-Programm und eine Online-Marketing-Ma\u00dfnahme eines Website-Betreibers. Inhalt des Programms ist die Kooperation zwischen get-started.online (Merchant)  und einem Partner (Affiliate).<\/p>\n<p>Der Partner integriert auf seiner Website ein Werbemittel, das auf die Website von get-started.online f\u00fchrt, oder integriert das Angebot von get-started.online in seine Website mit dem Ziel, get-started.online potenzielle Kunden zuzuf\u00fchren. Im Gegenzug erh\u00e4lt der Partner eine Provision.[\/et_pb_accordion_item][et_pb_accordion_item title=&#8220;Wie nehme ich am get-started.online Partnerprogramm teil?&#8220; _builder_version=&#8220;4.23&#8243; _module_preset=&#8220;default&#8220; global_colors_info=&#8220;{}&#8220; open=&#8220;off&#8220;]<\/p>\n<p>Du musst lediglich die Teilnahmebedingungen gelesen und verstanden haben. Anschlie\u00dfend brauchst du nur noch unser Anmeldeformular auszuf\u00fcllen und die Teilnahmebedingungen (siehe Gesch\u00e4ftsbedingungen) zu akzeptieren. Danach werden wir deine Anmeldung \u00fcberpr\u00fcfen und dich \u00fcber die Teilnahme informieren.<\/p>\n<p>[\/et_pb_accordion_item][et_pb_accordion_item title=&#8220;Ist das get-started.online Partnerprogramm kostenlos?&#8220; _builder_version=&#8220;4.21.0&#8243; _module_preset=&#8220;default&#8220; global_colors_info=&#8220;{}&#8220; open=&#8220;off&#8220;]Ja, es entstehen dir keine Kosten. Wir erheben weder Teilnahmegeb\u00fchren noch entstehen dir anderweitige Kosten durch die Teilnahme. Lediglich Kosten f\u00fcr die \u00dcberweisung der Provision ziehen wir von der auszuzahlenden Provision ab.[\/et_pb_accordion_item][et_pb_accordion_item title=&#8220;Welche Teilnahmevoraussetzungen gibt es f\u00fcr das get-started.online Partnerprogramm?&#8220; _builder_version=&#8220;4.21.0&#8243; _module_preset=&#8220;default&#8220; global_colors_info=&#8220;{}&#8220; open=&#8220;off&#8220;]Um am get-started.online Partnerprogramm teilnehmen zu k\u00f6nnen, musst du vollj\u00e4hrig, also 18 Jahre alt, und voll gesch\u00e4ftsf\u00e4hig sein. Weiterhin musst du ein Bankkonto in Deutschland besitzen. Dieses Bankkonto muss so eingerichtet sein, dass es am elektronischen Bezahlverfahren teilnehmen kann. Die Gutschrift der Verg\u00fctung erfolgt ausschlie\u00dflich auf diesem Weg.[\/et_pb_accordion_item][et_pb_accordion_item title=&#8220;Welche Websites k\u00f6nnen am get-started-Partnerprogramm teilnehmen?&#8220; _builder_version=&#8220;4.21.0&#8243; _module_preset=&#8220;default&#8220; global_colors_info=&#8220;{}&#8220; open=&#8220;off&#8220;]In der Regel kann jeder, der eine eigene Website besitzt, an unserem Partnerprogramm teilnehmen. Je besser deine Website zu unseren Produkten und Leistungen passt, desto gr\u00f6\u00dfer wird der Erfolg sein, den du mit unserer Partnerschaft erzielen wirst.<\/p>\n<p>Allerdings sind wir nicht verpflichtet deine Anmeldung anzunehmen. Wir behalten uns das Recht vor, nach einer eingehenden Pr\u00fcfung deiner Anmeldung eine Teilnahme zu verweigern, wenn Inhalte deiner Website kein geeignetes Umfeld f\u00fcr get-started.online darstellen.[\/et_pb_accordion_item][et_pb_accordion_item title=&#8220;Kann ich auch ohne eine Website am get-started.online Partnerprogramm teilnehmen?&#8220; _builder_version=&#8220;4.21.0&#8243; _module_preset=&#8220;default&#8220; global_colors_info=&#8220;{}&#8220; open=&#8220;off&#8220;]Ja, wenn du ein Versender eines Newsletters bist, in dem du unsere Banner integrieren m\u00f6chtest. Ansonsten ist eine eigene Website die Grundvoraussetzung zur Teilnahme an unserem Partnerprogramm. Wir ben\u00f6tigen sie, um deine Anmeldung zu pr\u00fcfen, da sie f\u00fcr uns der einzige Anhaltspunkt ist, um deine Pr\u00e4senz im Internet einsch\u00e4tzen zu k\u00f6nnen. Zudem brauchst du diese, da es der einzige Weg neben einem Newsletter ist, unsere Werbemittel im Internet zu ver\u00f6ffentlichen, um damit Geld zu verdienen.[\/et_pb_accordion_item][et_pb_accordion_item title=&#8220;Kann ich auch mit einer internationalen Website am get-started.online Partnerprogramm teilnehmen?&#8220; _builder_version=&#8220;4.21.0&#8243; _module_preset=&#8220;default&#8220; global_colors_info=&#8220;{}&#8220; open=&#8220;off&#8220;]Ja, denn get-started.online bietet seine Produkte und Leistungen weltweit an. Allerdings k\u00f6nnen bei Auszahlung der Provision auf ausl\u00e4ndische Bankkonten Geb\u00fchren anfallen, die wir dann von der Provision abziehen.[\/et_pb_accordion_item][et_pb_accordion_item title=&#8220;Kann die Partnerschaft jederzeit gek\u00fcndigt werden? Wie kann ich die Partnerschaft k\u00fcndigen?&#8220; _builder_version=&#8220;4.21.0&#8243; _module_preset=&#8220;default&#8220; global_colors_info=&#8220;{}&#8220; open=&#8220;off&#8220;]Ja, die Partnerschaft zwischen dir und get-started.online kann jederzeit ohne Angabe von Gr\u00fcnden gek\u00fcndigt werden. Nimm hierzu bitte mit uns Kontakt auf und wir werden die n\u00f6tigen Schritte f\u00fcr die K\u00fcndigung durchf\u00fchren.[\/et_pb_accordion_item][et_pb_accordion_item title=&#8220;Wo kann ich meine Berichte einsehen?&#8220; _builder_version=&#8220;4.23&#8243; _module_preset=&#8220;default&#8220; global_colors_info=&#8220;{}&#8220; open=&#8220;off&#8220;]<\/p>\n<p>Du erh\u00e4ltst nach einer erfolgreichen Anmeldung (Freischaltung durch get-started.online) eine Anmeldebest\u00e4tigung mit Zugangsdaten zu deinem pers\u00f6nlichen Loginbereich. Du kannst dich dann mit deinen zuvor eingegebenen Zugangsdaten in Dashboard des Partnerprogramms anmelden. Dort kannst du nach erfolgtem Login deine Berichte, Banner und Stammdaten einsehen und Links generieren.<\/p>\n<p>[\/et_pb_accordion_item][et_pb_accordion_item title=&#8220;Wie erfahre ich, welche Links besonders gut laufen?&#8220; _builder_version=&#8220;4.21.0&#8243; _module_preset=&#8220;default&#8220; global_colors_info=&#8220;{}&#8220; open=&#8220;off&#8220;]Du hast in deinem pers\u00f6nlichen Dashboard die M\u00f6glichkeit \u00fcber verschiedene Reports und Statistiken deinen Werbeerfolg zu analysieren und zu verfolgen.[\/et_pb_accordion_item][et_pb_accordion_item title=&#8220;Welche Berichte werden mir zur Verf\u00fcgung gestellt?&#8220; _builder_version=&#8220;4.21.0&#8243; _module_preset=&#8220;default&#8220; global_colors_info=&#8220;{}&#8220; open=&#8220;off&#8220;]Wir werden dir alle Berichte zur Verf\u00fcgung stellen, die du f\u00fcr eine ausf\u00fchrliche Analyse und eine erfolgreiche Steuerung deiner Website ben\u00f6tigst.[\/et_pb_accordion_item][et_pb_accordion_item title=&#8220;Wie wird meine Verg\u00fctung berechnet?&#8220; _builder_version=&#8220;4.21.0&#8243; _module_preset=&#8220;default&#8220; global_colors_info=&#8220;{}&#8220; open=&#8220;off&#8220;]Die Provision betr\u00e4gt 20% des Netto-Warenkorbwertes. [\/et_pb_accordion_item][et_pb_accordion_item title=&#8220;Wie und wann bekomme ich meine Verg\u00fctung ausgezahlt?&#8220; _builder_version=&#8220;4.21.0&#8243; _module_preset=&#8220;default&#8220; global_colors_info=&#8220;{}&#8220; open=&#8220;off&#8220;]Du bekommst deine Verg\u00fctung bei Erreichen von mindestens 100 Euro auf  die von dir angegebenen PayPal E-Mail oder das angegebene Bankkonto ausgezahlt. Etwaige Bankgeb\u00fchren werden vom Auszahlungsbetrag abgezogen.[\/et_pb_accordion_item][\/et_pb_accordion][\/et_pb_column][\/et_pb_row][et_pb_row column_structure=&#8220;1_2,1_2&#8243; _builder_version=&#8220;4.21.0&#8243; _module_preset=&#8220;default&#8220; global_colors_info=&#8220;{}&#8220;][et_pb_column type=&#8220;1_2&#8243; _builder_version=&#8220;4.21.0&#8243; _module_preset=&#8220;default&#8220; global_colors_info=&#8220;{}&#8220;][et_pb_button button_text=&#8220;Download Werbetexte&#8220; _builder_version=&#8220;4.21.0&#8243; _module_preset=&#8220;default&#8220; custom_button=&#8220;on&#8220; global_colors_info=&#8220;{}&#8220;][\/et_pb_button][\/et_pb_column][et_pb_column type=&#8220;1_2&#8243; _builder_version=&#8220;4.21.0&#8243; _module_preset=&#8220;default&#8220; global_colors_info=&#8220;{}&#8220;][et_pb_button button_text=&#8220;Download Werbebanner&#8220; _builder_version=&#8220;4.21.0&#8243; _module_preset=&#8220;default&#8220; custom_button=&#8220;on&#8220; global_colors_info=&#8220;{}&#8220;][\/et_pb_button][\/et_pb_column][\/et_pb_row][\/et_pb_section]<\/p>\n","protected":false},"excerpt":{"rendered":"<p>PartnerprogrammVerdiene mit jeder Empfehlung und erm\u00f6gliche deinen Kunden und Website-Besuchern, von der f\u00fchrenden Software f\u00fcr Onlinemarketing zu profitieren. Mitmachen lohnt sich. Melde dich noch heute als Partner an, um 20% Provision f\u00fcr jeden Verkauf zu bekommen, den du uns vermittelst. Wir stellen dir einen Link-Generator und eine Reihe fertiger Werbetexte und Werbebanner zur Verf\u00fcgung, die [&hellip;]<\/p>\n","protected":false},"author":1,"featured_media":0,"parent":0,"menu_order":0,"comment_status":"closed","ping_status":"closed","template":"","meta":{"_et_pb_use_builder":"on","_et_pb_old_content":"<!-- wp:shortcode -->\n[yith_wcaf_affiliate_dashboard]\n<!-- \/wp:shortcode -->","_et_gb_content_width":"1280","footnotes":""},"class_list":["post-3571","page","type-page","status-publish","hentry"],"_links":{"self":[{"href":"https:\/\/get-started.online\/de\/wp-json\/wp\/v2\/pages\/3571","targetHints":{"allow":["GET"]}}],"collection":[{"href":"https:\/\/get-started.online\/de\/wp-json\/wp\/v2\/pages"}],"about":[{"href":"https:\/\/get-started.online\/de\/wp-json\/wp\/v2\/types\/page"}],"author":[{"embeddable":true,"href":"https:\/\/get-started.online\/de\/wp-json\/wp\/v2\/users\/1"}],"replies":[{"embeddable":true,"href":"https:\/\/get-started.online\/de\/wp-json\/wp\/v2\/comments?post=3571"}],"version-history":[{"count":0,"href":"https:\/\/get-started.online\/de\/wp-json\/wp\/v2\/pages\/3571\/revisions"}],"wp:attachment":[{"href":"https:\/\/get-started.online\/de\/wp-json\/wp\/v2\/media?parent=3571"}],"curies":[{"name":"wp","href":"https:\/\/api.w.org\/{rel}","templated":true}]}}