{"id":3594,"date":"2023-04-09T17:57:36","date_gmt":"2023-04-09T15:57:36","guid":{"rendered":"https:\/\/dev.get-started.online\/?page_id=3594"},"modified":"2025-07-14T19:08:42","modified_gmt":"2025-07-14T17:08:42","slug":"support","status":"publish","type":"page","link":"https:\/\/get-started.online\/de\/support\/","title":{"rendered":"Support"},"content":{"rendered":"<p>[et_pb_section fb_built=&#8220;1&#8243; _builder_version=&#8220;4.20.2&#8243; _module_preset=&#8220;default&#8220; background_enable_color=&#8220;off&#8220; custom_margin=&#8220;||||false|false&#8220; custom_padding=&#8220;30px||50px||false|false&#8220; locked=&#8220;off&#8220; global_colors_info=&#8220;{}&#8220;][et_pb_row _builder_version=&#8220;4.21.0&#8243; _module_preset=&#8220;default&#8220; module_alignment=&#8220;center&#8220; custom_margin=&#8220;|0px||0px|false|false&#8220; custom_padding=&#8220;0px||||false|false&#8220; global_colors_info=&#8220;{}&#8220;][et_pb_column type=&#8220;4_4&#8243; _builder_version=&#8220;4.16&#8243; _module_preset=&#8220;default&#8220; global_colors_info=&#8220;{}&#8220;][et_pb_text _builder_version=&#8220;4.27.2&#8243; _module_preset=&#8220;default&#8220; custom_margin=&#8220;||20px||false|false&#8220; custom_padding=&#8220;||||false|false&#8220; locked=&#8220;off&#8220; global_colors_info=&#8220;{}&#8220;]<\/p>\n<h1>Support &#038; Anfragen<\/h1>\n<p>[\/et_pb_text][et_pb_text _builder_version=&#8220;4.27.2&#8243; text_font_size=&#8220;18px&#8220; text_line_height=&#8220;1.6em&#8220; background_size=&#8220;initial&#8220; background_position=&#8220;top_left&#8220; background_repeat=&#8220;repeat&#8220; global_colors_info=&#8220;{}&#8220;]<\/p>\n<p style=\"padding-bottom:15px;\">Wir sind stolz darauf, dass unsere Produkte dazu beitragen, deine Online Marketingma\u00dfnahmen zu optimieren und dein Unternehmen erfolgreicher zu machen. Wir sind uns jedoch auch bewusst, dass manchmal Fragen oder Probleme auftauchen k\u00f6nnen, die du nicht alleine l\u00f6sen kannst. Deshalb m\u00f6chten wir dir versichern, dass wir dich in diesen Situationen nicht alleine lassen werden.<\/p>\n<p>Auch wenn du Fragen vor dem Kauf hast oder Verbesserungsvorschl\u00e4ge und weitere W\u00fcnsche, kannst du uns gerne \u00fcber das unten stehende Formular kontaktieren. <\/p>\n<p>[\/et_pb_text][\/et_pb_column][\/et_pb_row][et_pb_row _builder_version=&#8220;4.21.0&#8243; _module_preset=&#8220;default&#8220; background_color=&#8220;#eaeaea&#8220; module_alignment=&#8220;center&#8220; custom_margin=&#8220;|0px||0px|false|false&#8220; custom_padding=&#8220;20px|20px|20px|20px|false|false&#8220; border_radii=&#8220;on|10px|10px|10px|10px&#8220; global_colors_info=&#8220;{}&#8220;][et_pb_column type=&#8220;4_4&#8243; _builder_version=&#8220;4.16&#8243; _module_preset=&#8220;default&#8220; global_colors_info=&#8220;{}&#8220;][et_pb_text _builder_version=&#8220;4.27.2&#8243; text_font_size=&#8220;18px&#8220; text_line_height=&#8220;1.6em&#8220; background_size=&#8220;initial&#8220; background_position=&#8220;top_left&#8220; background_repeat=&#8220;repeat&#8220; global_colors_info=&#8220;{}&#8220;]<\/p>\n<h3>Support- und Anfrageformular<\/h3>\n<p>Mit unserem umfangreichen Supportangebot<sup>*<\/sup> stehen wir dir jederzeit zur Seite, um alle deine Fragen zu beantworten und Probleme schnell zu l\u00f6sen. Unser Support-Team besteht aus erfahrenen Fachleuten, die sich mit unserer Software bestens auskennen und dir gerne weiterhelfen.[\/et_pb_text][et_pb_contact_form email=&#8220;support@get-started.online&#8220; submit_button_text=&#8220;Anfrage senden&#8220; _builder_version=&#8220;4.27.2&#8243; _module_preset=&#8220;default&#8220; _unique_id=&#8220;57886ca1-9360-443f-9c0c-cdbff6f334ad&#8220; form_field_background_color=&#8220;#FFFFFF&#8220; form_field_focus_text_color=&#8220;#000000&#8243; form_field_font_size=&#8220;16px&#8220; custom_button=&#8220;on&#8220; button_border_radius=&#8220;10px&#8220; display_conditions=&#8220;W10=&#8220; global_colors_info=&#8220;{}&#8220;][et_pb_contact_field field_id=&#8220;Name&#8220; field_title=&#8220;Name&#8220; _builder_version=&#8220;4.16&#8243; global_colors_info=&#8220;{}&#8220; button_text_size__hover_enabled=&#8220;off&#8220; button_one_text_size__hover_enabled=&#8220;off&#8220; button_two_text_size__hover_enabled=&#8220;off&#8220; button_text_color__hover_enabled=&#8220;off&#8220; button_one_text_color__hover_enabled=&#8220;off&#8220; button_two_text_color__hover_enabled=&#8220;off&#8220; button_border_width__hover_enabled=&#8220;off&#8220; button_one_border_width__hover_enabled=&#8220;off&#8220; button_two_border_width__hover_enabled=&#8220;off&#8220; button_border_color__hover_enabled=&#8220;off&#8220; button_one_border_color__hover_enabled=&#8220;off&#8220; button_two_border_color__hover_enabled=&#8220;off&#8220; button_border_radius__hover_enabled=&#8220;off&#8220; button_one_border_radius__hover_enabled=&#8220;off&#8220; button_two_border_radius__hover_enabled=&#8220;off&#8220; button_letter_spacing__hover_enabled=&#8220;off&#8220; button_one_letter_spacing__hover_enabled=&#8220;off&#8220; button_two_letter_spacing__hover_enabled=&#8220;off&#8220; button_bg_color__hover_enabled=&#8220;off&#8220; button_one_bg_color__hover_enabled=&#8220;off&#8220; button_two_bg_color__hover_enabled=&#8220;off&#8220;][\/et_pb_contact_field][et_pb_contact_field field_id=&#8220;Email&#8220; field_title=&#8220;E-Mail-Adresse&#8220; field_type=&#8220;email&#8220; _builder_version=&#8220;4.27.2&#8243; global_colors_info=&#8220;{}&#8220; button_text_size__hover_enabled=&#8220;off&#8220; button_one_text_size__hover_enabled=&#8220;off&#8220; button_two_text_size__hover_enabled=&#8220;off&#8220; button_text_color__hover_enabled=&#8220;off&#8220; button_one_text_color__hover_enabled=&#8220;off&#8220; button_two_text_color__hover_enabled=&#8220;off&#8220; button_border_width__hover_enabled=&#8220;off&#8220; button_one_border_width__hover_enabled=&#8220;off&#8220; button_two_border_width__hover_enabled=&#8220;off&#8220; button_border_color__hover_enabled=&#8220;off&#8220; button_one_border_color__hover_enabled=&#8220;off&#8220; button_two_border_color__hover_enabled=&#8220;off&#8220; button_border_radius__hover_enabled=&#8220;off&#8220; button_one_border_radius__hover_enabled=&#8220;off&#8220; button_two_border_radius__hover_enabled=&#8220;off&#8220; button_letter_spacing__hover_enabled=&#8220;off&#8220; button_one_letter_spacing__hover_enabled=&#8220;off&#8220; button_two_letter_spacing__hover_enabled=&#8220;off&#8220; button_bg_color__hover_enabled=&#8220;off&#8220; button_one_bg_color__hover_enabled=&#8220;off&#8220; button_two_bg_color__hover_enabled=&#8220;off&#8220;][\/et_pb_contact_field][et_pb_contact_field field_id=&#8220;Produkt&#8220; field_title=&#8220;Produkt&#8220; field_type=&#8220;select&#8220; select_options=&#8220;%91{%22value%22:%22Onlineshop FREE mit WooCommerce%22,%22checked%22:0,%22dragID%22:3},{%22value%22:%22Onlineshop BASIC mit WooCommerce%22,%22checked%22:0,%22dragID%22:4},{%22value%22:%22Onlineshop PREMIUM mit WooCommerce%22,%22checked%22:0,%22dragID%22:5},{%22value%22:%22Onlineshop COMPLETE mit WooCommerce%22,%22checked%22:0,%22dragID%22:6},{%22value%22:%22Website FREE mit WordPress%22,%22checked%22:0,%22dragID%22:7},{%22value%22:%22Website BASIC mit WordPress%22,%22checked%22:0,%22dragID%22:8},{%22value%22:%22Website PREMIUM mit WordPress%22,%22checked%22:0,%22dragID%22:9},{%22value%22:%22Website COMPLETE mit WordPress%22,%22checked%22:0,%22dragID%22:10},{%22value%22:%22Installationsservice%22,%22checked%22:0,%22dragID%22:11},{%22value%22:%22Premium-Support%22,%22checked%22:0,%22dragID%22:12}%93&#8243; _builder_version=&#8220;4.27.2&#8243; _module_preset=&#8220;default&#8220; global_colors_info=&#8220;{}&#8220;][\/et_pb_contact_field][et_pb_contact_field field_id=&#8220;Bestellnummer&#8220; field_title=&#8220;Bestellnummer (wichtig bei Supportanfragen)&#8220; _builder_version=&#8220;4.27.2&#8243; _module_preset=&#8220;default&#8220; global_colors_info=&#8220;{}&#8220;][\/et_pb_contact_field][et_pb_contact_field field_id=&#8220;Message&#8220; field_title=&#8220;Nachricht&#8220; field_type=&#8220;text&#8220; fullwidth_field=&#8220;on&#8220; _builder_version=&#8220;4.16&#8243; global_colors_info=&#8220;{}&#8220; button_text_size__hover_enabled=&#8220;off&#8220; button_one_text_size__hover_enabled=&#8220;off&#8220; button_two_text_size__hover_enabled=&#8220;off&#8220; button_text_color__hover_enabled=&#8220;off&#8220; button_one_text_color__hover_enabled=&#8220;off&#8220; button_two_text_color__hover_enabled=&#8220;off&#8220; button_border_width__hover_enabled=&#8220;off&#8220; button_one_border_width__hover_enabled=&#8220;off&#8220; button_two_border_width__hover_enabled=&#8220;off&#8220; button_border_color__hover_enabled=&#8220;off&#8220; button_one_border_color__hover_enabled=&#8220;off&#8220; button_two_border_color__hover_enabled=&#8220;off&#8220; button_border_radius__hover_enabled=&#8220;off&#8220; button_one_border_radius__hover_enabled=&#8220;off&#8220; button_two_border_radius__hover_enabled=&#8220;off&#8220; button_letter_spacing__hover_enabled=&#8220;off&#8220; button_one_letter_spacing__hover_enabled=&#8220;off&#8220; button_two_letter_spacing__hover_enabled=&#8220;off&#8220; button_bg_color__hover_enabled=&#8220;off&#8220; button_one_bg_color__hover_enabled=&#8220;off&#8220; button_two_bg_color__hover_enabled=&#8220;off&#8220;][\/et_pb_contact_field][\/et_pb_contact_form][et_pb_text _builder_version=&#8220;4.27.3&#8243; text_font_size=&#8220;14px&#8220; text_line_height=&#8220;1.4em&#8220; background_size=&#8220;initial&#8220; background_position=&#8220;top_left&#8220; background_repeat=&#8220;repeat&#8220; global_colors_info=&#8220;{}&#8220;]<\/p>\n<p style=\"padding-bottom:10px;\">Wir verwenden deine Daten ausschlie\u00dflich gem\u00e4\u00df unserer <a href=\"\/de\/datenschutz\/\">Datenschutzerkl\u00e4rung<\/a>.<\/p>\n<p>*Neben dem kostenfreien limitierten Produktsupport bieten wir auch einen langfristigen umfangreichen <a href=\"\/de\/shop\/premium-support\/\">Premium-Support<\/a> und <a href=\"\/de\/shop\/installationsservice\/\">Installationsservice<\/a> an.<\/p>\n<p>[\/et_pb_text][\/et_pb_column][\/et_pb_row][\/et_pb_section]<\/p>\n","protected":false},"excerpt":{"rendered":"<p>Support &#038; AnfragenWir sind stolz darauf, dass unsere Produkte dazu beitragen, deine Online Marketingma\u00dfnahmen zu optimieren und dein Unternehmen erfolgreicher zu machen. Wir sind uns jedoch auch bewusst, dass manchmal Fragen oder Probleme auftauchen k\u00f6nnen, die du nicht alleine l\u00f6sen kannst. Deshalb m\u00f6chten wir dir versichern, dass wir dich in diesen Situationen nicht alleine lassen [&hellip;]<\/p>\n","protected":false},"author":1,"featured_media":0,"parent":0,"menu_order":0,"comment_status":"closed","ping_status":"closed","template":"","meta":{"_et_pb_use_builder":"on","_et_pb_old_content":"<!-- wp:heading {\"level\":3} -->\n<h3>Angaben gem\u00e4\u00df \u00a7 5 TMG<\/h3>\n<!-- \/wp:heading -->\n\n<!-- wp:paragraph -->\n<p><strong>Name\/Firma XYZ (GmbH, UG, GbR, AG etc.)<\/strong><\/p>\n<!-- \/wp:paragraph -->\n\n<!-- wp:paragraph -->\n<p><strong>Adresse<\/strong><\/p>\n<!-- \/wp:paragraph -->\n\n<!-- wp:paragraph -->\n<p><strong>PLZ\nOrt<\/strong><\/p>\n<!-- \/wp:paragraph -->\n\n<!-- wp:paragraph -->\n<p><strong>Telefon:&nbsp;<\/strong>0123-456789<\/p>\n<!-- \/wp:paragraph -->\n\n<!-- wp:paragraph -->\n<p><strong>Fax:&nbsp;<\/strong>0123-456789<\/p>\n<!-- \/wp:paragraph -->\n\n<!-- wp:paragraph -->\n<p><strong>E-Mail:<\/strong>&nbsp;info@firma.de<\/p>\n<!-- \/wp:paragraph -->\n\n<!-- wp:paragraph -->\n<p>(Falls\njuristische Person)<strong> Gesch\u00e4ftsf\u00fchrer:\n<\/strong>Name<\/p>\n<!-- \/wp:paragraph -->\n\n<!-- wp:paragraph -->\n<p>(Falls\nim Registereintragung vorhanden z.B. Handelsregister oder\nVereinsregister)<strong>\nHandelsregistereintrag: <\/strong>Amtsgericht\nXYZ, HRB-Nr.: 12345<\/p>\n<!-- \/wp:paragraph -->\n\n<!-- wp:paragraph -->\n<p>(Falls\nvorhanden)<strong> Umsatzsteuer-ID: <\/strong>DE123456789<\/p>\n<!-- \/wp:paragraph -->\n\n<!-- wp:paragraph -->\n<p>(Falls\nAnbieter mit journalistisch-redaktionell gestalteten Angeboten)<\/p>\n<!-- \/wp:paragraph -->\n\n<!-- wp:paragraph -->\n<p><strong>Inhaltlich\nverantwortlich gem\u00e4\u00df \u00a7 55 RStV: <\/strong>Name\/Firma,\nAnschrift<\/p>\n<!-- \/wp:paragraph -->\n\n<!-- wp:paragraph -->\n<p>(Soweit\nder Dienst im Rahmen einer T\u00e4tigkeit angeboten oder erbracht wird,\ndie der beh\u00f6rdlichen Zulassung bedarf, die Angaben zur zust\u00e4ndigen\nAufsichtsbeh\u00f6rde)<strong> Aufsichtsbeh\u00f6rde:\n<\/strong>XYZ<\/p>\n<!-- \/wp:paragraph -->\n\n<!-- wp:heading {\"level\":3} -->\n<h3>Online-Streitbeilegung<\/h3>\n<!-- \/wp:heading -->\n\n<!-- wp:paragraph -->\n<p>Die Europ\u00e4ische Kommission stellt\nunter https:\/\/ec.europa.eu\/consumers\/odr\/ eine Plattform zur\nOnline-Streitbeilegung bereit, die Verbraucher f\u00fcr die Beilegung\neiner Streitigkeit nutzen k\u00f6nnen und auf der weitere Informationen\nzum Thema Streitschlichtung zu finden sind.<\/p>\n<!-- \/wp:paragraph -->\n\n<!-- wp:heading {\"level\":3} -->\n<h3>Au\u00dfergerichtliche Streitbeilegung<\/h3>\n<!-- \/wp:heading -->\n\n<!-- wp:paragraph -->\n<p>Wir sind weder verpflichtet noch dazu\nbereit, im Falle einer Streitigkeit mit einem Verbraucher an einem\nStreitbeilegungsverfahren vor einer Verbraucherschlichtungsstelle\nteilzunehmen.<\/p>\n<!-- \/wp:paragraph -->","_et_gb_content_width":"","footnotes":""},"class_list":["post-3594","page","type-page","status-publish","hentry"],"_links":{"self":[{"href":"https:\/\/get-started.online\/de\/wp-json\/wp\/v2\/pages\/3594","targetHints":{"allow":["GET"]}}],"collection":[{"href":"https:\/\/get-started.online\/de\/wp-json\/wp\/v2\/pages"}],"about":[{"href":"https:\/\/get-started.online\/de\/wp-json\/wp\/v2\/types\/page"}],"author":[{"embeddable":true,"href":"https:\/\/get-started.online\/de\/wp-json\/wp\/v2\/users\/1"}],"replies":[{"embeddable":true,"href":"https:\/\/get-started.online\/de\/wp-json\/wp\/v2\/comments?post=3594"}],"version-history":[{"count":1,"href":"https:\/\/get-started.online\/de\/wp-json\/wp\/v2\/pages\/3594\/revisions"}],"predecessor-version":[{"id":7158,"href":"https:\/\/get-started.online\/de\/wp-json\/wp\/v2\/pages\/3594\/revisions\/7158"}],"wp:attachment":[{"href":"https:\/\/get-started.online\/de\/wp-json\/wp\/v2\/media?parent=3594"}],"curies":[{"name":"wp","href":"https:\/\/api.w.org\/{rel}","templated":true}]}}