{"id":3853,"date":"2023-05-14T08:44:15","date_gmt":"2023-05-14T06:44:15","guid":{"rendered":"https:\/\/dev.get-started.online\/?page_id=3853"},"modified":"2025-07-14T19:10:57","modified_gmt":"2025-07-14T17:10:57","slug":"hosting","status":"publish","type":"page","link":"https:\/\/get-started.online\/de\/hosting\/","title":{"rendered":"Hosting"},"content":{"rendered":"<p>[et_pb_section fb_built=&#8220;1&#8243; _builder_version=&#8220;4.20.2&#8243; _module_preset=&#8220;default&#8220; background_enable_color=&#8220;off&#8220; custom_margin=&#8220;||||false|false&#8220; custom_padding=&#8220;30px||50px||false|false&#8220; locked=&#8220;off&#8220; global_colors_info=&#8220;{}&#8220;][et_pb_row _builder_version=&#8220;4.21.0&#8243; _module_preset=&#8220;default&#8220; module_alignment=&#8220;center&#8220; custom_margin=&#8220;|0px||0px|false|false&#8220; custom_padding=&#8220;0px||||false|false&#8220; global_colors_info=&#8220;{}&#8220;][et_pb_column type=&#8220;4_4&#8243; _builder_version=&#8220;4.16&#8243; _module_preset=&#8220;default&#8220; global_colors_info=&#8220;{}&#8220;][et_pb_text _builder_version=&#8220;4.21.0&#8243; _module_preset=&#8220;default&#8220; custom_margin=&#8220;||20px||false|false&#8220; custom_padding=&#8220;||||false|false&#8220; locked=&#8220;off&#8220; global_colors_info=&#8220;{}&#8220;]<\/p>\n<h1>Hosting<\/h1>\n<p>[\/et_pb_text][et_pb_text _builder_version=&#8220;4.27.3&#8243; text_font_size=&#8220;18px&#8220; text_line_height=&#8220;1.6em&#8220; link_font=&#8220;|600|||||||&#8220; background_size=&#8220;initial&#8220; background_position=&#8220;top_left&#8220; background_repeat=&#8220;repeat&#8220; global_colors_info=&#8220;{}&#8220;]<\/p>\n<p>Suchst du nach einem zuverl\u00e4ssigen und schnellen Hosting-Unternehmen? Dann ist ALL-INKL die perfekte Wahl f\u00fcr dich! Als eines der f\u00fchrenden Hosting-Unternehmen in Deutschland bietet ALL-INKL nicht nur schnelle und sichere Hosting-L\u00f6sungen, sondern auch eine hervorragende Kundenbetreuung, die rund um die Uhr verf\u00fcgbar ist.<\/p>\n<p>Deine Website ist das Aush\u00e4ngeschild deines Unternehmens und du bist auf eine stabile und schnelle Website angewiesen, um deine Besucher zufriedenzustellen und eine erfolgreiche Online-Pr\u00e4senz auszubauen. Daf\u00fcr bietet ALL-INKL eine breite Palette von Hosting-L\u00f6sungen an, die auf professionelle Bed\u00fcrfnisse zugeschnitten sind \u2013 von Shared Hosting bis hin zu Managed Servern. Die Server sind mit den neuesten Technologien ausgestattet, um eine hohe Geschwindigkeit und eine hervorragende Performance zu gew\u00e4hrleisten.<\/p>\n<p>Wichtig und au\u00dfergew\u00f6hnlich: Der ALL-INKL Kundensupport ist rund um die Uhr verf\u00fcgbar, um schnell und zuverl\u00e4ssig bei Fragen oder Problemen zu helfen. Und der Strom der Rechenzentren von ALL-INKL ist zudem 100% CO<sub>2<\/sub>-frei und wird aus erneuerbaren Energiequellen, \u00fcberwiegend aus Wasserkraft in skandinavischen Wasserkraftwerken, erzeugt.<\/p>\n<p>Wir nutzen selber schon seit Jahren erfolgreich das Hosting von ALL-INKL und haben bereits eine Vielzahl von zufriedenen Kunden, die vom erstklassigen Service und der Zuverl\u00e4ssigkeit von ALL-INKL begeistert sind. Schlie\u00dfe einfach einen Hostingvertrag bei ALL-INKL und erlebe eine schnelle und sichere Hosting-L\u00f6sung, die auf deine Bed\u00fcrfnisse zugeschnitten ist.<\/p>\n<p>Unsere angebotenen Pakete zu WordPress und WooCommerce funktionieren herorragend mit den folgenden Shared-Hosting-Paketen:<\/p>\n<h3>ALL-INKL Premium<\/h3>\n<p style=\"padding-bottom:10px;\">Der Webspace-Tarif ALL-INKL Premium zeichnet sich durch ein Maximum an Ausstattung zu einem fairen Preis aus. Mit 10 Domains inklusive, 250 GB Speicherplatz und zahlreichen exklusiven Features wird das Angebot seinem Namen \u201ePremium\u201c in jeder Hinsicht gerecht.<\/p>\n<p><i class=\"fa-solid fa-arrow-right\"><\/i> <a href=\"https:\/\/all-inkl.com\/webhosting\/premium\/PA50C401CCB55AD\" target=\"_blank\" rel=\"noopener\">Details &amp; Buchung<\/a><\/p>\n<h3>ALL-INKL Business<\/h3>\n<p style=\"padding-bottom:10px;\">Der Webspace-Tarif ALL-INKL Business eignet sich besonders gut f\u00fcr gesch\u00e4ftliche Webprojekte und bietet viele Business-Extras, wie z.B. ein eigenes SSL-Zertifikat und einen speziellen Support, der eine bevorzugte Bearbeitung Ihrer Anfragen garantiert.<\/p>\n<p><i class=\"fa-solid fa-arrow-right\"><\/i> <a href=\"https:\/\/all-inkl.com\/webhosting\/business\/PA50C401CCB55AD\" target=\"_blank\" rel=\"noopener\">Details &amp; Buchung<\/a><\/p>\n<p>[\/et_pb_text][\/et_pb_column][\/et_pb_row][\/et_pb_section]<\/p>\n","protected":false},"excerpt":{"rendered":"<p>HostingSuchst du nach einem zuverl\u00e4ssigen und schnellen Hosting-Unternehmen? Dann ist ALL-INKL die perfekte Wahl f\u00fcr dich! Als eines der f\u00fchrenden Hosting-Unternehmen in Deutschland bietet ALL-INKL nicht nur schnelle und sichere Hosting-L\u00f6sungen, sondern auch eine hervorragende Kundenbetreuung, die rund um die Uhr verf\u00fcgbar ist. Deine Website ist das Aush\u00e4ngeschild deines Unternehmens und du bist auf eine [&hellip;]<\/p>\n","protected":false},"author":1,"featured_media":0,"parent":0,"menu_order":0,"comment_status":"closed","ping_status":"closed","template":"","meta":{"_et_pb_use_builder":"on","_et_pb_old_content":"<!-- wp:heading {\"level\":3} -->\n<h3>Angaben gem\u00e4\u00df \u00a7 5 TMG<\/h3>\n<!-- \/wp:heading -->\n\n<!-- wp:paragraph -->\n<p><strong>Name\/Firma XYZ (GmbH, UG, GbR, AG etc.)<\/strong><\/p>\n<!-- \/wp:paragraph -->\n\n<!-- wp:paragraph -->\n<p><strong>Adresse<\/strong><\/p>\n<!-- \/wp:paragraph -->\n\n<!-- wp:paragraph -->\n<p><strong>PLZ\nOrt<\/strong><\/p>\n<!-- \/wp:paragraph -->\n\n<!-- wp:paragraph -->\n<p><strong>Telefon:&nbsp;<\/strong>0123-456789<\/p>\n<!-- \/wp:paragraph -->\n\n<!-- wp:paragraph -->\n<p><strong>Fax:&nbsp;<\/strong>0123-456789<\/p>\n<!-- \/wp:paragraph -->\n\n<!-- wp:paragraph -->\n<p><strong>E-Mail:<\/strong>&nbsp;info@firma.de<\/p>\n<!-- \/wp:paragraph -->\n\n<!-- wp:paragraph -->\n<p>(Falls\njuristische Person)<strong> Gesch\u00e4ftsf\u00fchrer:\n<\/strong>Name<\/p>\n<!-- \/wp:paragraph -->\n\n<!-- wp:paragraph -->\n<p>(Falls\nim Registereintragung vorhanden z.B. Handelsregister oder\nVereinsregister)<strong>\nHandelsregistereintrag: <\/strong>Amtsgericht\nXYZ, HRB-Nr.: 12345<\/p>\n<!-- \/wp:paragraph -->\n\n<!-- wp:paragraph -->\n<p>(Falls\nvorhanden)<strong> Umsatzsteuer-ID: <\/strong>DE123456789<\/p>\n<!-- \/wp:paragraph -->\n\n<!-- wp:paragraph -->\n<p>(Falls\nAnbieter mit journalistisch-redaktionell gestalteten Angeboten)<\/p>\n<!-- \/wp:paragraph -->\n\n<!-- wp:paragraph -->\n<p><strong>Inhaltlich\nverantwortlich gem\u00e4\u00df \u00a7 55 RStV: <\/strong>Name\/Firma,\nAnschrift<\/p>\n<!-- \/wp:paragraph -->\n\n<!-- wp:paragraph -->\n<p>(Soweit\nder Dienst im Rahmen einer T\u00e4tigkeit angeboten oder erbracht wird,\ndie der beh\u00f6rdlichen Zulassung bedarf, die Angaben zur zust\u00e4ndigen\nAufsichtsbeh\u00f6rde)<strong> Aufsichtsbeh\u00f6rde:\n<\/strong>XYZ<\/p>\n<!-- \/wp:paragraph -->\n\n<!-- wp:heading {\"level\":3} -->\n<h3>Online-Streitbeilegung<\/h3>\n<!-- \/wp:heading -->\n\n<!-- wp:paragraph -->\n<p>Die Europ\u00e4ische Kommission stellt\nunter https:\/\/ec.europa.eu\/consumers\/odr\/ eine Plattform zur\nOnline-Streitbeilegung bereit, die Verbraucher f\u00fcr die Beilegung\neiner Streitigkeit nutzen k\u00f6nnen und auf der weitere Informationen\nzum Thema Streitschlichtung zu finden sind.<\/p>\n<!-- \/wp:paragraph -->\n\n<!-- wp:heading {\"level\":3} -->\n<h3>Au\u00dfergerichtliche Streitbeilegung<\/h3>\n<!-- \/wp:heading -->\n\n<!-- wp:paragraph -->\n<p>Wir sind weder verpflichtet noch dazu\nbereit, im Falle einer Streitigkeit mit einem Verbraucher an einem\nStreitbeilegungsverfahren vor einer Verbraucherschlichtungsstelle\nteilzunehmen.<\/p>\n<!-- \/wp:paragraph -->","_et_gb_content_width":"","footnotes":""},"class_list":["post-3853","page","type-page","status-publish","hentry"],"_links":{"self":[{"href":"https:\/\/get-started.online\/de\/wp-json\/wp\/v2\/pages\/3853","targetHints":{"allow":["GET"]}}],"collection":[{"href":"https:\/\/get-started.online\/de\/wp-json\/wp\/v2\/pages"}],"about":[{"href":"https:\/\/get-started.online\/de\/wp-json\/wp\/v2\/types\/page"}],"author":[{"embeddable":true,"href":"https:\/\/get-started.online\/de\/wp-json\/wp\/v2\/users\/1"}],"replies":[{"embeddable":true,"href":"https:\/\/get-started.online\/de\/wp-json\/wp\/v2\/comments?post=3853"}],"version-history":[{"count":1,"href":"https:\/\/get-started.online\/de\/wp-json\/wp\/v2\/pages\/3853\/revisions"}],"predecessor-version":[{"id":7161,"href":"https:\/\/get-started.online\/de\/wp-json\/wp\/v2\/pages\/3853\/revisions\/7161"}],"wp:attachment":[{"href":"https:\/\/get-started.online\/de\/wp-json\/wp\/v2\/media?parent=3853"}],"curies":[{"name":"wp","href":"https:\/\/api.w.org\/{rel}","templated":true}]}}