{"id":7025,"date":"2025-06-11T06:02:13","date_gmt":"2025-06-11T04:02:13","guid":{"rendered":"https:\/\/dev.get-started.online\/?page_id=7025"},"modified":"2025-06-11T06:47:39","modified_gmt":"2025-06-11T04:47:39","slug":"versand","status":"publish","type":"page","link":"https:\/\/get-started.online\/de\/versand\/","title":{"rendered":"Versandinformationen"},"content":{"rendered":"<p>[et_pb_section fb_built=&#8220;1&#8243; _builder_version=&#8220;4.21.0&#8243; _module_preset=&#8220;default&#8220; global_colors_info=&#8220;{}&#8220;][et_pb_row _builder_version=&#8220;4.21.0&#8243; _module_preset=&#8220;default&#8220; global_colors_info=&#8220;{}&#8220;][et_pb_column type=&#8220;4_4&#8243; _builder_version=&#8220;4.21.0&#8243; _module_preset=&#8220;default&#8220; global_colors_info=&#8220;{}&#8220;][et_pb_text _builder_version=&#8220;4.27.4&#8243; _module_preset=&#8220;default&#8220; hover_enabled=&#8220;0&#8243; custom_css_free_form=&#8220;selector p {||  padding-bottom:0.8em;||}|| selector h2, || selector h3, || selector h4, || selector h5, || selector h6 {||  margin-top: 0.5em;||}||||selector hr {||\tborder: none;||\theight: 1px;||\tcolor: #333;||\tbackground-color: #333;||\tmargin-bottom: 20px;||}||&#8220; global_colors_info=&#8220;{}&#8220; sticky_enabled=&#8220;0&#8243;]<\/p>\n<h1>Versandinformationen<\/h1>\n<h2>Digitale Lieferung \u2013 schnell, sicher, unkompliziert<\/h2>\n<p>Alle Produkte auf get-started.online sind rein digitale Softwarel\u00f6sungen. Es erfolgt kein physischer Versand.<\/p>\n<p data-end=\"462\">Nach erfolgreichem Kauf erhalten Sie:<\/p>\n<ul>\n<li>\n<p>Einen sofortigen Zugriff auf das gew\u00e4hlte Softwarepaket \u00fcber Ihr Kundenkonto<\/p>\n<\/li>\n<li>\nEinen Download-Link, der in Ihrer Bestellbest\u00e4tigung enthalten ist\n<\/li>\n<li>\nEinen Lizenzschl\u00fcssel, der zur Freischaltung weiterer Funktionen erforderlich ist (je nach Produkt)\n<\/li>\n<\/ul>\n<h3>Lieferzeit<\/h3>\n<p>Die Bereitstellung erfolgt unmittelbar nach Zahlungseingang. In der Regel steht der Download innerhalb weniger Minuten zur Verf\u00fcgung. Bei Zahlungen per Vorkasse kann sich die Freigabe bis zum Zahlungseingang verz\u00f6gern.<\/p>\n<h3>Kein Versand in Papierform<\/h3>\n<p>Da es sich ausschlie\u00dflich um digitale Produkte handelt, entfallen:<\/p>\n<ul>\n<li>Versandkosten\n<\/li>\n<li>\nLieferzeiten f\u00fcr physische Produkte\n<\/li>\n<li>\nZollabwicklung oder grenz\u00fcberschreitende Versandformalit\u00e4ten\n<\/li>\n<\/ul>\n<h3>Hilfe beim Download<\/h3>\n<p>Sollten Sie Probleme beim Herunterladen Ihres Produkts haben oder der Lizenzschl\u00fcssel nicht korrekt angezeigt werden, kontaktieren Sie uns bitte \u00fcber unser <a href=\"\/support\/\">Support-Formular<\/a> oder per E-Mail an <a href=\"mailto:support@get-started.online\">support@get-started.online<\/a>.<\/p>\n<p>[\/et_pb_text][\/et_pb_column][\/et_pb_row][\/et_pb_section]<\/p>\n","protected":false},"excerpt":{"rendered":"<p>Versandinformationen Digitale Lieferung \u2013 schnell, sicher, unkompliziert Alle Produkte auf get-started.online sind rein digitale Softwarel\u00f6sungen. Es erfolgt kein physischer Versand. Nach erfolgreichem Kauf erhalten Sie: Einen sofortigen Zugriff auf das gew\u00e4hlte Softwarepaket \u00fcber Ihr Kundenkonto Einen Download-Link, der in Ihrer Bestellbest\u00e4tigung enthalten ist Einen Lizenzschl\u00fcssel, der zur Freischaltung weiterer Funktionen erforderlich ist (je nach Produkt) [&hellip;]<\/p>\n","protected":false},"author":1,"featured_media":0,"parent":0,"menu_order":0,"comment_status":"closed","ping_status":"closed","template":"","meta":{"_et_pb_use_builder":"on","_et_pb_old_content":"","_et_gb_content_width":"","footnotes":""},"class_list":["post-7025","page","type-page","status-publish","hentry"],"_links":{"self":[{"href":"https:\/\/get-started.online\/de\/wp-json\/wp\/v2\/pages\/7025","targetHints":{"allow":["GET"]}}],"collection":[{"href":"https:\/\/get-started.online\/de\/wp-json\/wp\/v2\/pages"}],"about":[{"href":"https:\/\/get-started.online\/de\/wp-json\/wp\/v2\/types\/page"}],"author":[{"embeddable":true,"href":"https:\/\/get-started.online\/de\/wp-json\/wp\/v2\/users\/1"}],"replies":[{"embeddable":true,"href":"https:\/\/get-started.online\/de\/wp-json\/wp\/v2\/comments?post=7025"}],"version-history":[{"count":5,"href":"https:\/\/get-started.online\/de\/wp-json\/wp\/v2\/pages\/7025\/revisions"}],"predecessor-version":[{"id":7035,"href":"https:\/\/get-started.online\/de\/wp-json\/wp\/v2\/pages\/7025\/revisions\/7035"}],"wp:attachment":[{"href":"https:\/\/get-started.online\/de\/wp-json\/wp\/v2\/media?parent=7025"}],"curies":[{"name":"wp","href":"https:\/\/api.w.org\/{rel}","templated":true}]}}