{"id":759,"date":"2020-05-03T08:39:47","date_gmt":"2020-05-03T06:39:47","guid":{"rendered":"https:\/\/dev.get-started.online\/?page_id=759"},"modified":"2025-10-14T08:26:50","modified_gmt":"2025-10-14T06:26:50","slug":"impressum","status":"publish","type":"page","link":"https:\/\/get-started.online\/de\/impressum\/","title":{"rendered":"Impressum"},"content":{"rendered":"<p>[et_pb_section fb_built=&#8220;1&#8243; _builder_version=&#8220;4.20.2&#8243; _module_preset=&#8220;default&#8220; background_enable_color=&#8220;off&#8220; custom_margin=&#8220;||||false|false&#8220; custom_padding=&#8220;30px||50px||false|false&#8220; locked=&#8220;off&#8220; global_colors_info=&#8220;{}&#8220;][et_pb_row _builder_version=&#8220;4.20.2&#8243; _module_preset=&#8220;default&#8220; module_alignment=&#8220;center&#8220; custom_margin=&#8220;|0px||0px|false|false&#8220; custom_padding=&#8220;0px||0px||false|false&#8220; global_colors_info=&#8220;{}&#8220;][et_pb_column type=&#8220;4_4&#8243; _builder_version=&#8220;4.16&#8243; _module_preset=&#8220;default&#8220; global_colors_info=&#8220;{}&#8220;][et_pb_text _builder_version=&#8220;4.27.4&#8243; _module_preset=&#8220;default&#8220; header_2_font_size=&#8220;20px&#8220; header_2_line_height=&#8220;1.4em&#8220; custom_margin=&#8220;||20px||false|false&#8220; custom_padding=&#8220;||||false|false&#8220; custom_css_free_form=&#8220;selector h2 { margin-top:-10px}&#8220; locked=&#8220;off&#8220; global_colors_info=&#8220;{}&#8220;]<\/p>\n<h1>Impressum<\/h1>\n<h2>Anbieterkennzeichnung gem\u00e4\u00df \u00a7 5 Digitale-Dienste-Gesetz (DDG)<\/h2>\n<p>[\/et_pb_text][et_pb_text _builder_version=&#8220;4.27.4&#8243; text_line_height=&#8220;1.6em&#8220; background_size=&#8220;initial&#8220; background_position=&#8220;top_left&#8220; background_repeat=&#8220;repeat&#8220; global_colors_info=&#8220;{}&#8220;]<\/p>\n<p>conmerx UG (haftungsbeschr\u00e4nkt)<br \/>Wallen-Lienen 64<br \/>49545 Tecklenburg<br \/>Deutschland<\/p>\n<p>Telefon: +49 5455 6339666<br \/>Telefax: +49 5455 6339695<br \/>E-Mail: info@conmerx.de<\/p>\n<p>Vertretungsberechtigt: Petra Maspohl<br \/>Amtsgericht Steinfurt, HRB 14178<br \/>Umsatzsteuer-ID: DE322518827<\/p>\n<p>Inhaltlich Verantwortlicher gem\u00e4\u00df \u00a7 18 Abs. 2 Medienstaatsvertrag (MStV):<br \/>Bernward Maspohl<br \/>Wallen-Lienen 64<br \/>49545 Tecklenburg<\/p>\n<h4>Rechtliche Hinweise \/ Markenrecht \/ Lizenzangaben<\/h4>\n<p>get-started.online ist ein Vertriebsprojekt der conmerx UG (haftungsbeschr\u00e4nkt), betrieben im Rahmen einer Lizenzvereinbarung.<br \/>Die Markenrechte und das geistige Eigentum verbleiben beim urspr\u00fcnglichen Rechteinhaber und werden voraussichtlich durch eine ausl\u00e4ndische Gesellschaft verwaltet.<\/p>\n<p>get-started.online ist ein unabh\u00e4ngiges Produkt und steht in keiner Verbindung zu Automattic Inc. oder der WordPress Foundation.<br \/>WooCommerce\u00ae ist eine eingetragene Marke von Automattic Inc.<br \/>WordPress\u00ae ist eine eingetragene Marke der WordPress Foundation.<br \/>Dieses Angebot basiert auf frei verf\u00fcgbarer Open-Source-Software, die unter der GNU General Public License (GPL) steht. Unsere Leistung besteht ausschlie\u00dflich in der Zusammenstellung, Konfiguration und Dokumentation eines vorinstallierten WordPress\/WooCommerce-Systems mit ausgew\u00e4hlten, ebenfalls frei verf\u00fcgbaren Plugins. Wir verkaufen keine Lizenz f\u00fcr WordPress, WooCommerce oder Plugins Dritter, sondern bieten eine technische Dienstleistung an: die komfortable Bereitstellung eines installierbaren Komplettsystems auf dem eigenen Webspace des Kunden.<\/p>\n<p>Wir behalten uns vor, die Informationen in dieser Website jederzeit und ohne vorherige Ank\u00fcndigung zu \u00e4ndern oder zu aktualisieren. Alle auf unseren Internetseiten ver\u00f6ffentlichten Werke bzw. Werkteile wie z.B. Texte, Dateien, Kompositionen und Bilder sind urheberrechtlich bzw. nach dem Geschmacksmustergesetz gesch\u00fctzt. Jede weitere Ver\u00f6ffentlichung, Vervielf\u00e4ltigung, Verbreitung oder sonstige Nutzung \u2013 auch auszugsweise \u2013 bedarf der schriftlichen Genehmigung der conmerx UG.<\/p>\n<h4>Haftungshinweis<\/h4>\n<p>Trotz sorgf\u00e4ltiger inhaltlicher Kontrolle \u00fcbernehmen wir keine Haftung f\u00fcr die Inhalte externer Links. F\u00fcr den Inhalt der verlinkten Seiten sind ausschlie\u00dflich deren Betreiber verantwortlich.<\/p>\n<h4>Online-Streitbeilegung \/ Verbraucherstreitbeilegung<\/h4>\n<p>Die Europ\u00e4ische Kommission stellt eine Plattform zur Online-Streitbeilegung (OS-Plattform) unter <a href=\"https:\/\/ec.europa.eu\/consumers\/odr\/\" target=\"_blank\" rel=\"noopener\">https:\/\/ec.europa.eu\/consumers\/odr\/<\/a> bereit.<br \/>Wir sind nicht verpflichtet und nicht bereit, an Streitbeilegungsverfahren vor einer Verbraucherschlichtungsstelle teilzunehmen.<\/p>\n<h4>Haftungsausschluss \/ Rechtliche G\u00fcltigkeit<\/h4>\n<p>Sollten einzelne Formulierungen dieses Impressums den geltenden Rechtsvorschriften nicht, nicht mehr oder nicht vollst\u00e4ndig entsprechen, bleiben die \u00fcbrigen Teile in ihrem Inhalt und ihrer G\u00fcltigkeit davon unber\u00fchrt.<\/p>\n<p>[\/et_pb_text][\/et_pb_column][\/et_pb_row][\/et_pb_section]<\/p>\n","protected":false},"excerpt":{"rendered":"<p>Impressum Anbieterkennzeichnung gem\u00e4\u00df \u00a7 5 Digitale-Dienste-Gesetz (DDG)conmerx UG (haftungsbeschr\u00e4nkt)Wallen-Lienen 6449545 TecklenburgDeutschland Telefon: +49 5455 6339666Telefax: +49 5455 6339695E-Mail: info@conmerx.de Vertretungsberechtigt: Petra MaspohlAmtsgericht Steinfurt, HRB 14178Umsatzsteuer-ID: DE322518827 Inhaltlich Verantwortlicher gem\u00e4\u00df \u00a7 18 Abs. 2 Medienstaatsvertrag (MStV):Bernward MaspohlWallen-Lienen 6449545 Tecklenburg Rechtliche Hinweise \/ Markenrecht \/ Lizenzangaben get-started.online ist ein Vertriebsprojekt der conmerx UG (haftungsbeschr\u00e4nkt), betrieben im Rahmen [&hellip;]<\/p>\n","protected":false},"author":1,"featured_media":0,"parent":0,"menu_order":0,"comment_status":"closed","ping_status":"closed","template":"","meta":{"_et_pb_use_builder":"on","_et_pb_old_content":"<!-- wp:heading {\"level\":3} -->\n<h3>Angaben gem\u00e4\u00df \u00a7 5 TMG<\/h3>\n<!-- \/wp:heading -->\n\n<!-- wp:paragraph -->\n<p><strong>Name\/Firma XYZ (GmbH, UG, GbR, AG etc.)<\/strong><\/p>\n<!-- \/wp:paragraph -->\n\n<!-- wp:paragraph -->\n<p><strong>Adresse<\/strong><\/p>\n<!-- \/wp:paragraph -->\n\n<!-- wp:paragraph -->\n<p><strong>PLZ\nOrt<\/strong><\/p>\n<!-- \/wp:paragraph -->\n\n<!-- wp:paragraph -->\n<p><strong>Telefon:&nbsp;<\/strong>0123-456789<\/p>\n<!-- \/wp:paragraph -->\n\n<!-- wp:paragraph -->\n<p><strong>Fax:&nbsp;<\/strong>0123-456789<\/p>\n<!-- \/wp:paragraph -->\n\n<!-- wp:paragraph -->\n<p><strong>E-Mail:<\/strong>&nbsp;info@firma.de<\/p>\n<!-- \/wp:paragraph -->\n\n<!-- wp:paragraph -->\n<p>(Falls\njuristische Person)<strong> Gesch\u00e4ftsf\u00fchrer:\n<\/strong>Name<\/p>\n<!-- \/wp:paragraph -->\n\n<!-- wp:paragraph -->\n<p>(Falls\nim Registereintragung vorhanden z.B. Handelsregister oder\nVereinsregister)<strong>\nHandelsregistereintrag: <\/strong>Amtsgericht\nXYZ, HRB-Nr.: 12345<\/p>\n<!-- \/wp:paragraph -->\n\n<!-- wp:paragraph -->\n<p>(Falls\nvorhanden)<strong> Umsatzsteuer-ID: <\/strong>DE123456789<\/p>\n<!-- \/wp:paragraph -->\n\n<!-- wp:paragraph -->\n<p>(Falls\nAnbieter mit journalistisch-redaktionell gestalteten Angeboten)<\/p>\n<!-- \/wp:paragraph -->\n\n<!-- wp:paragraph -->\n<p><strong>Inhaltlich\nverantwortlich gem\u00e4\u00df \u00a7 55 RStV: <\/strong>Name\/Firma,\nAnschrift<\/p>\n<!-- \/wp:paragraph -->\n\n<!-- wp:paragraph -->\n<p>(Soweit\nder Dienst im Rahmen einer T\u00e4tigkeit angeboten oder erbracht wird,\ndie der beh\u00f6rdlichen Zulassung bedarf, die Angaben zur zust\u00e4ndigen\nAufsichtsbeh\u00f6rde)<strong> Aufsichtsbeh\u00f6rde:\n<\/strong>XYZ<\/p>\n<!-- \/wp:paragraph -->\n\n<!-- wp:heading {\"level\":3} -->\n<h3>Online-Streitbeilegung<\/h3>\n<!-- \/wp:heading -->\n\n<!-- wp:paragraph -->\n<p>Die Europ\u00e4ische Kommission stellt\nunter https:\/\/ec.europa.eu\/consumers\/odr\/ eine Plattform zur\nOnline-Streitbeilegung bereit, die Verbraucher f\u00fcr die Beilegung\neiner Streitigkeit nutzen k\u00f6nnen und auf der weitere Informationen\nzum Thema Streitschlichtung zu finden sind.<\/p>\n<!-- \/wp:paragraph -->\n\n<!-- wp:heading {\"level\":3} -->\n<h3>Au\u00dfergerichtliche Streitbeilegung<\/h3>\n<!-- \/wp:heading -->\n\n<!-- wp:paragraph -->\n<p>Wir sind weder verpflichtet noch dazu\nbereit, im Falle einer Streitigkeit mit einem Verbraucher an einem\nStreitbeilegungsverfahren vor einer Verbraucherschlichtungsstelle\nteilzunehmen.<\/p>\n<!-- \/wp:paragraph -->","_et_gb_content_width":"","footnotes":""},"class_list":["post-759","page","type-page","status-publish","hentry"],"_links":{"self":[{"href":"https:\/\/get-started.online\/de\/wp-json\/wp\/v2\/pages\/759","targetHints":{"allow":["GET"]}}],"collection":[{"href":"https:\/\/get-started.online\/de\/wp-json\/wp\/v2\/pages"}],"about":[{"href":"https:\/\/get-started.online\/de\/wp-json\/wp\/v2\/types\/page"}],"author":[{"embeddable":true,"href":"https:\/\/get-started.online\/de\/wp-json\/wp\/v2\/users\/1"}],"replies":[{"embeddable":true,"href":"https:\/\/get-started.online\/de\/wp-json\/wp\/v2\/comments?post=759"}],"version-history":[{"count":8,"href":"https:\/\/get-started.online\/de\/wp-json\/wp\/v2\/pages\/759\/revisions"}],"predecessor-version":[{"id":7333,"href":"https:\/\/get-started.online\/de\/wp-json\/wp\/v2\/pages\/759\/revisions\/7333"}],"wp:attachment":[{"href":"https:\/\/get-started.online\/de\/wp-json\/wp\/v2\/media?parent=759"}],"curies":[{"name":"wp","href":"https:\/\/api.w.org\/{rel}","templated":true}]}}