{"id":3555,"date":"2023-04-08T18:03:58","date_gmt":"2023-04-08T16:03:58","guid":{"rendered":"https:\/\/dev.get-started.online\/?post_type=product&#038;p=3555"},"modified":"2025-10-09T16:01:03","modified_gmt":"2025-10-09T14:01:03","slug":"premium-support","status":"publish","type":"product","link":"https:\/\/get-started.online\/de\/shop\/premium-support\/","title":{"rendered":"Premium-Support"},"content":{"rendered":"<h2>Wir unterst\u00fctzen dich mit professionellem Support<\/h2>\n<p>Ben\u00f6tigst du nur f\u00fcr einen begrenzten Zeitraum spezielles Fachwissen? Oder m\u00f6chtest du eine kontinuierliche Unterst\u00fctzung in Form eines Premium-Support? Dann kannst du unser Fachwissen nach Bedarf in Anspruch nehmen und zahlst nur f\u00fcr das, was du wirklich brauchst. Wir dokumentieren die beauftragten Leistungen minutengenau und berechnen nur die tats\u00e4chlich angefallenen Zeit.<\/p>\n<p>W\u00e4hle einfach das Paket, das f\u00fcr dich am besten geeignet ist. Je mehr Stunden du kaufst, desto weniger kosten sie.<\/p>\n","protected":false},"excerpt":{"rendered":"<p>Wenn du mal Unterst\u00fctzung ben\u00f6tigst, dich aber nicht langfristig binden willst. Kaufe Premium-Support doch einfach stundenweise!<\/p>\n","protected":false},"featured_media":7250,"template":"","meta":{"_et_pb_use_builder":"off","_et_pb_old_content":"<h2>Wir unterst\u00fctzen dich mit professionellem Support<\/h2>\r\nBen\u00f6tigst du nur f\u00fcr einen begrenzten Zeitraum spezielles Fachwissen? Oder m\u00f6chtest du eine kontinuierliche Unterst\u00fctzung in Form eines Premium-Support? Dann kannst du unser Fachwissen nach Bedarf in Anspruch nehmen und zahlst nur f\u00fcr das, was du wirklich brauchst. Wir dokumentieren die beauftragten Leistungen minutengenau und berechnen nur die tats\u00e4chlich angefallenen Zeit.\r\n\r\nW\u00e4hle einfach das Paket, das f\u00fcr dich am besten geeignet ist. Je mehr Stunden du kaufst, desto weniger kosten sie.","_et_gb_content_width":""},"product_brand":[],"product_cat":[81],"product_tag":[84,83,59],"class_list":{"0":"post-3555","1":"product","2":"type-product","3":"status-publish","4":"has-post-thumbnail","6":"product_cat-support","7":"product_tag-website","8":"product_tag-wordpress","9":"product_tag-woocommerce","11":"first","12":"instock","13":"taxable","14":"shipping-taxable","15":"product-type-variable","16":"has-default-attributes"},"_links":{"self":[{"href":"https:\/\/get-started.online\/de\/wp-json\/wp\/v2\/product\/3555","targetHints":{"allow":["GET"]}}],"collection":[{"href":"https:\/\/get-started.online\/de\/wp-json\/wp\/v2\/product"}],"about":[{"href":"https:\/\/get-started.online\/de\/wp-json\/wp\/v2\/types\/product"}],"wp:featuredmedia":[{"embeddable":true,"href":"https:\/\/get-started.online\/de\/wp-json\/wp\/v2\/media\/7250"}],"wp:attachment":[{"href":"https:\/\/get-started.online\/de\/wp-json\/wp\/v2\/media?parent=3555"}],"wp:term":[{"taxonomy":"product_brand","embeddable":true,"href":"https:\/\/get-started.online\/de\/wp-json\/wp\/v2\/product_brand?post=3555"},{"taxonomy":"product_cat","embeddable":true,"href":"https:\/\/get-started.online\/de\/wp-json\/wp\/v2\/product_cat?post=3555"},{"taxonomy":"product_tag","embeddable":true,"href":"https:\/\/get-started.online\/de\/wp-json\/wp\/v2\/product_tag?post=3555"}],"curies":[{"name":"wp","href":"https:\/\/api.w.org\/{rel}","templated":true}]}}