{"id":4166,"date":"2023-06-17T16:23:53","date_gmt":"2023-06-17T14:23:53","guid":{"rendered":"https:\/\/dev.get-started.online\/?post_type=product&#038;p=4166"},"modified":"2025-10-09T16:00:27","modified_gmt":"2025-10-09T14:00:27","slug":"installationsservice","status":"publish","type":"product","link":"https:\/\/get-started.online\/de\/shop\/installationsservice\/","title":{"rendered":"Installationsservice"},"content":{"rendered":"<h2>Wir unterst\u00fctzen dich bei der Installation von WordPress oder WooCommerce<\/h2>\n<p>Ben\u00f6tigst du doch Unterst\u00fctzung bei der Installation unserer Ready-To-Use Installationspakete f\u00fcr WordPress oder WooCommerce? Dann kannst du einfach unseren Installationsservice in Anspruch nehmen.<\/p>\n","protected":false},"excerpt":{"rendered":"<p style=\"padding-bottom:1em;\">Wir unterst\u00fctzen dich bei der Installation unserer Ready-To-Use Installationspakete<\/p>\n","protected":false},"featured_media":7248,"template":"","meta":{"_et_pb_use_builder":"off","_et_pb_old_content":"<h2>Wir unterst\u00fctzen dich bei der Installation von WordPress oder WooCommerce<\/h2>\r\nBen\u00f6tigst du doch Unterst\u00fctzung bei der Installation unserer Ready-To-Use Installationspakete f\u00fcr WordPress oder WooCommerce? Dann kannst du einfach unseren Installationsservice in Anspruch nehmen.","_et_gb_content_width":""},"product_brand":[],"product_cat":[81],"product_tag":[84,83,59],"class_list":{"0":"post-4166","1":"product","2":"type-product","3":"status-publish","4":"has-post-thumbnail","6":"product_cat-support","7":"product_tag-website","8":"product_tag-wordpress","9":"product_tag-woocommerce","11":"first","12":"instock","13":"downloadable","14":"taxable","15":"shipping-taxable","16":"product-type-simple"},"_links":{"self":[{"href":"https:\/\/get-started.online\/de\/wp-json\/wp\/v2\/product\/4166","targetHints":{"allow":["GET"]}}],"collection":[{"href":"https:\/\/get-started.online\/de\/wp-json\/wp\/v2\/product"}],"about":[{"href":"https:\/\/get-started.online\/de\/wp-json\/wp\/v2\/types\/product"}],"wp:featuredmedia":[{"embeddable":true,"href":"https:\/\/get-started.online\/de\/wp-json\/wp\/v2\/media\/7248"}],"wp:attachment":[{"href":"https:\/\/get-started.online\/de\/wp-json\/wp\/v2\/media?parent=4166"}],"wp:term":[{"taxonomy":"product_brand","embeddable":true,"href":"https:\/\/get-started.online\/de\/wp-json\/wp\/v2\/product_brand?post=4166"},{"taxonomy":"product_cat","embeddable":true,"href":"https:\/\/get-started.online\/de\/wp-json\/wp\/v2\/product_cat?post=4166"},{"taxonomy":"product_tag","embeddable":true,"href":"https:\/\/get-started.online\/de\/wp-json\/wp\/v2\/product_tag?post=4166"}],"curies":[{"name":"wp","href":"https:\/\/api.w.org\/{rel}","templated":true}]}}