{"id":5978,"date":"2024-10-22T11:31:45","date_gmt":"2024-10-22T09:31:45","guid":{"rendered":"https:\/\/dev.get-started.online\/?post_type=product&#038;p=5978"},"modified":"2025-10-09T15:54:13","modified_gmt":"2025-10-09T13:54:13","slug":"woocommerce-onlineshop-free","status":"publish","type":"product","link":"https:\/\/get-started.online\/de\/shop\/woocommerce-onlineshop-free\/","title":{"rendered":"Onlineshop FREE mit WooCommerce"},"content":{"rendered":"<h2 style=\"display:block;\">Verdiene Geld mit dem eigenen WooCommerce Onlineshop<\/h2>\n<p>Dieses einzigartige Ready-To-Use Installation Package f\u00fcr einen professionellen WooCommerce Onlineshop bietet eine Vielzahl von M\u00f6glichkeiten, um mit dem eigenen Onlineshop Geld zu verdienen.\u2028<\/p>\n<p>Im Zentrum der Installation steht ein vorkonfiguriertes WooCommerce mit der M\u00f6glichkeit, individuelle Lieferkosten, Bezahlmethoden und internationale Steuers\u00e4tze zu nutzen \u2013 egal ob f\u00fcr die bereits beispielhaft angelegten einfachen, variablen, virtuellen oder gruppierten Produkte.<br \/>\nAbgerundet wird alles durch eine Reihe von wichtigen PlugIns f\u00fcr automatische Backups und Performance-Optimierung. Alles in allem ein rundes Paket zum Start mit dem eigenen Online-Business.<\/p>\n<h4>Einfache Installation<\/h4>\n<p>Die Installation des gesamten Pakets erfolgt \u00fcber einen Installer. Die Installations-Daten m\u00fcssen nur per FTP auf den Webserver \u00fcbertragen werden und bei der Installation die Angaben der Datenbank eingegeben werden.\u2028 Auch wenn die Installation auf dem eigenen Webserver sehr einfach und im Package genau dokumentiert ist: Der Installer kann \u00fcbrigens auch mit einem Installationsservice bestellt werden.<\/p>\n<h4>Enthaltene Funktionen &#038; PlugIns<\/h4>\n<ul class=\"fa-ul check\" style=\"padding-bottom:10px\">\n<li>Installer mit Anleitung\n<li>Basis PlugIns (Auto-Backup, Cache\/Minify, \u2026)<\/li>\n<li>startfertiger WooCommerce Shop (vorkonfigurierte Beispiel-Produkte und Struktur)<\/li>\n<li>startfertiger WordPress Blog (vorkonfigurierte Beispiel-Beitr\u00e4ge und Struktur)<\/li>\n<li>anpassbares Profi-Design \u00fcber Child-Theme<\/li>\n<li>Botiga Pagebuilder Free<\/li>\n<\/ul>\n<h4>Dokumentation<\/h4>\n<p style=\"padding-bottom:0;\">Folgende Tutorials sind im Package vorhanden:<\/p>\n<ul  class=\"fa-ul check\" style=\"padding-bottom:10px\">\n<li>Installation<\/li>\n<li>Konfiguration WordPress\/WooCommerce<\/li>\n<li>Anpassungen Theme<\/li>\n<li>Konfiguration der enthaltenen PlugIns<\/li>\n<\/ul>\n<h4>Voraussetzungen<\/h4>\n<ul  class=\"fa-ul check\" style=\"padding-bottom:10px\">\n<li>Geeignetes Webhosting mit Domain (Empfehlung: <a href=\"https:\/\/all-inkl.com\/webhosting\/premium\/PA50C401CCB55AD\" target=\"_blank\" class=\"link\" rel=\"noopener\">Premium-Hosting bei All-Inkl<\/a> oder <a href=\"https:\/\/all-inkl.com\/webhosting\/business\/PA50C401CCB55AD\" target=\"_blank\" class=\"link\" rel=\"noopener\">Business-Hosting bei All-Inkl<\/a>)<\/li>\n<li>FTP-Zugang zum Upload der Installer-Datei<\/li>\n<li>Zugangsdaten zur Datenbank<\/li>\n<\/ul>\n<hr style=\"margin-bottom:20px;\"\/>\n<small>S\u00e4mtliche eingesetzte Software (WordPress, Theme und PlugIns) ist in einer kostenfreien Version vorinstalliert und komplett funktionsf\u00e4hig. Nur bei Bedarf muss ein Upgrade auf eine kostenpflichtige PRO-Version erfolgen.<\/small><small>Dies ist keine offizielle Website der WordPress Foundation oder von Automattic. WordPress und WooCommerce sind Marken der Automattic Inc. und werden von der conmerx UG ausschlie\u00dflich zur Identifizierung der in den Paketen enthaltenen Software verwendet. Gegenstand der zum Verkauf stehenden Installationspakete von get-started.online ist lediglich die individuelle Zusammenstellung, Konfiguration und Dokumentation der in den Paketen enthaltenen Software verschiedener Hersteller. S\u00e4mtliche in den Paketen enthaltene Software ist als Vorschlag f\u00fcr eine Website und\/oder Webshop zu verstehen. Die eingesetzte unver\u00e4nderte und kostenfreie Software ist nicht Gegenstand des Kaufvertrags und kann unabh\u00e4ngig von der conmerx UG verwendet und durch Upgrades der jeweiligen Hersteller erweitert werden.<\/small><\/p>\n","protected":false},"excerpt":{"rendered":"<ul class=\"fa-ul check\">\n<li>Installationspaket inkl. Tutorial zur einfachen Installation<\/li>\n<li>Handbuch zur Konfiguration und Einrichtung<\/li>\n<li>enth\u00e4lt bereits alle wichtigen PlugIns<\/li>\n<li>kostenfreie Software &#038; Hersteller-Updates<\/li>\n<li>frei skalierbar und unbegrenzt erweiterbar<\/li>\n<li>viele professionelle Features<\/li>\n<\/ul>\n","protected":false},"featured_media":7258,"template":"","meta":{"_et_pb_use_builder":"off","_et_pb_old_content":"<h2>Verdiene Geld mit dem eigenen WooCommerce Onlineshop<\/h2>\r\nDieses einzigartige Ready-To-Use Installer-Package f\u00fcr einen WooCommerce Onlineshop bietet eine Vielzahl von M\u00f6glichkeiten, um mit dem eigenen Onlineshop Geld zu verdienen. \r\nIm Zentrum der Installation steht ein vorkonfiguriertes WooCommerce mit der M\u00f6glichkeit, individueller Lieferkosten, Bezahlmethoden, Steuers\u00e4tzen \u2013 egal ob einfache, variable, virtuelle oder gruppierte Produkte. \r\nSogar die Einrichtung eines eigenen Affiliate-Programms ist bereits m\u00f6glich. Abgerundet wird alles durch eine Reihe von wichtigen PlugIns zur Suchmaschinenoptimierung, Mehrsprachigkeit (zwei Sprachen), automatischer Backups, Staging, Newsletter und vielem mehr. Alles in allem ein rundes Paket zum Start mit dem eigenen Online-Business.\r\n<h4>Einfache Installation<\/h4>\r\nDie Installation des gesamten Pakets erfolgt \u00fcber einen Installer. Die Installations-Daten m\u00fcssen nur per FTP auf den Webserver \u00fcbertragen werden und bei der Installation die Angaben der Datenbank eingegeben werden.\r\nAuch wenn die Installation auf dem eigenen Webserver sehr einfach und im Package genau dokumentiert ist: Der Installer kann auch mit einem Installationsservice bestellt werden.\r\n<h4>Enthaltene Funktionen & PlugIns<sup>*<\/sup><\/h4>\r\n<ul class=\"fa-ul check\" style=\"padding-bottom:10px\">\r\n \t<li>ansprechendes WordPress-Theme (Bodiga)<\/li>\r\n<li>WooCommerce mit verschiedenen Produkttypen<\/li>\r\n<li>Alle wichtigen Funktionen (Lieferkosten, Bezahlmethoden, Steuers\u00e4tze etc.)<\/li>\r\n<li>Bezahlmethode Bitcoin und andere Kryptow\u00e4hrungen m\u00f6glich<\/li>\r\n<li>Ber\u00fccksichtigt Anforderungen DSGVO und E-Commerce-Recht<\/li>\r\n \t<li>Vorbereitung f\u00fcr geschlossenen Mitgliederbereich<\/li>\r\n \t<li>M\u00f6glichkeit eines eigenen Affiliate Programms<\/li>\r\n \t<li>Bannermanagement \u00fcber PlugIn<\/li>\r\n \t<li>Auto-Backup-PlugIn<\/li>\r\n \t<li>Caching- und Minifying-PlugIns<\/li>\r\n \t<li>SEO-PlugIn<\/li>\r\n \t<li>SMTP-PlugIn<\/li>\r\n \t<li>Newsletter-PlugIn<\/li>\r\n \t<li>Security- und Passwort-PlugIns<\/li>\r\n \t<li>\u00dcbersetzungs-PlugIn (zwei Sprachen)<\/li>\r\n \t<li>Matomo Analytics PlugIn<\/li>\r\n \t<li>Staging-PlugIn<\/li>\r\n<\/ul>\r\n<small>*S\u00e4mtliche eingesetzte Software (Theme, PlugIns) ist in einer kostenfreien Version vorinstalliert und komplett funktionsf\u00e4hig. Nur bei Bedarf muss ein Upgrade auf eine kostenpflichtige PRO-Version erfolgen. Die eingesetzte Software der Ready-To-Use Installationspaket ist nicht Bestandteil des Kaufs. Die verwendete Software ist Open Source, kostenfrei und darf nicht verkauft werden. Verkauft wird lediglich die Zusammenstellung und Vorinstallation der Software zu einer funktionierenden Website inkl. Dokumentation und Bedienungsanleitungen.<\/small>\r\n<h4>Dokumentation<\/h4>\r\nFolgende Tutorials sind im Package vorhanden:\r\n<ul class=\"fa-ul check\">\r\n \t<li>Installation<\/li>\r\n \t<li>Konfiguration WordPress\/WooCommerce<\/li>\r\n \t<li>Anpassungen Theme<\/li>\r\n \t<li>Konfiguration der enthaltenen PlugIns<\/li>\r\n<\/ul>\r\n<h4>Voraussetzungen<\/h4>\r\n<ul>\r\n \t<li>Webhosting mit Domain (Empfehlung: <a href=\"https:\/\/all-inkl.com\/webhosting\/premium\/PA50C401CCB55AD\" target=\"_blank\" class=\"link\" rel=\"noopener\">Premium-Hosting bei All-Inkl<\/a> oder <a href=\"https:\/\/all-inkl.com\/webhosting\/business\/PA50C401CCB55AD\" target=\"_blank\" class=\"link\" rel=\"noopener\">Business-Hosting bei All-Inkl<\/a>)<\/li>\r\n \t<li>FTP-Zugang zum Upload der Installer-Datei<\/li>\r\n \t<li>Zugangsdaten zur Datenbank<\/li>\r\n<\/ul>","_et_gb_content_width":""},"product_brand":[],"product_cat":[20,33],"product_tag":[60,59],"class_list":{"0":"post-5978","1":"product","2":"type-product","3":"status-publish","4":"has-post-thumbnail","6":"product_cat-installer","7":"product_cat-webshop","8":"product_tag-onlineshop","9":"product_tag-woocommerce","11":"first","12":"instock","13":"downloadable","14":"virtual","15":"taxable","16":"product-type-simple"},"_links":{"self":[{"href":"https:\/\/get-started.online\/de\/wp-json\/wp\/v2\/product\/5978","targetHints":{"allow":["GET"]}}],"collection":[{"href":"https:\/\/get-started.online\/de\/wp-json\/wp\/v2\/product"}],"about":[{"href":"https:\/\/get-started.online\/de\/wp-json\/wp\/v2\/types\/product"}],"wp:featuredmedia":[{"embeddable":true,"href":"https:\/\/get-started.online\/de\/wp-json\/wp\/v2\/media\/7258"}],"wp:attachment":[{"href":"https:\/\/get-started.online\/de\/wp-json\/wp\/v2\/media?parent=5978"}],"wp:term":[{"taxonomy":"product_brand","embeddable":true,"href":"https:\/\/get-started.online\/de\/wp-json\/wp\/v2\/product_brand?post=5978"},{"taxonomy":"product_cat","embeddable":true,"href":"https:\/\/get-started.online\/de\/wp-json\/wp\/v2\/product_cat?post=5978"},{"taxonomy":"product_tag","embeddable":true,"href":"https:\/\/get-started.online\/de\/wp-json\/wp\/v2\/product_tag?post=5978"}],"curies":[{"name":"wp","href":"https:\/\/api.w.org\/{rel}","templated":true}]}}