{"id":6515,"date":"2025-05-13T07:01:37","date_gmt":"2025-05-13T05:01:37","guid":{"rendered":"https:\/\/20250512.get-started.online\/?post_type=product&#038;p=6515"},"modified":"2025-10-09T15:43:35","modified_gmt":"2025-10-09T13:43:35","slug":"upgrade-onlineshop-basic-premium","status":"publish","type":"product","link":"https:\/\/get-started.online\/de\/shop\/upgrade-onlineshop-basic-premium\/","title":{"rendered":"Upgrade Onlineshop BASIC > PREMIUM"},"content":{"rendered":"<h2 style=\"display:block;\">Mache mehr aus deinem WooCommerce Onlineshop!<\/h2>\n<p>Mit dem Upgrade von Onlineshop BASIC auf Onlineshop PREMIUM erweiterst du deinen bestehenden WooCommerce-Shop um die leistungsstarken Funktionen des PREMIUM-Pakets, die deinen Onlineerfolg f\u00f6rdern und Prozesse noch effizienter machen.<\/p>\n<h4>Einfache Installation<\/h4>\n<p>F\u00fcr die Aktivierung des erweiterten Pakets ist nur die Eingabe eines Lizenschl\u00fcssels notwendig, der mit dem Kauf des Updates zur Verf\u00fcgung gestellt wird. Nach Validierung des Lizenzschl\u00fcssels lassen sich die bereits im Installer-Package von get-started.online vorinstallierten PlugIns der jeweiligen Lizenz aktivieren.<\/p>\n<h4>Das bleibt erhalten:<\/h4>\n<ul class=\"fa-ul check\" style=\"padding-bottom:10px\">\n<li>Der bestehende WooCommerce Onlineshop und alle Inhalte bleiben selbstverst\u00e4ndlich erhalten.<\/li>\n<li>Das Upgrade wird direkt auf der bestehenden BASIC-Installation umgesetzt \u2013 kein Datenverlust, kein Neuanfang!<\/li>\n<\/ul>\n<h4>F\u00fcr wen ist das Upgrade geeignet?<\/h4>\n<p style=\"padding-bottom:10px;\">Dieses Upgrade richtet sich an alle, die mit ihrem Onlineshop BASIC bereits erste Erfolge erzielt haben und nun den n\u00e4chsten Schritt gehen m\u00f6chten \u2013 sei es durch zus\u00e4tzliche Features, weitere Sprachen oder professionelles Online-Marketing.<\/p>\n<h4>Voraussetzungen<\/h4>\n<ul  class=\"fa-ul check\" style=\"padding-bottom:10px\">\n<li>Bestehender Onlineshop BASIC mit WooCommerce von get-started.online<\/li>\n<li>G\u00fcltige Lizenz f\u00fcr Onlineshop BASIC mit WooCommerce von get-started.online<\/li>\n<\/ul>\n<h4>So funktioniert das Upgrade<\/h4>\n<ul  class=\"fa-ul check\" style=\"padding-bottom:10px\">\n<li>Upgrade kaufen<\/li>\n<li>Lizenzschl\u00fcssel eingeben<\/li>\n<li>Starten mit neuen Funktionen!<\/li>\n<\/ul>\n<hr style=\"margin-bottom:20px;\"\/>\n<small>*anpassbares Muster, ersetzt keine Rechtsberatung<\/small><small>S\u00e4mtliche eingesetzte Software (WordPress, Theme und PlugIns) ist in einer kostenfreien Version vorinstalliert und komplett funktionsf\u00e4hig. Nur bei Bedarf muss ein Upgrade auf eine kostenpflichtige PRO-Version erfolgen.<\/small><small>Dies ist keine offizielle Website der WordPress Foundation oder von Automattic. WordPress und WooCommerce sind Marken der Automattic Inc. und werden von der conmerx UG ausschlie\u00dflich zur Identifizierung der in den Paketen enthaltenen Software verwendet. Gegenstand der zum Verkauf stehenden Installationspakete von get-started.online ist lediglich die individuelle Zusammenstellung, Konfiguration und Dokumentation der in den Paketen enthaltenen Software verschiedener Hersteller. S\u00e4mtliche in den Paketen enthaltene Software ist als Vorschlag f\u00fcr eine Website und\/oder Webshop zu verstehen. Die eingesetzte unver\u00e4nderte und kostenfreie Software ist nicht Gegenstand des Kaufvertrags und kann unabh\u00e4ngig von der conmerx UG verwendet und durch Upgrades der jeweiligen Hersteller erweitert werden.<\/small><\/p>\n","protected":false},"excerpt":{"rendered":"<p style=\"margin-bottom:30px;\">Jetzt auf PREMIUM upgraden und mehr aus dem WooCommerce-Shop herausholen!<\/p>\n","protected":false},"featured_media":7260,"template":"","meta":{"_et_pb_use_builder":"off","_et_pb_old_content":"<h2>Verdiene Geld mit dem eigenen WooCommerce Onlineshop<\/h2>\r\nDieses einzigartige Ready-To-Use Installer-Package f\u00fcr einen WooCommerce Onlineshop bietet eine Vielzahl von M\u00f6glichkeiten, um mit dem eigenen Onlineshop Geld zu verdienen. \r\nIm Zentrum der Installation steht ein vorkonfiguriertes WooCommerce mit der M\u00f6glichkeit, individueller Lieferkosten, Bezahlmethoden, Steuers\u00e4tzen \u2013 egal ob einfache, variable, virtuelle oder gruppierte Produkte. \r\nSogar die Einrichtung eines eigenen Affiliate-Programms ist bereits m\u00f6glich. Abgerundet wird alles durch eine Reihe von wichtigen PlugIns zur Suchmaschinenoptimierung, Mehrsprachigkeit (zwei Sprachen), automatischer Backups, Staging, Newsletter und vielem mehr. Alles in allem ein rundes Paket zum Start mit dem eigenen Online-Business.\r\n<h4>Einfache Installation<\/h4>\r\nDie Installation des gesamten Pakets erfolgt \u00fcber einen Installer. Die Installations-Daten m\u00fcssen nur per FTP auf den Webserver \u00fcbertragen werden und bei der Installation die Angaben der Datenbank eingegeben werden.\r\nAuch wenn die Installation auf dem eigenen Webserver sehr einfach und im Package genau dokumentiert ist: Der Installer kann auch mit einem Installationsservice bestellt werden.\r\n<h4>Enthaltene Funktionen & PlugIns<sup>*<\/sup><\/h4>\r\n<ul class=\"fa-ul check\" style=\"padding-bottom:10px\">\r\n \t<li>ansprechendes WordPress-Theme (Bodiga)<\/li>\r\n<li>WooCommerce mit verschiedenen Produkttypen<\/li>\r\n<li>Alle wichtigen Funktionen (Lieferkosten, Bezahlmethoden, Steuers\u00e4tze etc.)<\/li>\r\n<li>Bezahlmethode Bitcoin und andere Kryptow\u00e4hrungen m\u00f6glich<\/li>\r\n<li>Ber\u00fccksichtigt Anforderungen DSGVO und E-Commerce-Recht<\/li>\r\n \t<li>Vorbereitung f\u00fcr geschlossenen Mitgliederbereich<\/li>\r\n \t<li>M\u00f6glichkeit eines eigenen Affiliate Programms<\/li>\r\n \t<li>Bannermanagement \u00fcber PlugIn<\/li>\r\n \t<li>Auto-Backup-PlugIn<\/li>\r\n \t<li>Caching- und Minifying-PlugIns<\/li>\r\n \t<li>SEO-PlugIn<\/li>\r\n \t<li>SMTP-PlugIn<\/li>\r\n \t<li>Newsletter-PlugIn<\/li>\r\n \t<li>Security- und Passwort-PlugIns<\/li>\r\n \t<li>\u00dcbersetzungs-PlugIn (zwei Sprachen)<\/li>\r\n \t<li>Matomo Analytics PlugIn<\/li>\r\n \t<li>Staging-PlugIn<\/li>\r\n<\/ul>\r\n<small>*S\u00e4mtliche eingesetzte Software (Theme, PlugIns) ist in einer kostenfreien Version vorinstalliert und komplett funktionsf\u00e4hig. Nur bei Bedarf muss ein Upgrade auf eine kostenpflichtige PRO-Version erfolgen. Die eingesetzte Software der Ready-To-Use Installationspaket ist nicht Bestandteil des Kaufs. Die verwendete Software ist Open Source, kostenfrei und darf nicht verkauft werden. Verkauft wird lediglich die Zusammenstellung und Vorinstallation der Software zu einer funktionierenden Website inkl. Dokumentation und Bedienungsanleitungen.<\/small>\r\n<h4>Dokumentation<\/h4>\r\nFolgende Tutorials sind im Package vorhanden:\r\n<ul class=\"fa-ul check\">\r\n \t<li>Installation<\/li>\r\n \t<li>Konfiguration WordPress\/WooCommerce<\/li>\r\n \t<li>Anpassungen Theme<\/li>\r\n \t<li>Konfiguration der enthaltenen PlugIns<\/li>\r\n<\/ul>\r\n<h4>Voraussetzungen<\/h4>\r\n<ul>\r\n \t<li>Webhosting mit Domain (Empfehlung: <a href=\"https:\/\/all-inkl.com\/webhosting\/premium\/PA50C401CCB55AD\" target=\"_blank\" class=\"link\" rel=\"noopener\">Premium-Hosting bei All-Inkl<\/a> oder <a href=\"https:\/\/all-inkl.com\/webhosting\/business\/PA50C401CCB55AD\" target=\"_blank\" class=\"link\" rel=\"noopener\">Business-Hosting bei All-Inkl<\/a>)<\/li>\r\n \t<li>FTP-Zugang zum Upload der Installer-Datei<\/li>\r\n \t<li>Zugangsdaten zur Datenbank<\/li>\r\n<\/ul>","_et_gb_content_width":""},"product_brand":[],"product_cat":[33,909],"product_tag":[60,59],"class_list":{"0":"post-6515","1":"product","2":"type-product","3":"status-publish","4":"has-post-thumbnail","6":"product_cat-webshop","7":"product_cat-upgrade","8":"product_tag-onlineshop","9":"product_tag-woocommerce","11":"first","12":"instock","13":"downloadable","14":"virtual","15":"taxable","16":"product-type-simple"},"_links":{"self":[{"href":"https:\/\/get-started.online\/de\/wp-json\/wp\/v2\/product\/6515","targetHints":{"allow":["GET"]}}],"collection":[{"href":"https:\/\/get-started.online\/de\/wp-json\/wp\/v2\/product"}],"about":[{"href":"https:\/\/get-started.online\/de\/wp-json\/wp\/v2\/types\/product"}],"wp:featuredmedia":[{"embeddable":true,"href":"https:\/\/get-started.online\/de\/wp-json\/wp\/v2\/media\/7260"}],"wp:attachment":[{"href":"https:\/\/get-started.online\/de\/wp-json\/wp\/v2\/media?parent=6515"}],"wp:term":[{"taxonomy":"product_brand","embeddable":true,"href":"https:\/\/get-started.online\/de\/wp-json\/wp\/v2\/product_brand?post=6515"},{"taxonomy":"product_cat","embeddable":true,"href":"https:\/\/get-started.online\/de\/wp-json\/wp\/v2\/product_cat?post=6515"},{"taxonomy":"product_tag","embeddable":true,"href":"https:\/\/get-started.online\/de\/wp-json\/wp\/v2\/product_tag?post=6515"}],"curies":[{"name":"wp","href":"https:\/\/api.w.org\/{rel}","templated":true}]}}