{"id":6519,"date":"2025-05-13T07:05:46","date_gmt":"2025-05-13T05:05:46","guid":{"rendered":"https:\/\/20250512.get-started.online\/?post_type=product&#038;p=6519"},"modified":"2025-10-15T06:22:24","modified_gmt":"2025-10-15T04:22:24","slug":"upgrade-onlineshop-premium-complete","status":"publish","type":"product","link":"https:\/\/get-started.online\/de\/shop\/upgrade-onlineshop-premium-complete\/","title":{"rendered":"Upgrade Onlineshop PREMIUM > COMPLETE"},"content":{"rendered":"<h2 style=\"display: block;\">Mache mehr aus deinem WooCommerce Onlineshop!<\/h2>\n<p>Mit dem Upgrade von Onlineshop PREMIUM auf Onlineshop COMPLETE erweiterst du deinen bestehenden WooCommerce-Shop um die leistungsstarken Funktionen des COMPLETE-Pakets, die deinen Onlineerfolg f\u00f6rdern und Prozesse noch effizienter machen.<\/p>\n<h4>Einfache Installation<\/h4>\n<p>F\u00fcr die Aktivierung des erweiterten Pakets ist nur die Eingabe eines Lizenschl\u00fcssels notwendig, der mit dem Kauf des Updates zur Verf\u00fcgung gestellt wird. Nach Validierung des Lizenzschl\u00fcssels lassen sich die bereits im Installer-Package von get-started.online vorinstallierten PlugIns der jeweiligen Lizenz aktivieren.<\/p>\n<h4>Das bleibt erhalten:<\/h4>\n<ul class=\"fa-ul check\" style=\"padding-bottom: 10px;\">\n<li>Der bestehende WooCommerce Onlineshop und alle Inhalte bleiben selbstverst\u00e4ndlich erhalten.<\/li>\n<li>Das Upgrade wird direkt auf der bestehenden PREMIUM-Installation umgesetzt \u2013 kein Datenverlust, kein Neuanfang!<\/li>\n<\/ul>\n<h4>F\u00fcr wen ist das Upgrade geeignet?<\/h4>\n<p style=\"padding-bottom: 10px;\">Dieses Upgrade richtet sich an alle, die mit ihrem Onlineshop PREMIUM bereits erste Erfolge erzielt haben und nun den n\u00e4chsten Schritt gehen m\u00f6chten \u2013 sei es durch zus\u00e4tzliche Features, einen Mitgliederbereich oder professionelles Online-Marketing.<\/p>\n<h4>Voraussetzungen<\/h4>\n<ul class=\"fa-ul check\" style=\"padding-bottom: 10px;\">\n<li>Bestehender Onlineshop PREMIUM mit WooCommerce von get-started.online<\/li>\n<li>G\u00fcltige Lizenz f\u00fcr Onlineshop PREMIUM mit WooCommerce von get-started.online<\/li>\n<\/ul>\n<h4>So funktioniert das Upgrade<\/h4>\n<ul class=\"fa-ul check\" style=\"padding-bottom: 10px;\">\n<li>Upgrade kaufen<\/li>\n<li>Lizenzschl\u00fcssel eingeben<\/li>\n<li>Starten mit neuen Funktionen!<\/li>\n<\/ul>\n<hr style=\"margin-bottom: 20px;\" \/>\n<p><small>*anpassbares Muster, ersetzt keine Rechtsberatung<\/small><small>S\u00e4mtliche eingesetzte Software (WordPress, Theme und PlugIns) ist in einer kostenfreien Version vorinstalliert und komplett funktionsf\u00e4hig. Nur bei Bedarf muss ein Upgrade auf eine kostenpflichtige PRO-Version erfolgen.<\/small><small>Dies ist keine offizielle Website der WordPress Foundation oder von Automattic. WordPress und WooCommerce sind Marken der Automattic Inc. und werden von der conmerx UG ausschlie\u00dflich zur Identifizierung der in den Paketen enthaltenen Software verwendet. Gegenstand der zum Verkauf stehenden Installationspakete von get-started.online ist lediglich die individuelle Zusammenstellung, Konfiguration und Dokumentation der in den Paketen enthaltenen Software verschiedener Hersteller. S\u00e4mtliche in den Paketen enthaltene Software ist als Vorschlag f\u00fcr eine Website und\/oder Webshop zu verstehen. Die eingesetzte unver\u00e4nderte und kostenfreie Software ist nicht Gegenstand des Kaufvertrags und kann unabh\u00e4ngig von der conmerx UG verwendet und durch Upgrades der jeweiligen Hersteller erweitert werden.<\/small><\/p>\n","protected":false},"excerpt":{"rendered":"<p style=\"margin-bottom: 30px;\">Jetzt auf COMPLETE upgraden und mehr aus dem WooCommerce-Shop herausholen!<\/p>\n","protected":false},"featured_media":7254,"template":"","meta":{"_et_pb_use_builder":"off","_et_pb_old_content":"<h2>Verdiene Geld mit dem eigenen WooCommerce Onlineshop<\/h2>\r\nDieses einzigartige Ready-To-Use Installation Package f\u00fcr einen professionellen WooCommerce Onlineshop bietet eine Vielzahl von M\u00f6glichkeiten, um mit dem eigenen Onlineshop Geld zu verdienen.\u2028 \r\nIm Zentrum der Installation steht ein vorkonfiguriertes WooCommerce mit der M\u00f6glichkeit, individuelle Lieferkosten, Bezahlmethoden und internationale Steuers\u00e4tze zu nutzen \u2013 egal ob f\u00fcr die bereits beispielhaft angelegten einfachen, variablen, virtuellen oder gruppierten Produkte. \r\nAbgerundet wird alles durch eine Reihe von wichtigen PlugIns f\u00fcr die Suchmaschinenoptimierung (SEO), automatische Backups, Performance-Optimierung, Staging, Besucherstatistiken und vielem mehr. \r\n\u2028Im COMPLETE-Paket ist sogar die Einrichtung eines eigenen Affiliate-Programms, eines Newslettermarketings, eines geschlossenen Mitgliederbereichs, eines Anzeigenmanagements f\u00fcr Affiliate-Bannerwerbung, Mehrsprachigkeit und anderer professioneller Features m\u00f6glich. Alles in allem ein rundes Paket zum Start mit dem eigenen Online-Business.\r\n<h4>Einfache Installation<\/h4>\r\nDie Installation des gesamten Pakets erfolgt \u00fcber einen Installer. Die Installations-Daten m\u00fcssen nur per FTP auf den Webserver \u00fcbertragen werden und bei der Installation die Angaben der Datenbank eingegeben werden.\u2028Auch wenn die Installation auf dem eigenen Webserver sehr einfach und im Package genau dokumentiert ist: Der Installer kann \u00fcbrigens auch mit einem Installationsservice bestellt werden.\r\n<h4>Enthaltene Funktionen & PlugIns<sup>*<\/sup><\/h4>\r\n<ul class=\"fa-ul check\" style=\"padding-bottom:10px\">\r\n\r\n \t<li>Installer mit Anleitung\r\n<li>Basis PlugIns (Auto-Backup, Cache\/Minify, SEO-Tool, Staging, \u2026)<\/li>\r\n<li>startfertiger WooCommerce Shop (vorkonfigurierte Beispiel-Produkte und Seiten\/Struktur)<\/li>\r\n<li>startfertiger WordPress Blog (vorkonfigurierte Beispiel-Beitr\u00e4ge und Struktur)<\/li>\r\n<li>anpassbares Profi-Design \u00fcber Child-Theme<\/li>\r\n<li>Botiga Pagebuilder<\/li>\r\n<li>Rechtstexte vorformuliert<\/li>\r\n<li>Germanized Free<\/li>\r\n<li>SEO-Tool + Tutorial<\/li>\r\n<li>vorkonfigurierte Lieferkosten<\/li>\r\n<li>vorkonfigurierte Bezahlmethoden<\/li>\r\n<li>Cookie Consent Banner<\/li>\r\n<li>Newsletterfunktion<\/li>\r\n<li>Anzeigenmanagement Tool<\/li>\r\n<li>XML Produktfeed (Google Shopping)<\/li>\r\n<li>Matomo Analytics Tool<\/li>\r\n<li>Mitgliederbereich<\/li>\r\n<li>eigenes Affiliate Programm<\/li>\r\n<li>Mehrsprachig (zwei Sprachen vorkonfiguriert)<\/li>\r\n<li>Security PlugIn vorkonfiguriert + Tutorial<\/li>\r\n<\/ul>\r\n<small>*S\u00e4mtliche eingesetzte Software (WordPress, Theme und PlugIns) ist in einer kostenfreien Version vorinstalliert und komplett funktionsf\u00e4hig. Nur bei Bedarf muss ein Upgrade auf eine kostenpflichtige PRO-Version erfolgen. Die eingesetzte Software der Ready-To-Use Installationspakete ist nicht Bestandteil des Kaufs. Die verwendete Software ist Open Source, kostenfrei und darf nicht verkauft werden. Verkauft wird lediglich die durch conmerx erfolgte Zusammenstellung und Vorkonfiguration der verschiedenen Software zu einer funktionierenden Website inkl. Dokumentation und Bedienungsanleitungen.<\/small>\r\n<h4>Dokumentation<\/h4>\r\nFolgende Tutorials sind im Package vorhanden:\r\n<ul class=\"fa-ul check\">\r\n \t<li>Installation<\/li>\r\n \t<li>Konfiguration WordPress\/WooCommerce<\/li>\r\n \t<li>Anpassungen Theme<\/li>\r\n \t<li>Konfiguration der enthaltenen PlugIns<\/li>\r\n<\/ul>\r\n<h4>Voraussetzungen<\/h4>\r\n<ul>\r\n \t<li>Geeignetes Webhosting mit Domain (Empfehlung: <a href=\"https:\/\/all-inkl.com\/webhosting\/premium\/PA50C401CCB55AD\" target=\"_blank\" class=\"link\" rel=\"noopener\">Premium-Hosting bei All-Inkl<\/a> oder <a href=\"https:\/\/all-inkl.com\/webhosting\/business\/PA50C401CCB55AD\" target=\"_blank\" class=\"link\" rel=\"noopener\">Business-Hosting bei All-Inkl<\/a>)<\/li>\r\n \t<li>FTP-Zugang zum Upload der Installer-Datei<\/li>\r\n \t<li>Zugangsdaten zur Datenbank<\/li>\r\n<\/ul>\r\n","_et_gb_content_width":""},"product_brand":[],"product_cat":[33,909],"product_tag":[60,59],"class_list":{"0":"post-6519","1":"product","2":"type-product","3":"status-publish","4":"has-post-thumbnail","6":"product_cat-webshop","7":"product_cat-upgrade","8":"product_tag-onlineshop","9":"product_tag-woocommerce","11":"first","12":"instock","13":"downloadable","14":"virtual","15":"taxable","16":"product-type-simple"},"_links":{"self":[{"href":"https:\/\/get-started.online\/de\/wp-json\/wp\/v2\/product\/6519","targetHints":{"allow":["GET"]}}],"collection":[{"href":"https:\/\/get-started.online\/de\/wp-json\/wp\/v2\/product"}],"about":[{"href":"https:\/\/get-started.online\/de\/wp-json\/wp\/v2\/types\/product"}],"wp:featuredmedia":[{"embeddable":true,"href":"https:\/\/get-started.online\/de\/wp-json\/wp\/v2\/media\/7254"}],"wp:attachment":[{"href":"https:\/\/get-started.online\/de\/wp-json\/wp\/v2\/media?parent=6519"}],"wp:term":[{"taxonomy":"product_brand","embeddable":true,"href":"https:\/\/get-started.online\/de\/wp-json\/wp\/v2\/product_brand?post=6519"},{"taxonomy":"product_cat","embeddable":true,"href":"https:\/\/get-started.online\/de\/wp-json\/wp\/v2\/product_cat?post=6519"},{"taxonomy":"product_tag","embeddable":true,"href":"https:\/\/get-started.online\/de\/wp-json\/wp\/v2\/product_tag?post=6519"}],"curies":[{"name":"wp","href":"https:\/\/api.w.org\/{rel}","templated":true}]}}