{"id":6521,"date":"2025-05-13T07:07:10","date_gmt":"2025-05-13T05:07:10","guid":{"rendered":"https:\/\/20250512.get-started.online\/?post_type=product&#038;p=6521"},"modified":"2025-10-09T15:32:11","modified_gmt":"2025-10-09T13:32:11","slug":"upgrade-website-basic-premium","status":"publish","type":"product","link":"https:\/\/get-started.online\/de\/shop\/upgrade-website-basic-premium\/","title":{"rendered":"Upgrade Website BASIC > PREMIUM"},"content":{"rendered":"<h2 style=\"display:block;\">Mache mehr aus deiner WordPress Website!<\/h2>\n<p>Mit dem Upgrade von Website BASIC auf Website PREMIUM erweiterst du deine bestehende WordPress-Website um die leistungsstarken Funktionen des PREMIUM-Pakets, die deinen Onlineerfolg f\u00f6rdern und Prozesse noch effizienter machen.<\/p>\n<h4>Einfache Installation<\/h4>\n<p>F\u00fcr die Aktivierung des erweiterten Pakets ist nur die Eingabe eines Lizenschl\u00fcssels notwendig, der mit dem Kauf des Updates zur Verf\u00fcgung gestellt wird. Nach Validierung des Lizenzschl\u00fcssels lassen sich die bereits im Installer-Package von get-started.online vorinstallierten PlugIns der jeweiligen Lizenz aktivieren.<\/p>\n<h4>Das bleibt erhalten:<\/h4>\n<ul class=\"fa-ul check\" style=\"padding-bottom:10px\">\n<li>Die bestehende WordPress Website und alle Inhalte bleiben selbstverst\u00e4ndlich erhalten.<\/li>\n<li>Das Upgrade wird direkt auf der bestehenden BASIC-Installation umgesetzt \u2013 kein Datenverlust, kein Neuanfang!<\/li>\n<\/ul>\n<h4>F\u00fcr wen ist das Upgrade geeignet?<\/h4>\n<p style=\"padding-bottom:10px;\">Dieses Upgrade richtet sich an alle, die mit ihrer Website BASIC bereits erste Erfolge erzielt haben und nun den n\u00e4chsten Schritt gehen m\u00f6chten \u2013 sei es durch zus\u00e4tzliche Features, weiteren Sprachen oder professionelles Online-Marketing.<\/p>\n<h4>Voraussetzungen<\/h4>\n<ul  class=\"fa-ul check\" style=\"padding-bottom:10px\">\n<li>Bestehende Website BASIC mit WordPress von get-started.online<\/li>\n<li>G\u00fcltige Lizenz f\u00fcr Website BASIC mit WordPress von get-started.online<\/li>\n<\/ul>\n<h4>So funktioniert das Upgrade<\/h4>\n<ul  class=\"fa-ul check\" style=\"padding-bottom:10px\">\n<li>Upgrade kaufen<\/li>\n<li>Lizenzschl\u00fcssel eingeben<\/li>\n<li>Starten mit neuen Funktionen!<\/li>\n<\/ul>\n<hr style=\"margin-bottom:20px;\"\/>\n<small>*anpassbares Muster, ersetzt keine Rechtsberatung<\/small><small>S\u00e4mtliche eingesetzte Software (WordPress, Theme und PlugIns) ist in einer kostenfreien Version vorinstalliert und komplett funktionsf\u00e4hig. Nur bei Bedarf muss ein Upgrade auf eine kostenpflichtige PRO-Version erfolgen.<\/small><small>Dies ist keine offizielle Website der WordPress Foundation oder von Automattic. WordPress und WooCommerce sind Marken der Automattic Inc. und werden von der conmerx UG ausschlie\u00dflich zur Identifizierung der in den Paketen enthaltenen Software verwendet. Gegenstand der zum Verkauf stehenden Installationspakete von get-started.online ist lediglich die individuelle Zusammenstellung, Konfiguration und Dokumentation der in den Paketen enthaltenen Software verschiedener Hersteller. S\u00e4mtliche in den Paketen enthaltene Software ist als Vorschlag f\u00fcr eine Website und\/oder Webshop zu verstehen. Die eingesetzte unver\u00e4nderte und kostenfreie Software ist nicht Gegenstand des Kaufvertrags und kann unabh\u00e4ngig von der conmerx UG verwendet und durch Upgrades der jeweiligen Hersteller erweitert werden.<\/small><\/p>\n","protected":false},"excerpt":{"rendered":"<p style=\"margin-bottom:30px;\">Jetzt auf PREMIUM upgraden und mehr aus WordPress Website herausholen!<\/p>\n","protected":false},"featured_media":7270,"template":"","meta":{"_et_pb_use_builder":"off","_et_pb_old_content":"<h2>Mache mehr aus deiner WordPress Website!<\/h2>\r\n<p>Mit dem Upgrade von Website BASIC auf Website PREMIUM erweiterst du deine bestehende WordPress-Website um die leistungsstarken Funktionen des PREMIUM-Pakets, die deinen Onlineerfolg f\u00f6rdern und Prozesse noch effizienter machen.<\/p>\r\n<h4>Einfache Installation<\/h4>\r\nF\u00fcr die Aktivierung des erweiterten Pakets ist nur die Eingabe eines Lizenschl\u00fcssels notwendig, der mit dem Kauf des Updates zur Verf\u00fcgung gestellt wird. Nach Validierung des Lizenzschl\u00fcssels lassen sich die bereits im Installer-Package von get-started.online vorinstallierten PlugIns der jeweiligen Lizenz aktivieren.\r\n<h4>Das bleibt erhalten:<\/h4>\r\n<ul class=\"fa-ul check\" style=\"padding-bottom:10px\">\r\n<li>Die bestehende WordPress Website und alle Inhalte bleiben selbstverst\u00e4ndlich erhalten.<\/li>\r\n<li>Das Upgrade wird direkt auf der bestehenden BASIC-Installation umgesetzt \u2013 kein Datenverlust, kein Neuanfang!<\/li>\r\n<\/ul>\r\n<h4>F\u00fcr wen ist das Upgrade geeignet?<\/h4>\r\n<p style=\"padding-bottom:10px\">Dieses Upgrade richtet sich an alle, die mit ihrer Website BASIC bereits erste Erfolge erzielt haben und nun den n\u00e4chsten Schritt gehen m\u00f6chten \u2013 sei es durch zus\u00e4tzliche Features, weiteren Sprachen oder professionelles Online-Marketing.<\/p>\r\n<h4>Voraussetzungen<\/h4>\r\n<ul class=\"fa-ul check\" style=\"padding-bottom:10px\">\r\n \t<li>Bestehende Website BASIC mit WordPress von get-started.online<\/li>\r\n \t<li>G\u00fcltige Lizenz f\u00fcr Website BASIC mit WordPress von get-started.online<\/li>\r\n<\/ul>\r\n<h4>So funktioniert das Upgrade<\/h4>\r\n<ul class=\"fa-ul check\" style=\"padding-bottom:10px\">\r\n \t<li>Upgrade kaufen<\/li>\r\n \t<li>Lizenzschl\u00fcssel eingeben<\/li>\r\n<li>Starten mit neuen Funktionen!<\/li>\r\n<\/ul>\r\n<hr style=\"margin-bottom:20px\" \/>\r\n<small>*anpassbares Muster, ersetzt keine Rechtsberatung<\/small><small>S\u00e4mtliche eingesetzte Software (WordPress, Theme und PlugIns) ist in einer kostenfreien Version vorinstalliert und komplett funktionsf\u00e4hig. Nur bei Bedarf muss ein Upgrade auf eine kostenpflichtige PRO-Version erfolgen.<\/small><small>Dies ist keine offizielle Website der WordPress Foundation oder von Automattic. WordPress und WooCommerce sind Marken der Automattic Inc. und werden von der conmerx UG ausschlie\u00dflich zur Identifizierung der in den Paketen enthaltenen Software verwendet. Gegenstand der zum Verkauf stehenden Installationspakete von get-started.online ist lediglich die individuelle Zusammenstellung, Konfiguration und Dokumentation der in den Paketen enthaltenen Software verschiedener Hersteller. S\u00e4mtliche in den Paketen enthaltene Software ist als Vorschlag f\u00fcr eine Website und\/oder Webshop zu verstehen. Die eingesetzte unver\u00e4nderte und kostenfreie Software ist nicht Gegenstand des Kaufvertrags und kann unabh\u00e4ngig von der conmerx UG verwendet und durch Upgrades der jeweiligen Hersteller erweitert werden.<\/small>","_et_gb_content_width":""},"product_brand":[],"product_cat":[80,909],"product_tag":[84,83],"class_list":{"0":"post-6521","1":"product","2":"type-product","3":"status-publish","4":"has-post-thumbnail","6":"product_cat-website","7":"product_cat-upgrade","8":"product_tag-website","9":"product_tag-wordpress","11":"first","12":"instock","13":"downloadable","14":"virtual","15":"taxable","16":"product-type-simple"},"_links":{"self":[{"href":"https:\/\/get-started.online\/de\/wp-json\/wp\/v2\/product\/6521","targetHints":{"allow":["GET"]}}],"collection":[{"href":"https:\/\/get-started.online\/de\/wp-json\/wp\/v2\/product"}],"about":[{"href":"https:\/\/get-started.online\/de\/wp-json\/wp\/v2\/types\/product"}],"wp:featuredmedia":[{"embeddable":true,"href":"https:\/\/get-started.online\/de\/wp-json\/wp\/v2\/media\/7270"}],"wp:attachment":[{"href":"https:\/\/get-started.online\/de\/wp-json\/wp\/v2\/media?parent=6521"}],"wp:term":[{"taxonomy":"product_brand","embeddable":true,"href":"https:\/\/get-started.online\/de\/wp-json\/wp\/v2\/product_brand?post=6521"},{"taxonomy":"product_cat","embeddable":true,"href":"https:\/\/get-started.online\/de\/wp-json\/wp\/v2\/product_cat?post=6521"},{"taxonomy":"product_tag","embeddable":true,"href":"https:\/\/get-started.online\/de\/wp-json\/wp\/v2\/product_tag?post=6521"}],"curies":[{"name":"wp","href":"https:\/\/api.w.org\/{rel}","templated":true}]}}