{"id":4089,"date":"2023-04-09T08:18:52","date_gmt":"2023-04-09T06:18:52","guid":{"rendered":"https:\/\/dev.get-started.online\/affiliate-program\/"},"modified":"2024-11-12T06:56:06","modified_gmt":"2024-11-12T05:56:06","slug":"affiliate-program","status":"publish","type":"page","link":"https:\/\/get-started.online\/en\/affiliate-program\/","title":{"rendered":"Affiliate program"},"content":{"rendered":"<p>[et_pb_section fb_built=&#8221;1&#8243; _builder_version=&#8221;4.20.2&#8243; custom_padding=&#8221;50px||50px||false|false&#8221; global_colors_info=&#8221;{}&#8221;][et_pb_row _builder_version=&#8221;4.20.2&#8243; background_size=&#8221;initial&#8221; background_position=&#8221;top_left&#8221; background_repeat=&#8221;repeat&#8221; custom_padding=&#8221;0px||0px||false|false&#8221; global_colors_info=&#8221;{}&#8221;][et_pb_column type=&#8221;4_4&#8243; _builder_version=&#8221;4.16&#8243; custom_padding=&#8221;|||&#8221; global_colors_info=&#8221;{}&#8221; custom_padding__hover=&#8221;|||&#8221;][et_pb_text _builder_version=&#8221;4.20.2&#8243; _module_preset=&#8221;default&#8221; custom_margin=&#8221;||0px||false|false&#8221; custom_padding=&#8221;||0px||false|false&#8221; global_colors_info=&#8221;{}&#8221;]<\/p>\n<h1>Affiliate program<\/h1>\n<p>[\/et_pb_text][et_pb_text _builder_version=&#8221;4.27.3&#8243; _module_preset=&#8221;default&#8221; text_font_size=&#8221;18px&#8221; text_line_height=&#8221;1.6em&#8221; custom_margin=&#8221;||10px||false|false&#8221; hover_enabled=&#8221;0&#8243; global_colors_info=&#8221;{}&#8221; sticky_enabled=&#8221;0&#8243;]<\/p>\n<p>Earn with every referral and enable your customers and website visitors to benefit from the leading online marketing software.<\/p>\n<p>It&#8217;s worth taking part. Sign up as an affiliate today to earn 20% commission on every sale you refer to us. We provide you with a link generator and a set of ready-made advertising texts and banners that you can use on your website.<\/p>\n<p>[\/et_pb_text][et_pb_text _builder_version=&#8221;4.16&#8243; background_size=&#8221;initial&#8221; background_position=&#8221;top_left&#8221; background_repeat=&#8221;repeat&#8221; global_colors_info=&#8221;{}&#8221;]<!-- divi:shortcode --><br \/>\n\n<div class=\"yith-wcaf yith-wcaf-registration-form woocommerce\">\n\t\n\t\n\t\t\t\t<div class=\"forms-container u-columns col2-set\">\n\n\t\t\t\t\t\t\t<div class=\"u-column1 col-1\">\n\n\t\t\t\t\t\t\t\t\t\t\t<h2 class=\"login-title\">\n\t\t\t\t\t\t\tLogin\t\t\t\t\t\t<\/h2>\n\t\t\t\t\t\n\t\t\t\t\t<div class=\"login-form\">\n\t\t\t\t\t\t<form class=\"woocomerce-form woocommerce-form-login login\" method=\"post\">\n\n\t\t\t\t\t\t\t\n\t\t\t\t\t\t\t<p class=\"woocommerce-form-row woocommerce-form-row--wide form-row form-row-wide\">\n\t\t\t\t\t\t\t\t<label for=\"username\">\n\t\t\t\t\t\t\t\t\tUsername or email address\t\t\t\t\t\t\t\t\t<span class=\"required\">*<\/span>\n\t\t\t\t\t\t\t\t<\/label>\n\t\t\t\t\t\t\t\t<input type=\"text\" class=\"woocommerce-Input woocommerce-Input--text input-text\" name=\"username\" id=\"username\" value=\"\" \/>\n\t\t\t\t\t\t\t<\/p>\n\t\t\t\t\t\t\t<p class=\"woocommerce-form-row woocommerce-form-row--wide form-row form-row-wide\">\n\t\t\t\t\t\t\t\t<label for=\"password\">\n\t\t\t\t\t\t\t\t\tPassword\t\t\t\t\t\t\t\t\t<span class=\"required\">*<\/span>\n\t\t\t\t\t\t\t\t<\/label>\n\t\t\t\t\t\t\t\t<input class=\"woocommerce-Input woocommerce-Input--text input-text\" type=\"password\" name=\"password\" id=\"password\" \/>\n\t\t\t\t\t\t\t<\/p>\n\n\t\t\t\t\t\t\t\n\t\t\t\t\t\t\t<p class=\"form-row\">\n\t\t\t\t\t\t\t\t<input type=\"hidden\" id=\"woocommerce-login-nonce\" name=\"woocommerce-login-nonce\" value=\"68adc2f654\" \/><input type=\"hidden\" name=\"_wp_http_referer\" value=\"\/en\/wp-json\/wp\/v2\/pages\/4089\" \/>\t\t\t\t\t\t\t\t<input type=\"submit\" class=\"woocommerce-Button button\" name=\"login\" value=\"Login\"\/>\n\t\t\t\t\t\t\t\t<label class=\"woocommerce-form__label woocommerce-form__label-for-checkbox inline\">\n\t\t\t\t\t\t\t\t\t<input class=\"woocommerce-form__input woocommerce-form__input-checkbox\" name=\"rememberme\" type=\"checkbox\" id=\"rememberme\" value=\"forever\"\/>\n\t\t\t\t\t\t\t\t\t<span>Remember me<\/span>\n\t\t\t\t\t\t\t\t<\/label>\n\t\t\t\t\t\t\t<\/p>\n\n\t\t\t\t\t\t\t<p class=\"woocommerce-LostPassword lost_password\">\n\t\t\t\t\t\t\t\t<a href=\"https:\/\/get-started.online\/en\/my-account\/lost-password\/\">\n\t\t\t\t\t\t\t\t\tLost your password?\t\t\t\t\t\t\t\t<\/a>\n\t\t\t\t\t\t\t<\/p>\n\n\t\t\t\t\t\t\t\n\t\t\t\t\t\t<\/form>\n\t\t\t\t\t<\/div>\n\n\t\t\t\t<\/div>\n\t\t\t\n\t\t\t\t\t\t\t<div class=\"u-column2 col-2\">\n\t\t\t\n\t\t\t\n\t\t\t\t\t\t\t\t\t<h2 class=\"register-title\">\n\t\t\t\t\t\tRegister\t\t\t\t\t<\/h2>\n\t\t\t\t\n\t\t\t\t<div class=\"register-form\">\n\t\t\t\t\t<form method=\"post\" class=\"register\">\n\n\t\t\t\t\t\t\t\t\t\t\t\t\t\t\t\t\t\t<p class=\"form-row validate-required\" id=\"profile_first_name_field\" data-priority=\"\"><label for=\"profile_first_name\" class=\"required_field\">First name&nbsp;<span class=\"required\" aria-hidden=\"true\">*<\/span><\/label><span class=\"woocommerce-input-wrapper\"><input type=\"text\" class=\"input-text \" name=\"first_name\" id=\"profile_first_name\" placeholder=\"\"  value=\"\" aria-required=\"true\" \/><\/span><\/p><p class=\"form-row validate-required\" id=\"profile_last_name_field\" data-priority=\"\"><label for=\"profile_last_name\" class=\"required_field\">Last name&nbsp;<span class=\"required\" aria-hidden=\"true\">*<\/span><\/label><span class=\"woocommerce-input-wrapper\"><input type=\"text\" class=\"input-text \" name=\"last_name\" id=\"profile_last_name\" placeholder=\"\"  value=\"\" aria-required=\"true\" \/><\/span><\/p><p class=\"form-row validate-required\" id=\"profile_email_field\" data-priority=\"\"><label for=\"profile_email\" class=\"required_field\">Email address&nbsp;<span class=\"required\" aria-hidden=\"true\">*<\/span><\/label><span class=\"woocommerce-input-wrapper\"><input type=\"email\" class=\"input-text \" name=\"email\" id=\"profile_email\" placeholder=\"\"  value=\"\" data-validation=\"email\" aria-required=\"true\" \/><\/span><\/p>\t\t\t<p class=\"form-row\">\n\t\t\t\t<span class=\"woocommerce-privacy-policy-text\">\n\t\t\t\t\tWir verwenden deine personenbezogenen Daten, um eine m\u00f6glichst gute Benutzererfahrung auf dieser Website zu erm\u00f6glichen, den Zugriff auf dein Konto zu verwalten und f\u00fcr weitere Zwecke, die in unserer <a href=\"https:\/\/get-started.online\/de\/datenschutz\/\" class=\"woocommerce-privacy-policy-link\" target=\"_blank\">privacy policy<\/a> beschrieben sind.\t\t\t\t<\/span>\n\t\t\t<\/p>\n\t\t\t<p class=\"form-row terms-label validate-required\" id=\"profile_terms_field\" data-priority=\"\"><span class=\"woocommerce-input-wrapper\"><label class=\"checkbox terms-label\" ><input type=\"checkbox\" name=\"terms\" id=\"profile_terms\" value=\"1\" class=\"input-checkbox \"  aria-required=\"true\" \/> Ich habe die <a href=\"https:\/\/get-started.online\/en\/gtc\/\" class=\"woocommerce-terms-and-conditions-link\" target=\"_blank\">terms and conditions<\/a> gelesen und stimme ihnen zu.&nbsp;<span class=\"required\" aria-hidden=\"true\">*<\/span><\/label><\/span><\/p>\t\t\t\t\t\t<wc-order-attribution-inputs><\/wc-order-attribution-inputs>\n\t\t\t\t\t\t<p class=\"form-row\">\n\t\t\t\t\t\t\t<input type=\"hidden\" id=\"woocommerce-register-nonce\" name=\"woocommerce-register-nonce\" value=\"6c59db40ad\" \/><input type=\"hidden\" name=\"_wp_http_referer\" value=\"\/en\/wp-json\/wp\/v2\/pages\/4089\" \/>\t\t\t\t\t\t\t<input type=\"hidden\" id=\"register_affiliate\" name=\"register_affiliate\" value=\"f4452099ca\" \/>\n\t\t\t\t\t\t\t<input type=\"submit\" class=\"button\" name=\"register\" value=\"Register\"\/>\n\t\t\t\t\t\t<\/p>\n\n\t\t\t\t\t\t\n\t\t\t\t\t<\/form>\n\t\t\t\t<\/div>\n\n\t\t\t\n\t\t\t\t\t\t\t<\/div>\n\t\t\t\n\t\t<\/div>\n\n\t<\/div>\n<br \/>\n<!-- \/divi:shortcode -->[\/et_pb_text][\/et_pb_column][\/et_pb_row][et_pb_row _builder_version=&#8221;4.21.0&#8243; _module_preset=&#8221;default&#8221; global_colors_info=&#8221;{}&#8221;][et_pb_column type=&#8221;4_4&#8243; _builder_version=&#8221;4.21.0&#8243; _module_preset=&#8221;default&#8221; global_colors_info=&#8221;{}&#8221;][et_pb_text _builder_version=&#8221;4.21.0&#8243; _module_preset=&#8221;default&#8221; global_colors_info=&#8221;{}&#8221;]<\/p>\n<h2>FAQ &#8211; Questions and answers about get-started.online affiliate program<\/h2>\n<p>[\/et_pb_text][et_pb_accordion open_toggle_text_color=&#8221;#007081&#8243; closed_toggle_background_color=&#8221;#FFFFFF&#8221; icon_color=&#8221;#007081&#8243; use_icon_font_size=&#8221;on&#8221; icon_font_size=&#8221;20px&#8221; _builder_version=&#8221;4.23&#8243; _module_preset=&#8221;default&#8221; toggle_text_color=&#8221;#007081&#8243; toggle_level=&#8221;h3&#8243; toggle_font_size=&#8221;20px&#8221; body_line_height=&#8221;1.6em&#8221; custom_css_toggle=&#8221;padding-left:0;||margin-bottom:0;&#8221; custom_css_open_toggle=&#8221;padding-left:0;&#8221; rank_math_faq_schema=&#8221;on&#8221; border_width_all=&#8221;0px&#8221; border_width_top=&#8221;1px&#8221; global_colors_info=&#8221;{}&#8221;][et_pb_accordion_item title=&#8221;How does the get-started.online affiliate program work?&#8221; open=&#8221;on&#8221; _builder_version=&#8221;4.21.0&#8243; _module_preset=&#8221;default&#8221; global_colors_info=&#8221;{}&#8221;]The get-started.online affiliate program is an affiliate program and an online marketing measure of a website operator. The content of the program is the cooperation between get-started.online (merchant) and a partner (affiliate). The partner integrates an advertising medium on his website that leads to the website of get-started.online or integrates the offer of get-started.online into his website with the aim of bringing potential customers to get-started.online. In return, the partner receives a commission.[\/et_pb_accordion_item][et_pb_accordion_item title=&#8221;How do I participate in the get-started.online affiliate program?&#8221; _builder_version=&#8221;4.23&#8243; _module_preset=&#8221;default&#8221; global_colors_info=&#8221;{}&#8221; open=&#8221;off&#8221;]<\/p>\n<p>You only need to have read and understood the terms and conditions. After that, all you need to do is fill out our registration form and accept the terms and conditions (see terms and conditions). After that we will check your registration and inform you about the participation.<\/p>\n<p>[\/et_pb_accordion_item][et_pb_accordion_item title=&#8221;Is the get-started.online affiliate program free of charge?&#8221; _builder_version=&#8221;4.21.0&#8243; _module_preset=&#8221;default&#8221; global_colors_info=&#8221;{}&#8221; open=&#8221;off&#8221;]Yes, there is no cost to you. We do not charge any participation fees nor do you incur any other costs by participating. We only deduct costs for the transfer of the commission from the commission to be paid out.[\/et_pb_accordion_item][et_pb_accordion_item title=&#8221;What are the eligibility requirements for the get-started.online affiliate program?&#8221; _builder_version=&#8221;4.21.0&#8243; _module_preset=&#8221;default&#8221; global_colors_info=&#8221;{}&#8221; open=&#8221;off&#8221;]In order to participate in the get-started.online affiliate program, you must be of legal age, i.e. 18 years old, and have full legal capacity. Furthermore, you must have a bank account in Germany. This bank account must be set up to participate in the electronic payment process. The crediting of the remuneration takes place exclusively in this way.[\/et_pb_accordion_item][et_pb_accordion_item title=&#8221;Which websites can participate in the get-started affiliate program?&#8221; _builder_version=&#8221;4.21.0&#8243; _module_preset=&#8221;default&#8221; global_colors_info=&#8221;{}&#8221; open=&#8221;off&#8221;]As a rule, anyone who owns their own website can participate in our affiliate program. The better your website matches our products and services, the greater the success you will achieve with our partnership. However, we are not obliged to accept your registration. We reserve the right to refuse participation after a thorough review of your application if content on your website does not represent a suitable environment for get-started.online.[\/et_pb_accordion_item][et_pb_accordion_item title=&#8221;Can I participate in the get-started.online affiliate program without a website?&#8221; _builder_version=&#8221;4.21.0&#8243; _module_preset=&#8221;default&#8221; global_colors_info=&#8221;{}&#8221; open=&#8221;off&#8221;]Yes, if you are a sender of a newsletter in which you want to integrate our banners. Otherwise, having your own website is the basic requirement for participating in our affiliate program. We need it to verify your registration, as it is the only clue for us to assess your presence on the Internet. Moreover, you need it, because it is the only way besides a newsletter to publish our advertising material on the Internet in order to earn money with it.[\/et_pb_accordion_item][et_pb_accordion_item title=&#8221;Can I also participate in the get-started.online affiliate program with an international website?&#8221; _builder_version=&#8221;4.21.0&#8243; _module_preset=&#8221;default&#8221; global_colors_info=&#8221;{}&#8221; open=&#8221;off&#8221;]Yes, because get-started.online offers its products and services worldwide. However, when the commission is paid out to foreign bank accounts, fees may be incurred, which we then deduct from the commission.[\/et_pb_accordion_item][et_pb_accordion_item title=&#8221;Can the partnership be terminated at any time? How can I terminate the partnership?&#8221; _builder_version=&#8221;4.21.0&#8243; _module_preset=&#8221;default&#8221; global_colors_info=&#8221;{}&#8221; open=&#8221;off&#8221;]Yes, the partnership between you and get-started.online can be terminated at any time without giving reasons. To do this, please contact us and we will take the necessary steps to cancel.[\/et_pb_accordion_item][et_pb_accordion_item title=&#8221;Where can I view my reports?&#8221; _builder_version=&#8221;4.23&#8243; _module_preset=&#8221;default&#8221; global_colors_info=&#8221;{}&#8221; open=&#8221;off&#8221;]<\/p>\n<p>After a successful registration (activation by get-started.online) you will receive a registration confirmation with access data to your personal login area. You can then log in to the affiliate program dashboard with your previously entered credentials. After you have logged in, you can view your reports, banners and master data and generate links.<\/p>\n<p>[\/et_pb_accordion_item][et_pb_accordion_item title=&#8221;How do I know which links are doing particularly well?&#8221; _builder_version=&#8221;4.21.0&#8243; _module_preset=&#8221;default&#8221; global_colors_info=&#8221;{}&#8221; open=&#8221;off&#8221;]In your personal dashboard you have the possibility to analyze and track your advertising success via various reports and statistics.[\/et_pb_accordion_item][et_pb_accordion_item title=&#8221;What reports will be provided to me?&#8221; _builder_version=&#8221;4.21.0&#8243; _module_preset=&#8221;default&#8221; global_colors_info=&#8221;{}&#8221; open=&#8221;off&#8221;]We will provide you with all the reports you need for a detailed analysis and a successful control of your website.[\/et_pb_accordion_item][et_pb_accordion_item title=&#8221;How is my compensation calculated?&#8221; _builder_version=&#8221;4.21.0&#8243; _module_preset=&#8221;default&#8221; global_colors_info=&#8221;{}&#8221; open=&#8221;off&#8221;]The commission is 20% of the net cart value. [\/et_pb_accordion_item][et_pb_accordion_item title=&#8221;How and when do I get paid my remuneration?&#8221; _builder_version=&#8221;4.21.0&#8243; _module_preset=&#8221;default&#8221; global_colors_info=&#8221;{}&#8221; open=&#8221;off&#8221;]You will be paid when you reach at least 100 Euros to the PayPal email or bank account you specified. Any bank charges will be deducted from the withdrawal amount.[\/et_pb_accordion_item][\/et_pb_accordion][\/et_pb_column][\/et_pb_row][et_pb_row column_structure=&#8221;1_2,1_2&#8243; _builder_version=&#8221;4.21.0&#8243; _module_preset=&#8221;default&#8221; global_colors_info=&#8221;{}&#8221;][et_pb_column type=&#8221;1_2&#8243; _builder_version=&#8221;4.21.0&#8243; _module_preset=&#8221;default&#8221; global_colors_info=&#8221;{}&#8221;][et_pb_button button_text=&#8221;Download advertising texts&#8221; _builder_version=&#8221;4.21.0&#8243; _module_preset=&#8221;default&#8221; custom_button=&#8221;on&#8221; global_colors_info=&#8221;{}&#8221;][\/et_pb_button][\/et_pb_column][et_pb_column type=&#8221;1_2&#8243; _builder_version=&#8221;4.21.0&#8243; _module_preset=&#8221;default&#8221; global_colors_info=&#8221;{}&#8221;][et_pb_button button_text=&#8221;Download advertising banner&#8221; _builder_version=&#8221;4.21.0&#8243; _module_preset=&#8221;default&#8221; custom_button=&#8221;on&#8221; global_colors_info=&#8221;{}&#8221;][\/et_pb_button][\/et_pb_column][\/et_pb_row][\/et_pb_section]<\/p>\n","protected":false},"excerpt":{"rendered":"<p>Affiliate programEarn with every referral and enable your customers and website visitors to benefit from the leading online marketing software. It&#8217;s worth taking part. Sign up as an affiliate today to earn 20% commission on every sale you refer to us. We provide you with a link generator and a set of ready-made advertising texts [&hellip;]<\/p>\n","protected":false},"author":1,"featured_media":0,"parent":0,"menu_order":0,"comment_status":"closed","ping_status":"closed","template":"","meta":{"_et_pb_use_builder":"on","_et_pb_old_content":"","_et_gb_content_width":"","footnotes":""},"class_list":["post-4089","page","type-page","status-publish","hentry"],"_links":{"self":[{"href":"https:\/\/get-started.online\/en\/wp-json\/wp\/v2\/pages\/4089","targetHints":{"allow":["GET"]}}],"collection":[{"href":"https:\/\/get-started.online\/en\/wp-json\/wp\/v2\/pages"}],"about":[{"href":"https:\/\/get-started.online\/en\/wp-json\/wp\/v2\/types\/page"}],"author":[{"embeddable":true,"href":"https:\/\/get-started.online\/en\/wp-json\/wp\/v2\/users\/1"}],"replies":[{"embeddable":true,"href":"https:\/\/get-started.online\/en\/wp-json\/wp\/v2\/comments?post=4089"}],"version-history":[{"count":0,"href":"https:\/\/get-started.online\/en\/wp-json\/wp\/v2\/pages\/4089\/revisions"}],"wp:attachment":[{"href":"https:\/\/get-started.online\/en\/wp-json\/wp\/v2\/media?parent=4089"}],"curies":[{"name":"wp","href":"https:\/\/api.w.org\/{rel}","templated":true}]}}